{"id":55565,"date":"2022-10-05T10:31:58","date_gmt":"2022-10-05T09:31:58","guid":{"rendered":"https:\/\/kfoundation.org\/l\/?page_id=55565"},"modified":"2023-06-07T16:55:54","modified_gmt":"2023-06-07T15:55:54","slug":"de-krishnamurti","status":"publish","type":"page","link":"https:\/\/kfoundation.org\/l\/de-krishnamurti\/","title":{"rendered":"Krishnamurtis zeitlose Lehren \u2022 Krishnamurti Foundation"},"content":{"rendered":"<p>[et_pb_section fb_built=&#8221;1&#8243; _builder_version=&#8221;4.17.6&#8243; _module_preset=&#8221;default&#8221; custom_margin=&#8221;0px||40px||false|false&#8221; custom_padding=&#8221;0px||0px||false|false&#8221; global_colors_info=&#8221;{}&#8221;][et_pb_row column_structure=&#8221;1_2,1_2&#8243; _builder_version=&#8221;4.17.6&#8243; _module_preset=&#8221;default&#8221; background_size=&#8221;initial&#8221; background_position=&#8221;top_left&#8221; background_repeat=&#8221;repeat&#8221; width_tablet=&#8221;&#8221; width_phone=&#8221;100%&#8221; width_last_edited=&#8221;on|phone&#8221; custom_margin=&#8221;25px||||false|false&#8221; custom_margin_tablet=&#8221;&#8221; custom_margin_phone=&#8221;0px||0px||false|false&#8221; custom_margin_last_edited=&#8221;on|phone&#8221; custom_padding=&#8221;0px||0px||false|false&#8221; global_colors_info=&#8221;{}&#8221;][et_pb_column type=&#8221;1_2&#8243; _builder_version=&#8221;4.16&#8243; _module_preset=&#8221;default&#8221; custom_padding=&#8221;|||&#8221; global_colors_info=&#8221;{}&#8221; custom_padding__hover=&#8221;|||&#8221;][et_pb_image src=&#8221;https:\/\/kfoundation.org\/l\/wp-content\/uploads\/2022\/07\/black-and-white-photograph-of-j-krishnamurti.jpg&#8221; title_text=&#8221;black-and-white-photograph-of-j-krishnamurti&#8221; url=&#8221;https:\/\/kfoundation.org\/l\/introduction-to-krishnamurti&#8221; _builder_version=&#8221;4.18.0&#8243; _module_preset=&#8221;default&#8221; global_colors_info=&#8221;{}&#8221;][\/et_pb_image][et_pb_text quote_border_weight=&#8221;1px&#8221; quote_border_color=&#8221;#000000&#8243; _builder_version=&#8221;4.21.0&#8243; _module_preset=&#8221;default&#8221; text_text_color=&#8221;#000000&#8243; link_font=&#8221;||||on||||&#8221; quote_font=&#8221;tiemposregital||||||||&#8221; quote_text_color=&#8221;#000000&#8243; quote_font_size=&#8221;18px&#8221; quote_line_height=&#8221;1.3em&#8221; header_font=&#8221;tiemposfinesemibold||||||||&#8221; header_2_font=&#8221;tiemposfinesemibold|||||||#000000|&#8221; header_2_font_size=&#8221;36px&#8221; header_3_font=&#8221;tiemposfinesemibold|||||||#000000|&#8221; header_3_font_size=&#8221;36px&#8221; background_size=&#8221;initial&#8221; background_position=&#8221;top_left&#8221; background_repeat=&#8221;repeat&#8221; custom_margin=&#8221;||20px||false|false&#8221; custom_margin_tablet=&#8221;&#8221; custom_margin_phone=&#8221;||20px||false|false&#8221; custom_margin_last_edited=&#8221;on|phone&#8221; custom_padding_tablet=&#8221;&#8221; custom_padding_phone=&#8221;|25px||25px|false|false&#8221; custom_padding_last_edited=&#8221;on|phone&#8221; hover_enabled=&#8221;0&#8243; global_colors_info=&#8221;{}&#8221; sticky_enabled=&#8221;0&#8243;]<\/p>\n<h2>Einf\u00fchrung in Krishnamurti<\/h2>\n<p>J. Krishnamurti gilt als einer der gr\u00f6\u00dften Philosophen und Lehrer aller Zeiten. Sein Werk beeinflusste bedeutende Pers\u00f6nlichkeiten wie George Bernard Shaw, David Bohm, Alan Watts, Henry Miller, Bruce Lee, Jackson Pollock und Aldous Huxley. Dennoch bleibt Krishnamurti ein R\u00e4tsel; mit einer f\u00fcr unsere Zeit ungewohnten Bescheidenheit bestand er darauf, dass er als Person v\u00f6llig unbedeutend sei. F\u00fcr alle, die mehr \u00fcber Krishnamurti und seine Lehren erfahren m\u00f6chten, verweisen wir hier auf einen Artikel, der auch eine <a href=\"https:\/\/kfoundation.org\/l\/de-krishnamurti-biography\">Biographie<\/a> enth\u00e4lt.[\/et_pb_text][et_pb_button button_url=&#8221;https:\/\/kfoundation.org\/l\/de-introduction-to-krishnamurti&#8221; button_text=&#8221;EINLEITUNG&#8221; button_alignment=&#8221;left&#8221; button_alignment_tablet=&#8221;left&#8221; button_alignment_phone=&#8221;left&#8221; button_alignment_last_edited=&#8221;on|phone&#8221; _builder_version=&#8221;4.21.0&#8243; _module_preset=&#8221;default&#8221; custom_button=&#8221;on&#8221; button_text_size=&#8221;19px&#8221; button_text_color=&#8221;#000000&#8243; button_bg_color=&#8221;RGBA(255,255,255,0)&#8221; button_border_width=&#8221;0px&#8221; button_border_color=&#8221;RGBA(255,255,255,0)&#8221; button_border_radius=&#8221;0px&#8221; button_letter_spacing=&#8221;0px&#8221; button_font=&#8221;helveticaneueconbold|||on|on||||solid&#8221; button_icon=&#8221;&#x24;||divi||400&#8243; custom_margin=&#8221;0px|0px|0px|0px|false|false&#8221; custom_padding=&#8221;0px|0px|0px|0px|false|false&#8221; custom_padding_tablet=&#8221;0px|0px|0px|0px|false|false&#8221; custom_padding_phone=&#8221;|||25px|false|false&#8221; custom_padding_last_edited=&#8221;on|desktop&#8221; hover_enabled=&#8221;0&#8243; global_colors_info=&#8221;{}&#8221; sticky_enabled=&#8221;0&#8243;][\/et_pb_button][\/et_pb_column][et_pb_column type=&#8221;1_2&#8243; _builder_version=&#8221;4.16&#8243; _module_preset=&#8221;default&#8221; custom_padding=&#8221;|||&#8221; global_colors_info=&#8221;{}&#8221; custom_padding__hover=&#8221;|||&#8221;][et_pb_image src=&#8221;https:\/\/kfoundation.org\/l\/wp-content\/uploads\/2022\/07\/black-and-white-photo-of-j-krishnamurti-looking-up-towards-the-camera-with-white-background.jpg&#8221; title_text=&#8221;black-and-white-photo-of-j-krishnamurti-looking-up-towards-the-camera-with-white-background&#8221; url=&#8221;https:\/\/kfoundation.org\/l\/teachings&#8221; _builder_version=&#8221;4.18.0&#8243; _module_preset=&#8221;default&#8221; global_colors_info=&#8221;{}&#8221;][\/et_pb_image][et_pb_text quote_border_weight=&#8221;1px&#8221; quote_border_color=&#8221;#000000&#8243; _builder_version=&#8221;4.21.0&#8243; _module_preset=&#8221;default&#8221; text_text_color=&#8221;#000000&#8243; link_font=&#8221;||||on|||#000000|&#8221; quote_font=&#8221;tiemposregital||||||||&#8221; quote_font_size=&#8221;18px&#8221; quote_line_height=&#8221;1.3em&#8221; header_font=&#8221;tiemposfinesemibold||||||||&#8221; header_2_font=&#8221;tiemposfinesemibold|||||||#000000|&#8221; header_2_font_size=&#8221;36px&#8221; header_3_font=&#8221;tiemposfinesemibold|||||||#000000|&#8221; header_3_font_size=&#8221;36px&#8221; background_size=&#8221;initial&#8221; background_position=&#8221;top_left&#8221; background_repeat=&#8221;repeat&#8221; custom_margin=&#8221;||20px||false|false&#8221; custom_margin_tablet=&#8221;&#8221; custom_margin_phone=&#8221;||20px||false|false&#8221; custom_margin_last_edited=&#8221;on|phone&#8221; custom_padding=&#8221;|0px||0px|false|false&#8221; custom_padding_tablet=&#8221;|0px||0px|false|false&#8221; custom_padding_phone=&#8221;|25px||25px|false|false&#8221; custom_padding_last_edited=&#8221;on|phone&#8221; hover_enabled=&#8221;0&#8243; inline_fonts=&#8221;neuehaasunicapro-it,helveticaneueconbold&#8221; global_colors_info=&#8221;{}&#8221; sticky_enabled=&#8221;0&#8243;]<\/p>\n<h2>Krishnamurtis Lehren<\/h2>\n<p>Krishnamurtis Werk ist umfangreich: Neben seinen Schriften hielt er sieben Jahrzehnte lang \u00f6ffentliche Vortr\u00e4ge und diskutierte einzeln und in Gruppen mit Wissenschaftlern, P\u00e4dagogen, Gelehrten, Therapeuten und Studenten, von denen die meisten in Text-, Audio- oder Videoform aufgezeichnet wurden. Wir kuratieren Material, um Krishnamurtis Lehren zug\u00e4nglich zu machen, und zwar in Form von Artikeln, ausgew\u00e4hlten <span style=\"font-family: helveticaneueconbold;\"><a href=\"https:\/\/kfoundation.org\/l\/de-krishnamurti-books\">B\u00dcCHERN<\/a><\/span>, Schl\u00fcsselthemen, einem umfassenden Index, <a href=\"https:\/\/kfoundation.org\/l\/de-quotes\"><span style=\"font-family: helveticaneueconbold; font-weight: normal;\">ZITATEN<\/span><\/a> sowie Hunderten von <span style=\"font-family: helveticaneueconbold; font-weight: normal;\"><a href=\"https:\/\/kfoundation.org\/l\/de-video\">VIDEO- und AUDIOAUFNAHMEN<\/a><\/span> in voller L\u00e4nge oder in Ausz\u00fcgen und unserem <a href=\"https:\/\/krishnamurti.podbean.com\"><span style=\"font-family: helveticaneueconbold; font-weight: normal;\">PODCAST URGENCY of CHANGE<\/span><\/a>.<\/p>\n<p>[\/et_pb_text][\/et_pb_column][\/et_pb_row][\/et_pb_section]<\/p>\n","protected":false},"excerpt":{"rendered":"<p>Einf\u00fchrung in Krishnamurti J. Krishnamurti gilt als einer der gr\u00f6\u00dften Philosophen und Lehrer aller Zeiten. Sein Werk beeinflusste bedeutende Pers\u00f6nlichkeiten wie George Bernard Shaw, David Bohm, Alan Watts, Henry Miller, Bruce Lee, Jackson Pollock und Aldous Huxley. Dennoch bleibt Krishnamurti ein R\u00e4tsel; mit einer f\u00fcr unsere Zeit ungewohnten Bescheidenheit bestand er darauf, dass er als [&hellip;]<\/p>\n","protected":false},"author":1,"featured_media":0,"parent":0,"menu_order":0,"comment_status":"closed","ping_status":"closed","template":"","meta":{"give_campaign_id":0,"_et_pb_use_builder":"on","_et_pb_old_content":"","_et_gb_content_width":"","footnotes":""},"class_list":["post-55565","page","type-page","status-publish","hentry"],"yoast_head":"<!-- This site is optimized with the Yoast SEO plugin v27.3 - https:\/\/yoast.com\/product\/yoast-seo-wordpress\/ -->\n<title>Krishnamurtis zeitlose Lehren \u2013 Krishnamurti Foundation<\/title>\n<meta name=\"description\" content=\"Entdecken Sie das Werk eines der gr\u00f6\u00dften Denker und religi\u00f6sen Lehrer aller Zeiten. Original-B\u00fccher, Videos, Audios, Fotos, Artikel und mehr.\" \/>\n<meta name=\"robots\" content=\"index, follow, max-snippet:-1, max-image-preview:large, max-video-preview:-1\" \/>\n<link rel=\"canonical\" href=\"https:\/\/kfoundation.org\/l\/de-krishnamurti\/\" \/>\n<meta property=\"og:locale\" content=\"en_GB\" \/>\n<meta property=\"og:type\" content=\"article\" \/>\n<meta property=\"og:title\" content=\"Krishnamurtis zeitlose Lehren \u2013 Krishnamurti Foundation\" \/>\n<meta property=\"og:description\" content=\"Entdecken Sie das Werk eines der gr\u00f6\u00dften Denker und religi\u00f6sen Lehrer aller Zeiten. Original-B\u00fccher, Videos, Audios, Fotos, Artikel und mehr.\" \/>\n<meta property=\"og:url\" content=\"https:\/\/kfoundation.org\/l\/de-krishnamurti\/\" \/>\n<meta property=\"og:site_name\" content=\"Krishnamurti Foundation Trust\" \/>\n<meta property=\"article:publisher\" content=\"https:\/\/www.facebook.com\/KrishnamurtiFoundationTrust\" \/>\n<meta property=\"article:modified_time\" content=\"2023-06-07T15:55:54+00:00\" \/>\n<meta name=\"twitter:card\" content=\"summary_large_image\" \/>\n<meta name=\"twitter:site\" content=\"@K__Quotes\" \/>\n<meta name=\"twitter:label1\" content=\"Estimated reading time\" \/>\n\t<meta name=\"twitter:data1\" content=\"2 minutes\" \/>\n<script type=\"application\/ld+json\" class=\"yoast-schema-graph\">{\"@context\":\"https:\\\/\\\/schema.org\",\"@graph\":[{\"@type\":\"WebPage\",\"@id\":\"https:\\\/\\\/kfoundation.org\\\/l\\\/de-krishnamurti\\\/\",\"url\":\"https:\\\/\\\/kfoundation.org\\\/l\\\/de-krishnamurti\\\/\",\"name\":\"Krishnamurtis zeitlose Lehren \u2013 Krishnamurti Foundation\",\"isPartOf\":{\"@id\":\"https:\\\/\\\/kfoundation.org\\\/l\\\/#website\"},\"datePublished\":\"2022-10-05T09:31:58+00:00\",\"dateModified\":\"2023-06-07T15:55:54+00:00\",\"description\":\"Entdecken Sie das Werk eines der gr\u00f6\u00dften Denker und religi\u00f6sen Lehrer aller Zeiten. Original-B\u00fccher, Videos, Audios, Fotos, Artikel und mehr.\",\"breadcrumb\":{\"@id\":\"https:\\\/\\\/kfoundation.org\\\/l\\\/de-krishnamurti\\\/#breadcrumb\"},\"inLanguage\":\"en-GB\",\"potentialAction\":[{\"@type\":\"ReadAction\",\"target\":[\"https:\\\/\\\/kfoundation.org\\\/l\\\/de-krishnamurti\\\/\"]}]},{\"@type\":\"BreadcrumbList\",\"@id\":\"https:\\\/\\\/kfoundation.org\\\/l\\\/de-krishnamurti\\\/#breadcrumb\",\"itemListElement\":[{\"@type\":\"ListItem\",\"position\":1,\"name\":\"Home\",\"item\":\"https:\\\/\\\/kfoundation.org\\\/l\\\/\"},{\"@type\":\"ListItem\",\"position\":2,\"name\":\"Krishnamurtis zeitlose Lehren \u2022 Krishnamurti Foundation\"}]},{\"@type\":\"WebSite\",\"@id\":\"https:\\\/\\\/kfoundation.org\\\/l\\\/#website\",\"url\":\"https:\\\/\\\/kfoundation.org\\\/l\\\/\",\"name\":\"Krishnamurti Foundation Trust\",\"description\":\"Preserving and Making Available Krishnamurti&#039;s Teaching\",\"publisher\":{\"@id\":\"https:\\\/\\\/kfoundation.org\\\/l\\\/#organization\"},\"potentialAction\":[{\"@type\":\"SearchAction\",\"target\":{\"@type\":\"EntryPoint\",\"urlTemplate\":\"https:\\\/\\\/kfoundation.org\\\/l\\\/?s={search_term_string}\"},\"query-input\":{\"@type\":\"PropertyValueSpecification\",\"valueRequired\":true,\"valueName\":\"search_term_string\"}}],\"inLanguage\":\"en-GB\"},{\"@type\":\"Organization\",\"@id\":\"https:\\\/\\\/kfoundation.org\\\/l\\\/#organization\",\"name\":\"Krishnamurti Foundation Trust\",\"url\":\"https:\\\/\\\/kfoundation.org\\\/l\\\/\",\"logo\":{\"@type\":\"ImageObject\",\"inLanguage\":\"en-GB\",\"@id\":\"https:\\\/\\\/kfoundation.org\\\/l\\\/#\\\/schema\\\/logo\\\/image\\\/\",\"url\":\"https:\\\/\\\/kfoundation.org\\\/l\\\/wp-content\\\/uploads\\\/2022\\\/06\\\/KFT_Logo-1.jpg\",\"contentUrl\":\"https:\\\/\\\/kfoundation.org\\\/l\\\/wp-content\\\/uploads\\\/2022\\\/06\\\/KFT_Logo-1.jpg\",\"width\":1127,\"height\":212,\"caption\":\"Krishnamurti Foundation Trust\"},\"image\":{\"@id\":\"https:\\\/\\\/kfoundation.org\\\/l\\\/#\\\/schema\\\/logo\\\/image\\\/\"},\"sameAs\":[\"https:\\\/\\\/www.facebook.com\\\/KrishnamurtiFoundationTrust\",\"https:\\\/\\\/x.com\\\/K__Quotes\",\"https:\\\/\\\/www.instagram.com\\\/krishnamurtifoundationtrust\\\/\",\"https:\\\/\\\/www.linkedin.com\\\/company\\\/krishnamurtifoundationtrust\\\/\",\"https:\\\/\\\/www.youtube.com\\\/krishnamurtifoundationtrust\"]}]}<\/script>\n<!-- \/ Yoast SEO plugin. -->","yoast_head_json":{"title":"Krishnamurtis zeitlose Lehren \u2013 Krishnamurti Foundation","description":"Entdecken Sie das Werk eines der gr\u00f6\u00dften Denker und religi\u00f6sen Lehrer aller Zeiten. Original-B\u00fccher, Videos, Audios, Fotos, Artikel und mehr.","robots":{"index":"index","follow":"follow","max-snippet":"max-snippet:-1","max-image-preview":"max-image-preview:large","max-video-preview":"max-video-preview:-1"},"canonical":"https:\/\/kfoundation.org\/l\/de-krishnamurti\/","og_locale":"en_GB","og_type":"article","og_title":"Krishnamurtis zeitlose Lehren \u2013 Krishnamurti Foundation","og_description":"Entdecken Sie das Werk eines der gr\u00f6\u00dften Denker und religi\u00f6sen Lehrer aller Zeiten. Original-B\u00fccher, Videos, Audios, Fotos, Artikel und mehr.","og_url":"https:\/\/kfoundation.org\/l\/de-krishnamurti\/","og_site_name":"Krishnamurti Foundation Trust","article_publisher":"https:\/\/www.facebook.com\/KrishnamurtiFoundationTrust","article_modified_time":"2023-06-07T15:55:54+00:00","twitter_card":"summary_large_image","twitter_site":"@K__Quotes","twitter_misc":{"Estimated reading time":"2 minutes"},"schema":{"@context":"https:\/\/schema.org","@graph":[{"@type":"WebPage","@id":"https:\/\/kfoundation.org\/l\/de-krishnamurti\/","url":"https:\/\/kfoundation.org\/l\/de-krishnamurti\/","name":"Krishnamurtis zeitlose Lehren \u2013 Krishnamurti Foundation","isPartOf":{"@id":"https:\/\/kfoundation.org\/l\/#website"},"datePublished":"2022-10-05T09:31:58+00:00","dateModified":"2023-06-07T15:55:54+00:00","description":"Entdecken Sie das Werk eines der gr\u00f6\u00dften Denker und religi\u00f6sen Lehrer aller Zeiten. Original-B\u00fccher, Videos, Audios, Fotos, Artikel und mehr.","breadcrumb":{"@id":"https:\/\/kfoundation.org\/l\/de-krishnamurti\/#breadcrumb"},"inLanguage":"en-GB","potentialAction":[{"@type":"ReadAction","target":["https:\/\/kfoundation.org\/l\/de-krishnamurti\/"]}]},{"@type":"BreadcrumbList","@id":"https:\/\/kfoundation.org\/l\/de-krishnamurti\/#breadcrumb","itemListElement":[{"@type":"ListItem","position":1,"name":"Home","item":"https:\/\/kfoundation.org\/l\/"},{"@type":"ListItem","position":2,"name":"Krishnamurtis zeitlose Lehren \u2022 Krishnamurti Foundation"}]},{"@type":"WebSite","@id":"https:\/\/kfoundation.org\/l\/#website","url":"https:\/\/kfoundation.org\/l\/","name":"Krishnamurti Foundation Trust","description":"Preserving and Making Available Krishnamurti&#039;s Teaching","publisher":{"@id":"https:\/\/kfoundation.org\/l\/#organization"},"potentialAction":[{"@type":"SearchAction","target":{"@type":"EntryPoint","urlTemplate":"https:\/\/kfoundation.org\/l\/?s={search_term_string}"},"query-input":{"@type":"PropertyValueSpecification","valueRequired":true,"valueName":"search_term_string"}}],"inLanguage":"en-GB"},{"@type":"Organization","@id":"https:\/\/kfoundation.org\/l\/#organization","name":"Krishnamurti Foundation Trust","url":"https:\/\/kfoundation.org\/l\/","logo":{"@type":"ImageObject","inLanguage":"en-GB","@id":"https:\/\/kfoundation.org\/l\/#\/schema\/logo\/image\/","url":"https:\/\/kfoundation.org\/l\/wp-content\/uploads\/2022\/06\/KFT_Logo-1.jpg","contentUrl":"https:\/\/kfoundation.org\/l\/wp-content\/uploads\/2022\/06\/KFT_Logo-1.jpg","width":1127,"height":212,"caption":"Krishnamurti Foundation Trust"},"image":{"@id":"https:\/\/kfoundation.org\/l\/#\/schema\/logo\/image\/"},"sameAs":["https:\/\/www.facebook.com\/KrishnamurtiFoundationTrust","https:\/\/x.com\/K__Quotes","https:\/\/www.instagram.com\/krishnamurtifoundationtrust\/","https:\/\/www.linkedin.com\/company\/krishnamurtifoundationtrust\/","https:\/\/www.youtube.com\/krishnamurtifoundationtrust"]}]}},"campaignId":"","_links":{"self":[{"href":"https:\/\/kfoundation.org\/l\/wp-json\/wp\/v2\/pages\/55565","targetHints":{"allow":["GET"]}}],"collection":[{"href":"https:\/\/kfoundation.org\/l\/wp-json\/wp\/v2\/pages"}],"about":[{"href":"https:\/\/kfoundation.org\/l\/wp-json\/wp\/v2\/types\/page"}],"author":[{"embeddable":true,"href":"https:\/\/kfoundation.org\/l\/wp-json\/wp\/v2\/users\/1"}],"replies":[{"embeddable":true,"href":"https:\/\/kfoundation.org\/l\/wp-json\/wp\/v2\/comments?post=55565"}],"version-history":[{"count":7,"href":"https:\/\/kfoundation.org\/l\/wp-json\/wp\/v2\/pages\/55565\/revisions"}],"predecessor-version":[{"id":60082,"href":"https:\/\/kfoundation.org\/l\/wp-json\/wp\/v2\/pages\/55565\/revisions\/60082"}],"wp:attachment":[{"href":"https:\/\/kfoundation.org\/l\/wp-json\/wp\/v2\/media?parent=55565"}],"curies":[{"name":"wp","href":"https:\/\/api.w.org\/{rel}","templated":true}]}}