{"id":55816,"date":"2022-10-05T12:16:32","date_gmt":"2022-10-05T11:16:32","guid":{"rendered":"https:\/\/kfoundation.org\/l\/?page_id=55816"},"modified":"2023-01-23T09:52:17","modified_gmt":"2023-01-23T09:52:17","slug":"fr","status":"publish","type":"page","link":"https:\/\/kfoundation.org\/l\/fr\/","title":{"rendered":"Krishnamurti Foundation Trust \u2022 Les enseignements de Krishnamurti"},"content":{"rendered":"<p>[et_pb_section fb_built=&#8221;1&#8243; _builder_version=&#8221;4.17.6&#8243; _module_preset=&#8221;default&#8221; custom_margin=&#8221;0px||0px||false|false&#8221; custom_padding=&#8221;0px||||false|false&#8221; global_colors_info=&#8221;{}&#8221;][et_pb_row column_structure=&#8221;1_2,1_2&#8243; use_custom_gutter=&#8221;on&#8221; gutter_width=&#8221;3&#8243; make_equal=&#8221;on&#8221; custom_padding_last_edited=&#8221;on|phone&#8221; _builder_version=&#8221;4.18.0&#8243; _module_preset=&#8221;default&#8221; background_size=&#8221;initial&#8221; background_position=&#8221;top_left&#8221; background_repeat=&#8221;repeat&#8221; width=&#8221;auto&#8221; width_tablet=&#8221;85%&#8221; width_phone=&#8221;100%&#8221; width_last_edited=&#8221;on|tablet&#8221; custom_margin=&#8221;25px||0px||false|false&#8221; custom_margin_tablet=&#8221;55px||||false|false&#8221; custom_margin_phone=&#8221;0px||0px||false|false&#8221; custom_margin_last_edited=&#8221;on|phone&#8221; custom_padding=&#8221;0px||0px||false|false&#8221; custom_padding_tablet=&#8221;0px||||false|false&#8221; custom_padding_phone=&#8221;||0px||false|false&#8221; custom_css_main_element=&#8221;align-items: center;&#8221; global_colors_info=&#8221;{}&#8221;][et_pb_column type=&#8221;1_2&#8243; _builder_version=&#8221;4.16&#8243; _module_preset=&#8221;default&#8221; custom_padding=&#8221;|||&#8221; global_colors_info=&#8221;{}&#8221; custom_padding__hover=&#8221;|||&#8221;][et_pb_image src=&#8221;https:\/\/kfoundation.org\/l\/wp-content\/uploads\/2022\/08\/Jiddu_Krishnamurti.jpg&#8221; alt=&#8221;Portrait of philosopher and teacher J. Krishnamurti&#8221; title_text=&#8221;J. Krishnamurti&#8221; align=&#8221;center&#8221; _builder_version=&#8221;4.18.0&#8243; _module_preset=&#8221;default&#8221; width_tablet=&#8221;65%&#8221; width_phone=&#8221;100%&#8221; width_last_edited=&#8221;on|tablet&#8221; max_width_tablet=&#8221;&#8221; max_width_phone=&#8221;&#8221; max_width_last_edited=&#8221;on|phone&#8221; module_alignment=&#8221;center&#8221; border_color_all=&#8221;RGBA(255,255,255,0)&#8221; global_colors_info=&#8221;{}&#8221;][\/et_pb_image][\/et_pb_column][et_pb_column type=&#8221;1_2&#8243; _builder_version=&#8221;4.16&#8243; _module_preset=&#8221;default&#8221; custom_padding=&#8221;|||&#8221; global_colors_info=&#8221;{}&#8221; custom_padding__hover=&#8221;|||&#8221;][et_pb_text _builder_version=&#8221;4.18.0&#8243; _module_preset=&#8221;default&#8221; text_font=&#8221;||||||||&#8221; text_text_color=&#8221;#000000&#8243; link_font=&#8221;||||on||||&#8221; header_font=&#8221;tiemposfinesemibold|||||||#000000|solid&#8221; header_2_font=&#8221;||||||||&#8221; header_2_font_size=&#8221;35px&#8221; background_size=&#8221;initial&#8221; background_position=&#8221;top_left&#8221; background_repeat=&#8221;repeat&#8221; width=&#8221;100%&#8221; module_alignment=&#8221;center&#8221; custom_margin=&#8221;||20px||false|false&#8221; custom_margin_tablet=&#8221;||0px||false|false&#8221; custom_margin_phone=&#8221;||0px||false|false&#8221; custom_margin_last_edited=&#8221;on|tablet&#8221; custom_padding=&#8221;||||false|false&#8221; custom_padding_tablet=&#8221;|25px||25px|false|false&#8221; custom_padding_phone=&#8221;||0px||false|false&#8221; custom_padding_last_edited=&#8221;on|phone&#8221; global_colors_info=&#8221;{}&#8221;]<\/p>\n<h1>Krishnamurti Foundation Trust<\/h1>\n<p>\u00a0La fondation existe pour pr\u00e9server et mettre \u00e0 disposition les \u0153uvres de Krishnamurti. Nous sommes une organisation caritative bas\u00e9e au Royaume-Uni mais offrant ses services \u00e0 tous ceux de part le monde qui cherchent \u00e0 comprendre les enseignements de Krishnamurti dans leur propre vie.<\/p>\n<p>\u00a0Nous publions r\u00e9guli\u00e8rement des <a href=\"https:\/\/kfoundation.org\/l\/fr-krishnamurti-books\">livres<\/a>, des articles et des <a href=\"https:\/\/kfoundation.org\/l\/fr-quotes\/\">citations<\/a>, tout en continuant \u00e0 faire en sorte que Krishnamurti reste connu aujourd&#8217;hui et dans le futur ; tout cela gr\u00e2ce \u00e0 nos archives et \u00e0 nos enregistrements <a href=\"https:\/\/kfoundation.org\/l\/fr-video\">vid\u00e9o et audio<\/a>, nos m\u00e9dias sociaux et nos <a href=\"https:\/\/podfollow.com\/1480713299\">podcasts<\/a> que nous rendons gratuitement disponible.<\/p>\n<p>[\/et_pb_text][et_pb_code _builder_version=&#8221;4.17.4&#8243; _module_preset=&#8221;default&#8221; global_colors_info=&#8221;{}&#8221;][\/et_pb_code][\/et_pb_column][\/et_pb_row][et_pb_row disabled_on=&#8221;on|off|off&#8221; _builder_version=&#8221;4.17.6&#8243; _module_preset=&#8221;default&#8221; global_colors_info=&#8221;{}&#8221;][et_pb_column type=&#8221;4_4&#8243; _builder_version=&#8221;4.17.4&#8243; _module_preset=&#8221;default&#8221; global_colors_info=&#8221;{}&#8221;][et_pb_divider divider_position=&#8221;center&#8221; _builder_version=&#8221;4.17.4&#8243; _module_preset=&#8221;default&#8221; custom_margin=&#8221;0px||||false|false&#8221; custom_padding=&#8221;0px||||false|false&#8221; global_colors_info=&#8221;{}&#8221;][\/et_pb_divider][\/et_pb_column][\/et_pb_row][et_pb_row column_structure=&#8221;1_2,1_2&#8243; use_custom_gutter=&#8221;on&#8221; gutter_width=&#8221;3&#8243; _builder_version=&#8221;4.19.4&#8243; _module_preset=&#8221;default&#8221; background_size=&#8221;initial&#8221; background_position=&#8221;top_left&#8221; background_repeat=&#8221;repeat&#8221; width_tablet=&#8221;&#8221; width_phone=&#8221;100%&#8221; width_last_edited=&#8221;on|phone&#8221; custom_margin=&#8221;0px||||false|false&#8221; custom_margin_tablet=&#8221;&#8221; custom_margin_phone=&#8221;||0px||false|false&#8221; custom_margin_last_edited=&#8221;on|phone&#8221; custom_padding=&#8221;0px||0px||false|false&#8221; hover_enabled=&#8221;0&#8243; global_colors_info=&#8221;{}&#8221; sticky_enabled=&#8221;0&#8243;][et_pb_column type=&#8221;1_2&#8243; _builder_version=&#8221;4.16&#8243; _module_preset=&#8221;default&#8221; custom_padding=&#8221;|||&#8221; global_colors_info=&#8221;{}&#8221; custom_padding__hover=&#8221;|||&#8221;][et_pb_divider divider_position=&#8221;center&#8221; disabled_on=&#8221;off|on|on&#8221; _builder_version=&#8221;4.17.6&#8243; _module_preset=&#8221;default&#8221; custom_margin=&#8221;0px||20px||false|false&#8221; custom_margin_tablet=&#8221;20px||||false|false&#8221; custom_margin_phone=&#8221;25px||20px||false|false&#8221; custom_margin_last_edited=&#8221;on|phone&#8221; custom_padding=&#8221;0px|25px|0px|25px|false|false&#8221; global_colors_info=&#8221;{}&#8221;][\/et_pb_divider][et_pb_text quote_border_weight=&#8221;1px&#8221; quote_border_color=&#8221;#000000&#8243; module_class=&#8221;last-quote-follow-paragraph&#8221; _builder_version=&#8221;4.18.0&#8243; _module_preset=&#8221;default&#8221; text_text_color=&#8221;#000000&#8243; link_font=&#8221;||||on||||&#8221; quote_font=&#8221;tiemposregital||||||||&#8221; quote_text_color=&#8221;#000000&#8243; quote_font_size=&#8221;18px&#8221; quote_line_height=&#8221;1.3em&#8221; header_font=&#8221;tiemposfinesemibold||||||||&#8221; header_2_font=&#8221;tiemposfinesemibold|||||||#000000|&#8221; header_2_font_size=&#8221;36px&#8221; header_3_font=&#8221;tiemposfinesemibold|||||||#000000|&#8221; header_3_font_size=&#8221;36px&#8221; background_size=&#8221;initial&#8221; background_position=&#8221;top_left&#8221; background_repeat=&#8221;repeat&#8221; custom_margin=&#8221;||20px||false|false&#8221; custom_margin_tablet=&#8221;&#8221; custom_margin_phone=&#8221;||20px||false|false&#8221; custom_margin_last_edited=&#8221;on|phone&#8221; custom_padding_tablet=&#8221;&#8221; custom_padding_phone=&#8221;|25px||25px|false|false&#8221; custom_padding_last_edited=&#8221;on|phone&#8221; global_colors_info=&#8221;{}&#8221;]<\/p>\n<h2>Krishnamurti<\/h2>\n<p>\u00a0J. Krishnamurti est largement consid\u00e9r\u00e9 comme l&#8217;un des plus grands philosophes et \u00e9ducateur de tous les temps. Pendant sept d\u00e9cennies, il a parl\u00e9 dans le monde entier \u00e0 de vastes auditoires et avec de nombreuses personnalit\u00e9s, notamment des \u00e9crivains, des scientifiques, des philosophes et des \u00e9ducateurs.<\/p>\n<p>\u00a0Krishnamurti s&#8217;int\u00e9ressait \u00e0 toute l&#8217;humanit\u00e9, n&#8217;\u00e9tait attach\u00e9 \u00e0 aucune nationalit\u00e9 ou croyance, et n&#8217;appartenait \u00e0 aucun groupe ou culture. Il a fond\u00e9 des \u00e9coles en Inde, au Royaume-Uni et aux \u00c9tats-Unis qui \u00e9duquent pour une compr\u00e9hension totale de l&#8217;humanit\u00e9 et de l&#8217;art de vivre. Krishnamurti a soulign\u00e9 que ce n&#8217;est qu&#8217;avec cette compr\u00e9hension profonde que nous pouvons vivre en paix : &#8220;Il y a de l&#8217;espoir dans l&#8217;humanit\u00e9, pas dans la soci\u00e9t\u00e9, pas dans les syst\u00e8mes, pas dans les religions organis\u00e9es, mais en vous et en moi&#8221;.<\/p>\n<p>\u00a0Parmi les sujets centraux de ses enseignements figurent la libert\u00e9, l&#8217;amour, la peur, la m\u00e9ditation et l&#8217;intelligence.<\/p>\n<p>[\/et_pb_text][et_pb_button button_url=&#8221;https:\/\/kfoundation.org\/l\/fr-krishnamurti\/&#8221; button_text=&#8221;POUR EN SAVOIR PLUS&#8221; button_alignment=&#8221;left&#8221; button_alignment_tablet=&#8221;left&#8221; button_alignment_phone=&#8221;left&#8221; button_alignment_last_edited=&#8221;on|phone&#8221; _builder_version=&#8221;4.19.4&#8243; _module_preset=&#8221;default&#8221; custom_button=&#8221;on&#8221; button_text_size=&#8221;19px&#8221; button_text_color=&#8221;#000000&#8243; button_bg_color=&#8221;RGBA(255,255,255,0)&#8221; button_border_width=&#8221;0px&#8221; button_border_color=&#8221;RGBA(255,255,255,0)&#8221; button_border_radius=&#8221;0px&#8221; button_letter_spacing=&#8221;0px&#8221; button_font=&#8221;helveticaneueconbold|||on|on||||solid&#8221; button_icon=&#8221;&#x24;||divi||400&#8243; custom_margin=&#8221;0px|0px|0px|0px|false|false&#8221; custom_padding=&#8221;0px|0px|0px|0px|false|false&#8221; custom_padding_tablet=&#8221;0px|0px|0px|0px|false|false&#8221; custom_padding_phone=&#8221;|||25px|false|false&#8221; custom_padding_last_edited=&#8221;on|desktop&#8221; hover_enabled=&#8221;0&#8243; global_colors_info=&#8221;{}&#8221; sticky_enabled=&#8221;0&#8243;][\/et_pb_button][\/et_pb_column][et_pb_column type=&#8221;1_2&#8243; _builder_version=&#8221;4.16&#8243; _module_preset=&#8221;default&#8221; custom_padding=&#8221;|||&#8221; global_colors_info=&#8221;{}&#8221; custom_padding__hover=&#8221;|||&#8221;][et_pb_divider divider_position=&#8221;center&#8221; disabled_on=&#8221;off|off|on&#8221; _builder_version=&#8221;4.17.6&#8243; _module_preset=&#8221;default&#8221; custom_margin_tablet=&#8221;&#8221; custom_margin_phone=&#8221;0px||20px||false|false&#8221; custom_margin_last_edited=&#8221;on|phone&#8221; custom_padding=&#8221;|25px|0px|25px|false|false&#8221; custom_padding_tablet=&#8221;|0px||0px|false|false&#8221; custom_padding_phone=&#8221;|25px||25px|false|false&#8221; custom_padding_last_edited=&#8221;on|tablet&#8221; global_colors_info=&#8221;{}&#8221;][\/et_pb_divider][et_pb_text quote_border_weight=&#8221;1px&#8221; quote_border_color=&#8221;#000000&#8243; _builder_version=&#8221;4.17.6&#8243; _module_preset=&#8221;default&#8221; text_text_color=&#8221;#000000&#8243; link_font=&#8221;||||on||||&#8221; quote_font=&#8221;tiemposregital||||||||&#8221; quote_font_size=&#8221;18px&#8221; quote_line_height=&#8221;1.3em&#8221; header_font=&#8221;tiemposfinesemibold||||||||&#8221; header_2_font=&#8221;tiemposfinesemibold|||||||#000000|&#8221; header_2_font_size=&#8221;36px&#8221; header_3_font=&#8221;tiemposfinesemibold|||||||#000000|&#8221; header_3_font_size=&#8221;36px&#8221; background_size=&#8221;initial&#8221; background_position=&#8221;top_left&#8221; background_repeat=&#8221;repeat&#8221; custom_margin=&#8221;||20px||false|false&#8221; custom_margin_tablet=&#8221;&#8221; custom_margin_phone=&#8221;||20px||false|false&#8221; custom_margin_last_edited=&#8221;on|phone&#8221; custom_padding=&#8221;|0px||0px|false|false&#8221; custom_padding_tablet=&#8221;|0px||0px|false|false&#8221; custom_padding_phone=&#8221;|25px||25px|false|false&#8221; custom_padding_last_edited=&#8221;on|phone&#8221; global_colors_info=&#8221;{}&#8221;]<\/p>\n<h2>Brockwood Park<\/h2>\n<p>\u00a0Brockwood Park, situ\u00e9 dans le Hampshire au Royaume-Uni, \u00e9tait la r\u00e9sidence de Krishnamurti en Europe. Brockwood comprends l&#8217;\u00e9cole de Brockwood Park, le Centre Krishnamurti et la Fondation.<\/p>\n<p>\u00a0<a href=\"https:\/\/kfoundation.org\/l\/fr-brockwood\/#school\">L&#8217;\u00e9cole de Brockwood Park<\/a>, fond\u00e9e par Krishnamurti, est un internat international offrant une \u00e9ducation holistique personnalis\u00e9e \u00e0 environ 70 \u00e9tudiants \u00e2g\u00e9s de 14 \u00e0 19 ans. Elle encourage l&#8217;excellence acad\u00e9mique, la compr\u00e9hension de soi, la cr\u00e9ativit\u00e9 et l&#8217;int\u00e9grit\u00e9.<\/p>\n<p>\u00a0<a href=\"https:\/\/kfoundation.org\/l\/fr-brockwood\/#centre\">Le centre Krishnamurti<\/a> est un centre de retraite et d&#8217;\u00e9tude unique en son genre, situ\u00e9 dans la magnifique campagne du parc national des South Downs. Il propose des retraites individuelles et collectives \u00e0 ceux qui souhaitent explorer les questions fondamentales de leur vie, \u00e0 la lumi\u00e8re des enseignements de Krishnamurti.<\/p>\n<p>[\/et_pb_text][et_pb_button button_url=&#8221;https:\/\/kfoundation.org\/l\/fr-brockwood&#8221; button_text=&#8221;POUR EN SAVOIR PLUS&#8221; button_alignment=&#8221;left&#8221; button_alignment_tablet=&#8221;left&#8221; button_alignment_phone=&#8221;left&#8221; button_alignment_last_edited=&#8221;on|phone&#8221; _builder_version=&#8221;4.19.4&#8243; _module_preset=&#8221;default&#8221; custom_button=&#8221;on&#8221; button_text_size=&#8221;19px&#8221; button_text_color=&#8221;#000000&#8243; button_bg_color=&#8221;RGBA(255,255,255,0)&#8221; button_border_width=&#8221;0px&#8221; button_border_color=&#8221;RGBA(255,255,255,0)&#8221; button_border_radius=&#8221;0px&#8221; button_letter_spacing=&#8221;0px&#8221; button_font=&#8221;helveticaneueconbold|||on|on||||solid&#8221; button_icon=&#8221;&#x24;||divi||400&#8243; custom_margin=&#8221;0px|0px|0px|0px|false|false&#8221; custom_margin_tablet=&#8221;30px|0px|0px|0px|false|false&#8221; custom_margin_phone=&#8221;0px|0px|0px|0px|false|false&#8221; custom_margin_last_edited=&#8221;on|phone&#8221; custom_padding=&#8221;0px|0px|0px|0px|false|false&#8221; custom_padding_tablet=&#8221;0px|0px|0px|0px|false|false&#8221; custom_padding_phone=&#8221;|||25px|false|false&#8221; custom_padding_last_edited=&#8221;on|desktop&#8221; hover_enabled=&#8221;0&#8243; global_colors_info=&#8221;{}&#8221; sticky_enabled=&#8221;0&#8243;][\/et_pb_button][\/et_pb_column][\/et_pb_row][\/et_pb_section]<\/p>\n","protected":false},"excerpt":{"rendered":"<p>Krishnamurti Foundation Trust \u00a0La fondation existe pour pr\u00e9server et mettre \u00e0 disposition les \u0153uvres de Krishnamurti. Nous sommes une organisation caritative bas\u00e9e au Royaume-Uni mais offrant ses services \u00e0 tous ceux de part le monde qui cherchent \u00e0 comprendre les enseignements de Krishnamurti dans leur propre vie. \u00a0Nous publions r\u00e9guli\u00e8rement des livres, des articles et [&hellip;]<\/p>\n","protected":false},"author":1,"featured_media":0,"parent":0,"menu_order":0,"comment_status":"closed","ping_status":"closed","template":"","meta":{"give_campaign_id":0,"_et_pb_use_builder":"on","_et_pb_old_content":"","_et_gb_content_width":"","footnotes":""},"class_list":["post-55816","page","type-page","status-publish","hentry"],"yoast_head":"<!-- This site is optimized with the Yoast SEO plugin v27.3 - https:\/\/yoast.com\/product\/yoast-seo-wordpress\/ -->\n<title>Krishnamurti Foundation Trust \u2022 Les enseignements de Krishnamurti<\/title>\n<meta name=\"description\" content=\"Cr\u00e9\u00e9e en 1968 en tant que fondation caritative \u00e0 vocation \u00e9ducative, la Fondation a pour but de pr\u00e9server et de rendre accessibles les enseignements de Krishnamurti.\" \/>\n<meta name=\"robots\" content=\"noindex, follow\" \/>\n<meta property=\"og:locale\" content=\"en_GB\" \/>\n<meta property=\"og:type\" content=\"article\" \/>\n<meta property=\"og:title\" content=\"Krishnamurti Foundation Trust \u2022 Les enseignements de Krishnamurti\" \/>\n<meta property=\"og:description\" content=\"Cr\u00e9\u00e9e en 1968 en tant que fondation caritative \u00e0 vocation \u00e9ducative, la Fondation a pour but de pr\u00e9server et de rendre accessibles les enseignements de Krishnamurti.\" \/>\n<meta property=\"og:url\" content=\"https:\/\/kfoundation.org\/l\/fr\/\" \/>\n<meta property=\"og:site_name\" content=\"Krishnamurti Foundation Trust\" \/>\n<meta property=\"article:publisher\" content=\"https:\/\/www.facebook.com\/KrishnamurtiFoundationTrust\" \/>\n<meta property=\"article:modified_time\" content=\"2023-01-23T09:52:17+00:00\" \/>\n<meta name=\"twitter:card\" content=\"summary_large_image\" \/>\n<meta name=\"twitter:site\" content=\"@K__Quotes\" \/>\n<meta name=\"twitter:label1\" content=\"Estimated reading time\" \/>\n\t<meta name=\"twitter:data1\" content=\"3 minutes\" \/>\n<script type=\"application\/ld+json\" class=\"yoast-schema-graph\">{\"@context\":\"https:\\\/\\\/schema.org\",\"@graph\":[{\"@type\":\"WebPage\",\"@id\":\"https:\\\/\\\/kfoundation.org\\\/l\\\/fr\\\/\",\"url\":\"https:\\\/\\\/kfoundation.org\\\/l\\\/fr\\\/\",\"name\":\"Krishnamurti Foundation Trust \u2022 Les enseignements de Krishnamurti\",\"isPartOf\":{\"@id\":\"https:\\\/\\\/kfoundation.org\\\/l\\\/#website\"},\"datePublished\":\"2022-10-05T11:16:32+00:00\",\"dateModified\":\"2023-01-23T09:52:17+00:00\",\"description\":\"Cr\u00e9\u00e9e en 1968 en tant que fondation caritative \u00e0 vocation \u00e9ducative, la Fondation a pour but de pr\u00e9server et de rendre accessibles les enseignements de Krishnamurti.\",\"breadcrumb\":{\"@id\":\"https:\\\/\\\/kfoundation.org\\\/l\\\/fr\\\/#breadcrumb\"},\"inLanguage\":\"en-GB\",\"potentialAction\":[{\"@type\":\"ReadAction\",\"target\":[\"https:\\\/\\\/kfoundation.org\\\/l\\\/fr\\\/\"]}]},{\"@type\":\"BreadcrumbList\",\"@id\":\"https:\\\/\\\/kfoundation.org\\\/l\\\/fr\\\/#breadcrumb\",\"itemListElement\":[{\"@type\":\"ListItem\",\"position\":1,\"name\":\"Home\",\"item\":\"https:\\\/\\\/kfoundation.org\\\/l\\\/\"},{\"@type\":\"ListItem\",\"position\":2,\"name\":\"Krishnamurti Foundation Trust \u2022 Les enseignements de Krishnamurti\"}]},{\"@type\":\"WebSite\",\"@id\":\"https:\\\/\\\/kfoundation.org\\\/l\\\/#website\",\"url\":\"https:\\\/\\\/kfoundation.org\\\/l\\\/\",\"name\":\"Krishnamurti Foundation Trust\",\"description\":\"Preserving and Making Available Krishnamurti&#039;s Teaching\",\"publisher\":{\"@id\":\"https:\\\/\\\/kfoundation.org\\\/l\\\/#organization\"},\"potentialAction\":[{\"@type\":\"SearchAction\",\"target\":{\"@type\":\"EntryPoint\",\"urlTemplate\":\"https:\\\/\\\/kfoundation.org\\\/l\\\/?s={search_term_string}\"},\"query-input\":{\"@type\":\"PropertyValueSpecification\",\"valueRequired\":true,\"valueName\":\"search_term_string\"}}],\"inLanguage\":\"en-GB\"},{\"@type\":\"Organization\",\"@id\":\"https:\\\/\\\/kfoundation.org\\\/l\\\/#organization\",\"name\":\"Krishnamurti Foundation Trust\",\"url\":\"https:\\\/\\\/kfoundation.org\\\/l\\\/\",\"logo\":{\"@type\":\"ImageObject\",\"inLanguage\":\"en-GB\",\"@id\":\"https:\\\/\\\/kfoundation.org\\\/l\\\/#\\\/schema\\\/logo\\\/image\\\/\",\"url\":\"https:\\\/\\\/kfoundation.org\\\/l\\\/wp-content\\\/uploads\\\/2022\\\/06\\\/KFT_Logo-1.jpg\",\"contentUrl\":\"https:\\\/\\\/kfoundation.org\\\/l\\\/wp-content\\\/uploads\\\/2022\\\/06\\\/KFT_Logo-1.jpg\",\"width\":1127,\"height\":212,\"caption\":\"Krishnamurti Foundation Trust\"},\"image\":{\"@id\":\"https:\\\/\\\/kfoundation.org\\\/l\\\/#\\\/schema\\\/logo\\\/image\\\/\"},\"sameAs\":[\"https:\\\/\\\/www.facebook.com\\\/KrishnamurtiFoundationTrust\",\"https:\\\/\\\/x.com\\\/K__Quotes\",\"https:\\\/\\\/www.instagram.com\\\/krishnamurtifoundationtrust\\\/\",\"https:\\\/\\\/www.linkedin.com\\\/company\\\/krishnamurtifoundationtrust\\\/\",\"https:\\\/\\\/www.youtube.com\\\/krishnamurtifoundationtrust\"]}]}<\/script>\n<!-- \/ Yoast SEO plugin. -->","yoast_head_json":{"title":"Krishnamurti Foundation Trust \u2022 Les enseignements de Krishnamurti","description":"Cr\u00e9\u00e9e en 1968 en tant que fondation caritative \u00e0 vocation \u00e9ducative, la Fondation a pour but de pr\u00e9server et de rendre accessibles les enseignements de Krishnamurti.","robots":{"index":"noindex","follow":"follow"},"og_locale":"en_GB","og_type":"article","og_title":"Krishnamurti Foundation Trust \u2022 Les enseignements de Krishnamurti","og_description":"Cr\u00e9\u00e9e en 1968 en tant que fondation caritative \u00e0 vocation \u00e9ducative, la Fondation a pour but de pr\u00e9server et de rendre accessibles les enseignements de Krishnamurti.","og_url":"https:\/\/kfoundation.org\/l\/fr\/","og_site_name":"Krishnamurti Foundation Trust","article_publisher":"https:\/\/www.facebook.com\/KrishnamurtiFoundationTrust","article_modified_time":"2023-01-23T09:52:17+00:00","twitter_card":"summary_large_image","twitter_site":"@K__Quotes","twitter_misc":{"Estimated reading time":"3 minutes"},"schema":{"@context":"https:\/\/schema.org","@graph":[{"@type":"WebPage","@id":"https:\/\/kfoundation.org\/l\/fr\/","url":"https:\/\/kfoundation.org\/l\/fr\/","name":"Krishnamurti Foundation Trust \u2022 Les enseignements de Krishnamurti","isPartOf":{"@id":"https:\/\/kfoundation.org\/l\/#website"},"datePublished":"2022-10-05T11:16:32+00:00","dateModified":"2023-01-23T09:52:17+00:00","description":"Cr\u00e9\u00e9e en 1968 en tant que fondation caritative \u00e0 vocation \u00e9ducative, la Fondation a pour but de pr\u00e9server et de rendre accessibles les enseignements de Krishnamurti.","breadcrumb":{"@id":"https:\/\/kfoundation.org\/l\/fr\/#breadcrumb"},"inLanguage":"en-GB","potentialAction":[{"@type":"ReadAction","target":["https:\/\/kfoundation.org\/l\/fr\/"]}]},{"@type":"BreadcrumbList","@id":"https:\/\/kfoundation.org\/l\/fr\/#breadcrumb","itemListElement":[{"@type":"ListItem","position":1,"name":"Home","item":"https:\/\/kfoundation.org\/l\/"},{"@type":"ListItem","position":2,"name":"Krishnamurti Foundation Trust \u2022 Les enseignements de Krishnamurti"}]},{"@type":"WebSite","@id":"https:\/\/kfoundation.org\/l\/#website","url":"https:\/\/kfoundation.org\/l\/","name":"Krishnamurti Foundation Trust","description":"Preserving and Making Available Krishnamurti&#039;s Teaching","publisher":{"@id":"https:\/\/kfoundation.org\/l\/#organization"},"potentialAction":[{"@type":"SearchAction","target":{"@type":"EntryPoint","urlTemplate":"https:\/\/kfoundation.org\/l\/?s={search_term_string}"},"query-input":{"@type":"PropertyValueSpecification","valueRequired":true,"valueName":"search_term_string"}}],"inLanguage":"en-GB"},{"@type":"Organization","@id":"https:\/\/kfoundation.org\/l\/#organization","name":"Krishnamurti Foundation Trust","url":"https:\/\/kfoundation.org\/l\/","logo":{"@type":"ImageObject","inLanguage":"en-GB","@id":"https:\/\/kfoundation.org\/l\/#\/schema\/logo\/image\/","url":"https:\/\/kfoundation.org\/l\/wp-content\/uploads\/2022\/06\/KFT_Logo-1.jpg","contentUrl":"https:\/\/kfoundation.org\/l\/wp-content\/uploads\/2022\/06\/KFT_Logo-1.jpg","width":1127,"height":212,"caption":"Krishnamurti Foundation Trust"},"image":{"@id":"https:\/\/kfoundation.org\/l\/#\/schema\/logo\/image\/"},"sameAs":["https:\/\/www.facebook.com\/KrishnamurtiFoundationTrust","https:\/\/x.com\/K__Quotes","https:\/\/www.instagram.com\/krishnamurtifoundationtrust\/","https:\/\/www.linkedin.com\/company\/krishnamurtifoundationtrust\/","https:\/\/www.youtube.com\/krishnamurtifoundationtrust"]}]}},"campaignId":"","_links":{"self":[{"href":"https:\/\/kfoundation.org\/l\/wp-json\/wp\/v2\/pages\/55816","targetHints":{"allow":["GET"]}}],"collection":[{"href":"https:\/\/kfoundation.org\/l\/wp-json\/wp\/v2\/pages"}],"about":[{"href":"https:\/\/kfoundation.org\/l\/wp-json\/wp\/v2\/types\/page"}],"author":[{"embeddable":true,"href":"https:\/\/kfoundation.org\/l\/wp-json\/wp\/v2\/users\/1"}],"replies":[{"embeddable":true,"href":"https:\/\/kfoundation.org\/l\/wp-json\/wp\/v2\/comments?post=55816"}],"version-history":[{"count":11,"href":"https:\/\/kfoundation.org\/l\/wp-json\/wp\/v2\/pages\/55816\/revisions"}],"predecessor-version":[{"id":58691,"href":"https:\/\/kfoundation.org\/l\/wp-json\/wp\/v2\/pages\/55816\/revisions\/58691"}],"wp:attachment":[{"href":"https:\/\/kfoundation.org\/l\/wp-json\/wp\/v2\/media?parent=55816"}],"curies":[{"name":"wp","href":"https:\/\/api.w.org\/{rel}","templated":true}]}}