{"id":55841,"date":"2022-10-10T09:58:27","date_gmt":"2022-10-10T08:58:27","guid":{"rendered":"https:\/\/kfoundation.org\/l\/?page_id=55841"},"modified":"2022-10-11T15:30:08","modified_gmt":"2022-10-11T14:30:08","slug":"fi-krishnamurti","status":"publish","type":"page","link":"https:\/\/kfoundation.org\/l\/fi-krishnamurti\/","title":{"rendered":"Krishnamurti \u00b7 Suomi"},"content":{"rendered":"<p>[et_pb_section fb_built=&#8221;1&#8243; _builder_version=&#8221;4.17.6&#8243; _module_preset=&#8221;default&#8221; custom_margin=&#8221;0px||40px||false|false&#8221; custom_padding=&#8221;0px||0px||false|false&#8221; global_colors_info=&#8221;{}&#8221;][et_pb_row column_structure=&#8221;1_2,1_2&#8243; _builder_version=&#8221;4.17.6&#8243; _module_preset=&#8221;default&#8221; background_size=&#8221;initial&#8221; background_position=&#8221;top_left&#8221; background_repeat=&#8221;repeat&#8221; width_tablet=&#8221;&#8221; width_phone=&#8221;100%&#8221; width_last_edited=&#8221;on|phone&#8221; custom_margin=&#8221;25px||||false|false&#8221; custom_margin_tablet=&#8221;&#8221; custom_margin_phone=&#8221;0px||0px||false|false&#8221; custom_margin_last_edited=&#8221;on|phone&#8221; custom_padding=&#8221;0px||0px||false|false&#8221; global_colors_info=&#8221;{}&#8221;][et_pb_column type=&#8221;1_2&#8243; _builder_version=&#8221;4.16&#8243; _module_preset=&#8221;default&#8221; custom_padding=&#8221;|||&#8221; global_colors_info=&#8221;{}&#8221; custom_padding__hover=&#8221;|||&#8221;][et_pb_image src=&#8221;https:\/\/kfoundation.org\/l\/wp-content\/uploads\/2022\/07\/black-and-white-photograph-of-j-krishnamurti.jpg&#8221; title_text=&#8221;black-and-white-photograph-of-j-krishnamurti&#8221; url=&#8221;https:\/\/kfoundation.org\/l\/fi-introduction-to-krishnamurti&#8221; _builder_version=&#8221;4.18.0&#8243; _module_preset=&#8221;default&#8221; global_colors_info=&#8221;{}&#8221;][\/et_pb_image][et_pb_text quote_border_weight=&#8221;1px&#8221; quote_border_color=&#8221;#000000&#8243; _builder_version=&#8221;4.18.0&#8243; _module_preset=&#8221;default&#8221; text_text_color=&#8221;#000000&#8243; link_font=&#8221;||||on||||&#8221; quote_font=&#8221;tiemposregital||||||||&#8221; quote_text_color=&#8221;#000000&#8243; quote_font_size=&#8221;18px&#8221; quote_line_height=&#8221;1.3em&#8221; header_font=&#8221;tiemposfinesemibold||||||||&#8221; header_2_font=&#8221;tiemposfinesemibold|||||||#000000|&#8221; header_2_font_size=&#8221;36px&#8221; header_3_font=&#8221;tiemposfinesemibold|||||||#000000|&#8221; header_3_font_size=&#8221;36px&#8221; background_size=&#8221;initial&#8221; background_position=&#8221;top_left&#8221; background_repeat=&#8221;repeat&#8221; custom_margin=&#8221;||20px||false|false&#8221; custom_margin_tablet=&#8221;&#8221; custom_margin_phone=&#8221;||20px||false|false&#8221; custom_margin_last_edited=&#8221;on|phone&#8221; custom_padding_tablet=&#8221;&#8221; custom_padding_phone=&#8221;|25px||25px|false|false&#8221; custom_padding_last_edited=&#8221;on|phone&#8221; global_colors_info=&#8221;{}&#8221;]<\/p>\n<h2>Krishnamurtin esittely<\/h2>\n<p>J. Krishnamurtia pidet\u00e4\u00e4n yhten\u00e4 aikamme suurimmista filosofeista ja opettajista. H\u00e4nen ty\u00f6ns\u00e4 on tehnyt vaikutuksen moniin merkkihahmoihin kuten George Bernard Shaw, David Bohm, Alan Watts, Henry Miller, Bruce Lee, Jackson Pollock ja Aldous Huxley. Krishnamurti j\u00e4\u00e4 kuitenkin arvoitukseksi; h\u00e4n oli poikkeuksellisen n\u00f6yr\u00e4 ja korosti ett\u00e4 h\u00e4n ei ole henkil\u00f6n\u00e4 lainkaan t\u00e4rke\u00e4. T\u00e4ss\u00e4 artikkeli niille, jotka haluavat tiet\u00e4\u00e4 enemm\u00e4n Krishnamurtista ja h\u00e4nen opetuksistaan, sis\u00e4lt\u00e4en h\u00e4nen <a href=\"https:\/\/kfoundation.org\/l\/fi-krishnamurti-biography\">el\u00e4m\u00e4kertansa<\/a>.<\/p>\n<p>[\/et_pb_text][et_pb_button button_url=&#8221;https:\/\/kfoundation.org\/l\/fi-introduction-to-krishnamurti&#8221; button_text=&#8221;ESITTELY&#8221; button_alignment=&#8221;left&#8221; button_alignment_tablet=&#8221;left&#8221; button_alignment_phone=&#8221;left&#8221; button_alignment_last_edited=&#8221;on|phone&#8221; _builder_version=&#8221;4.18.0&#8243; _module_preset=&#8221;default&#8221; custom_button=&#8221;on&#8221; button_text_size=&#8221;19px&#8221; button_text_color=&#8221;#000000&#8243; button_bg_color=&#8221;RGBA(255,255,255,0)&#8221; button_border_width=&#8221;0px&#8221; button_border_color=&#8221;RGBA(255,255,255,0)&#8221; button_border_radius=&#8221;0px&#8221; button_letter_spacing=&#8221;0px&#8221; button_font=&#8221;helveticaneueconbold|||on|on||||solid&#8221; button_icon=&#8221;&#x24;||divi||400&#8243; custom_margin=&#8221;0px|0px|0px|0px|false|false&#8221; custom_padding=&#8221;0px|0px|0px|0px|false|false&#8221; custom_padding_tablet=&#8221;0px|0px|0px|0px|false|false&#8221; custom_padding_phone=&#8221;|||25px|false|false&#8221; custom_padding_last_edited=&#8221;on|desktop&#8221; global_colors_info=&#8221;{}&#8221;][\/et_pb_button][\/et_pb_column][et_pb_column type=&#8221;1_2&#8243; _builder_version=&#8221;4.16&#8243; _module_preset=&#8221;default&#8221; custom_padding=&#8221;|||&#8221; global_colors_info=&#8221;{}&#8221; custom_padding__hover=&#8221;|||&#8221;][et_pb_image src=&#8221;https:\/\/kfoundation.org\/l\/wp-content\/uploads\/2022\/07\/black-and-white-photo-of-j-krishnamurti-looking-up-towards-the-camera-with-white-background.jpg&#8221; title_text=&#8221;black-and-white-photo-of-j-krishnamurti-looking-up-towards-the-camera-with-white-background&#8221; _builder_version=&#8221;4.18.0&#8243; _module_preset=&#8221;default&#8221; global_colors_info=&#8221;{}&#8221;][\/et_pb_image][et_pb_text quote_border_weight=&#8221;1px&#8221; quote_border_color=&#8221;#000000&#8243; _builder_version=&#8221;4.18.0&#8243; _module_preset=&#8221;default&#8221; text_text_color=&#8221;#000000&#8243; link_font=&#8221;||||on|||#000000|&#8221; quote_font=&#8221;tiemposregital||||||||&#8221; quote_font_size=&#8221;18px&#8221; quote_line_height=&#8221;1.3em&#8221; header_font=&#8221;tiemposfinesemibold||||||||&#8221; header_2_font=&#8221;tiemposfinesemibold|||||||#000000|&#8221; header_2_font_size=&#8221;36px&#8221; header_3_font=&#8221;tiemposfinesemibold|||||||#000000|&#8221; header_3_font_size=&#8221;36px&#8221; background_size=&#8221;initial&#8221; background_position=&#8221;top_left&#8221; background_repeat=&#8221;repeat&#8221; custom_margin=&#8221;||20px||false|false&#8221; custom_margin_tablet=&#8221;&#8221; custom_margin_phone=&#8221;||20px||false|false&#8221; custom_margin_last_edited=&#8221;on|phone&#8221; custom_padding=&#8221;|0px||0px|false|false&#8221; custom_padding_tablet=&#8221;|0px||0px|false|false&#8221; custom_padding_phone=&#8221;|25px||25px|false|false&#8221; custom_padding_last_edited=&#8221;on|phone&#8221; hover_enabled=&#8221;0&#8243; inline_fonts=&#8221;neuehaasunicapro-it&#8221; global_colors_info=&#8221;{}&#8221; sticky_enabled=&#8221;0&#8243;]<\/p>\n<h2>Krishnamurtin opetukset<\/h2>\n<p>Krishnamurtin teosten m\u00e4\u00e4r\u00e4 on valtava: kirjoitustensa lis\u00e4ksi h\u00e4n piti puheita 70 vuoden ajan, keskusteli yksityisesti ja erilaisten ryhmien kanssa; tiedemiesten, kasvattajien, oppineiden, terapeuttien ja opiskelijoiden. Suuri osa tapaamisista tallennettiin ja on julkaistu tekstin\u00e4, \u00e4\u00e4ni- tai videotallenteena. Julkaisemme kuratoitua aineistoa Krishnamurtin opetuksista artikkeleita, <span style=\"font-family: helveticaneueconbold; text-transform: uppercase;\"><a href=\"https:\/\/kfoundation.org\/l\/fi-krishnamurti-books\">kirjoina<\/a><\/span>, valikoiduista aiheista, hakemistoja, <span style=\"font-family: helveticaneueconbold; text-transform: uppercase;\"><a href=\"https:\/\/kfoundation.org\/l\/fi-quotes\">lainauksia<\/a><\/span> sek\u00e4 satoja erimittaisia <span style=\"font-family: helveticaneueconbold; text-transform: uppercase;\"><a href=\"https:\/\/kfoundation.org\/l\/fi-video\">video- ja audiotallenteita<\/a><\/span> ja <em>Urgency of Change<\/em> &#8211;<span style=\"font-family: helveticaneueconbold; text-transform: uppercase;\"><a href=\"https:\/\/podfollow.com\/1480713299\">podcastissamme<\/span><\/a>.[\/et_pb_text][\/et_pb_column][\/et_pb_row][\/et_pb_section]<\/p>\n","protected":false},"excerpt":{"rendered":"<p>Krishnamurtin esittely J. Krishnamurtia pidet\u00e4\u00e4n yhten\u00e4 aikamme suurimmista filosofeista ja opettajista. H\u00e4nen ty\u00f6ns\u00e4 on tehnyt vaikutuksen moniin merkkihahmoihin kuten George Bernard Shaw, David Bohm, Alan Watts, Henry Miller, Bruce Lee, Jackson Pollock ja Aldous Huxley. Krishnamurti j\u00e4\u00e4 kuitenkin arvoitukseksi; h\u00e4n oli poikkeuksellisen n\u00f6yr\u00e4 ja korosti ett\u00e4 h\u00e4n ei ole henkil\u00f6n\u00e4 lainkaan t\u00e4rke\u00e4. T\u00e4ss\u00e4 artikkeli niille, [&hellip;]<\/p>\n","protected":false},"author":1,"featured_media":0,"parent":0,"menu_order":0,"comment_status":"closed","ping_status":"closed","template":"","meta":{"give_campaign_id":0,"_et_pb_use_builder":"on","_et_pb_old_content":"","_et_gb_content_width":"","footnotes":""},"class_list":["post-55841","page","type-page","status-publish","hentry"],"yoast_head":"<!-- This site is optimized with the Yoast SEO plugin v27.3 - https:\/\/yoast.com\/product\/yoast-seo-wordpress\/ -->\n<title>Krishnamurtin ajattomat opetukset &#8226; Krishnamurti Foundation<\/title>\n<meta name=\"description\" content=\"Tutustu yhden kaikkien aikojen merkitt\u00e4vimm\u00e4n ajattelijan ja uskonnollisen opettajan ty\u00f6h\u00f6n: kirjoihin, videoihin, audioihin, valokuviin, artikkeleihin ja muuhun aineistoon.\" \/>\n<meta name=\"robots\" content=\"index, follow, max-snippet:-1, max-image-preview:large, max-video-preview:-1\" \/>\n<link rel=\"canonical\" href=\"https:\/\/kfoundation.org\/l\/fi-krishnamurti\/\" \/>\n<meta property=\"og:locale\" content=\"en_GB\" \/>\n<meta property=\"og:type\" content=\"article\" \/>\n<meta property=\"og:title\" content=\"Krishnamurtin ajattomat opetukset &#8226; Krishnamurti Foundation\" \/>\n<meta property=\"og:description\" content=\"Tutustu yhden kaikkien aikojen merkitt\u00e4vimm\u00e4n ajattelijan ja uskonnollisen opettajan ty\u00f6h\u00f6n: kirjoihin, videoihin, audioihin, valokuviin, artikkeleihin ja muuhun aineistoon.\" \/>\n<meta property=\"og:url\" content=\"https:\/\/kfoundation.org\/l\/fi-krishnamurti\/\" \/>\n<meta property=\"og:site_name\" content=\"Krishnamurti Foundation Trust\" \/>\n<meta property=\"article:publisher\" content=\"https:\/\/www.facebook.com\/KrishnamurtiFoundationTrust\" \/>\n<meta property=\"article:modified_time\" content=\"2022-10-11T14:30:08+00:00\" \/>\n<meta name=\"twitter:card\" content=\"summary_large_image\" \/>\n<meta name=\"twitter:site\" content=\"@K__Quotes\" \/>\n<script type=\"application\/ld+json\" class=\"yoast-schema-graph\">{\"@context\":\"https:\\\/\\\/schema.org\",\"@graph\":[{\"@type\":\"WebPage\",\"@id\":\"https:\\\/\\\/kfoundation.org\\\/l\\\/fi-krishnamurti\\\/\",\"url\":\"https:\\\/\\\/kfoundation.org\\\/l\\\/fi-krishnamurti\\\/\",\"name\":\"Krishnamurtin ajattomat opetukset &#8226; Krishnamurti Foundation\",\"isPartOf\":{\"@id\":\"https:\\\/\\\/kfoundation.org\\\/l\\\/#website\"},\"datePublished\":\"2022-10-10T08:58:27+00:00\",\"dateModified\":\"2022-10-11T14:30:08+00:00\",\"description\":\"Tutustu yhden kaikkien aikojen merkitt\u00e4vimm\u00e4n ajattelijan ja uskonnollisen opettajan ty\u00f6h\u00f6n: kirjoihin, videoihin, audioihin, valokuviin, artikkeleihin ja muuhun aineistoon.\",\"breadcrumb\":{\"@id\":\"https:\\\/\\\/kfoundation.org\\\/l\\\/fi-krishnamurti\\\/#breadcrumb\"},\"inLanguage\":\"en-GB\",\"potentialAction\":[{\"@type\":\"ReadAction\",\"target\":[\"https:\\\/\\\/kfoundation.org\\\/l\\\/fi-krishnamurti\\\/\"]}]},{\"@type\":\"BreadcrumbList\",\"@id\":\"https:\\\/\\\/kfoundation.org\\\/l\\\/fi-krishnamurti\\\/#breadcrumb\",\"itemListElement\":[{\"@type\":\"ListItem\",\"position\":1,\"name\":\"Home\",\"item\":\"https:\\\/\\\/kfoundation.org\\\/l\\\/\"},{\"@type\":\"ListItem\",\"position\":2,\"name\":\"Krishnamurti \u00b7 Suomi\"}]},{\"@type\":\"WebSite\",\"@id\":\"https:\\\/\\\/kfoundation.org\\\/l\\\/#website\",\"url\":\"https:\\\/\\\/kfoundation.org\\\/l\\\/\",\"name\":\"Krishnamurti Foundation Trust\",\"description\":\"Preserving and Making Available Krishnamurti&#039;s Teaching\",\"publisher\":{\"@id\":\"https:\\\/\\\/kfoundation.org\\\/l\\\/#organization\"},\"potentialAction\":[{\"@type\":\"SearchAction\",\"target\":{\"@type\":\"EntryPoint\",\"urlTemplate\":\"https:\\\/\\\/kfoundation.org\\\/l\\\/?s={search_term_string}\"},\"query-input\":{\"@type\":\"PropertyValueSpecification\",\"valueRequired\":true,\"valueName\":\"search_term_string\"}}],\"inLanguage\":\"en-GB\"},{\"@type\":\"Organization\",\"@id\":\"https:\\\/\\\/kfoundation.org\\\/l\\\/#organization\",\"name\":\"Krishnamurti Foundation Trust\",\"url\":\"https:\\\/\\\/kfoundation.org\\\/l\\\/\",\"logo\":{\"@type\":\"ImageObject\",\"inLanguage\":\"en-GB\",\"@id\":\"https:\\\/\\\/kfoundation.org\\\/l\\\/#\\\/schema\\\/logo\\\/image\\\/\",\"url\":\"https:\\\/\\\/kfoundation.org\\\/l\\\/wp-content\\\/uploads\\\/2022\\\/06\\\/KFT_Logo-1.jpg\",\"contentUrl\":\"https:\\\/\\\/kfoundation.org\\\/l\\\/wp-content\\\/uploads\\\/2022\\\/06\\\/KFT_Logo-1.jpg\",\"width\":1127,\"height\":212,\"caption\":\"Krishnamurti Foundation Trust\"},\"image\":{\"@id\":\"https:\\\/\\\/kfoundation.org\\\/l\\\/#\\\/schema\\\/logo\\\/image\\\/\"},\"sameAs\":[\"https:\\\/\\\/www.facebook.com\\\/KrishnamurtiFoundationTrust\",\"https:\\\/\\\/x.com\\\/K__Quotes\",\"https:\\\/\\\/www.instagram.com\\\/krishnamurtifoundationtrust\\\/\",\"https:\\\/\\\/www.linkedin.com\\\/company\\\/krishnamurtifoundationtrust\\\/\",\"https:\\\/\\\/www.youtube.com\\\/krishnamurtifoundationtrust\"]}]}<\/script>\n<!-- \/ Yoast SEO plugin. -->","yoast_head_json":{"title":"Krishnamurtin ajattomat opetukset &#8226; Krishnamurti Foundation","description":"Tutustu yhden kaikkien aikojen merkitt\u00e4vimm\u00e4n ajattelijan ja uskonnollisen opettajan ty\u00f6h\u00f6n: kirjoihin, videoihin, audioihin, valokuviin, artikkeleihin ja muuhun aineistoon.","robots":{"index":"index","follow":"follow","max-snippet":"max-snippet:-1","max-image-preview":"max-image-preview:large","max-video-preview":"max-video-preview:-1"},"canonical":"https:\/\/kfoundation.org\/l\/fi-krishnamurti\/","og_locale":"en_GB","og_type":"article","og_title":"Krishnamurtin ajattomat opetukset &#8226; Krishnamurti Foundation","og_description":"Tutustu yhden kaikkien aikojen merkitt\u00e4vimm\u00e4n ajattelijan ja uskonnollisen opettajan ty\u00f6h\u00f6n: kirjoihin, videoihin, audioihin, valokuviin, artikkeleihin ja muuhun aineistoon.","og_url":"https:\/\/kfoundation.org\/l\/fi-krishnamurti\/","og_site_name":"Krishnamurti Foundation Trust","article_publisher":"https:\/\/www.facebook.com\/KrishnamurtiFoundationTrust","article_modified_time":"2022-10-11T14:30:08+00:00","twitter_card":"summary_large_image","twitter_site":"@K__Quotes","schema":{"@context":"https:\/\/schema.org","@graph":[{"@type":"WebPage","@id":"https:\/\/kfoundation.org\/l\/fi-krishnamurti\/","url":"https:\/\/kfoundation.org\/l\/fi-krishnamurti\/","name":"Krishnamurtin ajattomat opetukset &#8226; Krishnamurti Foundation","isPartOf":{"@id":"https:\/\/kfoundation.org\/l\/#website"},"datePublished":"2022-10-10T08:58:27+00:00","dateModified":"2022-10-11T14:30:08+00:00","description":"Tutustu yhden kaikkien aikojen merkitt\u00e4vimm\u00e4n ajattelijan ja uskonnollisen opettajan ty\u00f6h\u00f6n: kirjoihin, videoihin, audioihin, valokuviin, artikkeleihin ja muuhun aineistoon.","breadcrumb":{"@id":"https:\/\/kfoundation.org\/l\/fi-krishnamurti\/#breadcrumb"},"inLanguage":"en-GB","potentialAction":[{"@type":"ReadAction","target":["https:\/\/kfoundation.org\/l\/fi-krishnamurti\/"]}]},{"@type":"BreadcrumbList","@id":"https:\/\/kfoundation.org\/l\/fi-krishnamurti\/#breadcrumb","itemListElement":[{"@type":"ListItem","position":1,"name":"Home","item":"https:\/\/kfoundation.org\/l\/"},{"@type":"ListItem","position":2,"name":"Krishnamurti \u00b7 Suomi"}]},{"@type":"WebSite","@id":"https:\/\/kfoundation.org\/l\/#website","url":"https:\/\/kfoundation.org\/l\/","name":"Krishnamurti Foundation Trust","description":"Preserving and Making Available Krishnamurti&#039;s Teaching","publisher":{"@id":"https:\/\/kfoundation.org\/l\/#organization"},"potentialAction":[{"@type":"SearchAction","target":{"@type":"EntryPoint","urlTemplate":"https:\/\/kfoundation.org\/l\/?s={search_term_string}"},"query-input":{"@type":"PropertyValueSpecification","valueRequired":true,"valueName":"search_term_string"}}],"inLanguage":"en-GB"},{"@type":"Organization","@id":"https:\/\/kfoundation.org\/l\/#organization","name":"Krishnamurti Foundation Trust","url":"https:\/\/kfoundation.org\/l\/","logo":{"@type":"ImageObject","inLanguage":"en-GB","@id":"https:\/\/kfoundation.org\/l\/#\/schema\/logo\/image\/","url":"https:\/\/kfoundation.org\/l\/wp-content\/uploads\/2022\/06\/KFT_Logo-1.jpg","contentUrl":"https:\/\/kfoundation.org\/l\/wp-content\/uploads\/2022\/06\/KFT_Logo-1.jpg","width":1127,"height":212,"caption":"Krishnamurti Foundation Trust"},"image":{"@id":"https:\/\/kfoundation.org\/l\/#\/schema\/logo\/image\/"},"sameAs":["https:\/\/www.facebook.com\/KrishnamurtiFoundationTrust","https:\/\/x.com\/K__Quotes","https:\/\/www.instagram.com\/krishnamurtifoundationtrust\/","https:\/\/www.linkedin.com\/company\/krishnamurtifoundationtrust\/","https:\/\/www.youtube.com\/krishnamurtifoundationtrust"]}]}},"campaignId":"","_links":{"self":[{"href":"https:\/\/kfoundation.org\/l\/wp-json\/wp\/v2\/pages\/55841","targetHints":{"allow":["GET"]}}],"collection":[{"href":"https:\/\/kfoundation.org\/l\/wp-json\/wp\/v2\/pages"}],"about":[{"href":"https:\/\/kfoundation.org\/l\/wp-json\/wp\/v2\/types\/page"}],"author":[{"embeddable":true,"href":"https:\/\/kfoundation.org\/l\/wp-json\/wp\/v2\/users\/1"}],"replies":[{"embeddable":true,"href":"https:\/\/kfoundation.org\/l\/wp-json\/wp\/v2\/comments?post=55841"}],"version-history":[{"count":13,"href":"https:\/\/kfoundation.org\/l\/wp-json\/wp\/v2\/pages\/55841\/revisions"}],"predecessor-version":[{"id":56442,"href":"https:\/\/kfoundation.org\/l\/wp-json\/wp\/v2\/pages\/55841\/revisions\/56442"}],"wp:attachment":[{"href":"https:\/\/kfoundation.org\/l\/wp-json\/wp\/v2\/media?parent=55841"}],"curies":[{"name":"wp","href":"https:\/\/api.w.org\/{rel}","templated":true}]}}