{"id":55845,"date":"2022-10-10T09:34:16","date_gmt":"2022-10-10T08:34:16","guid":{"rendered":"https:\/\/kfoundation.org\/l\/?page_id=55845"},"modified":"2022-10-11T06:40:26","modified_gmt":"2022-10-11T05:40:26","slug":"fi","status":"publish","type":"page","link":"https:\/\/kfoundation.org\/l\/fi\/","title":{"rendered":"Krishnamurti Foundation Trust \u00b7 Suomi"},"content":{"rendered":"<p>[et_pb_section fb_built=&#8221;1&#8243; _builder_version=&#8221;4.17.6&#8243; _module_preset=&#8221;default&#8221; custom_margin=&#8221;0px||0px||false|false&#8221; custom_padding=&#8221;0px||||false|false&#8221; global_colors_info=&#8221;{}&#8221;][et_pb_row column_structure=&#8221;1_2,1_2&#8243; use_custom_gutter=&#8221;on&#8221; gutter_width=&#8221;3&#8243; make_equal=&#8221;on&#8221; custom_padding_last_edited=&#8221;on|phone&#8221; _builder_version=&#8221;4.18.0&#8243; _module_preset=&#8221;default&#8221; background_size=&#8221;initial&#8221; background_position=&#8221;top_left&#8221; background_repeat=&#8221;repeat&#8221; width=&#8221;auto&#8221; width_tablet=&#8221;85%&#8221; width_phone=&#8221;100%&#8221; width_last_edited=&#8221;on|tablet&#8221; custom_margin=&#8221;25px||0px||false|false&#8221; custom_margin_tablet=&#8221;55px||||false|false&#8221; custom_margin_phone=&#8221;0px||0px||false|false&#8221; custom_margin_last_edited=&#8221;on|phone&#8221; custom_padding=&#8221;0px||0px||false|false&#8221; custom_padding_tablet=&#8221;0px||||false|false&#8221; custom_padding_phone=&#8221;||0px||false|false&#8221; custom_css_main_element=&#8221;align-items: center;&#8221; global_colors_info=&#8221;{}&#8221;][et_pb_column type=&#8221;1_2&#8243; _builder_version=&#8221;4.16&#8243; _module_preset=&#8221;default&#8221; custom_padding=&#8221;|||&#8221; global_colors_info=&#8221;{}&#8221; custom_padding__hover=&#8221;|||&#8221;][et_pb_image src=&#8221;https:\/\/kfoundation.org\/l\/wp-content\/uploads\/2022\/08\/Jiddu_Krishnamurti.jpg&#8221; alt=&#8221;Portrait of philosopher and teacher J. Krishnamurti&#8221; title_text=&#8221;J. Krishnamurti&#8221; align=&#8221;center&#8221; _builder_version=&#8221;4.18.0&#8243; _module_preset=&#8221;default&#8221; width_tablet=&#8221;65%&#8221; width_phone=&#8221;100%&#8221; width_last_edited=&#8221;on|tablet&#8221; max_width_tablet=&#8221;&#8221; max_width_phone=&#8221;&#8221; max_width_last_edited=&#8221;on|phone&#8221; module_alignment=&#8221;center&#8221; border_color_all=&#8221;RGBA(255,255,255,0)&#8221; global_colors_info=&#8221;{}&#8221;][\/et_pb_image][\/et_pb_column][et_pb_column type=&#8221;1_2&#8243; _builder_version=&#8221;4.16&#8243; _module_preset=&#8221;default&#8221; custom_padding=&#8221;|||&#8221; global_colors_info=&#8221;{}&#8221; custom_padding__hover=&#8221;|||&#8221;][et_pb_text _builder_version=&#8221;4.18.0&#8243; _module_preset=&#8221;default&#8221; text_font=&#8221;||||||||&#8221; text_text_color=&#8221;#000000&#8243; link_font=&#8221;||||on||||&#8221; header_font=&#8221;tiemposfinesemibold|||||||#000000|solid&#8221; header_2_font=&#8221;||||||||&#8221; header_2_font_size=&#8221;35px&#8221; background_size=&#8221;initial&#8221; background_position=&#8221;top_left&#8221; background_repeat=&#8221;repeat&#8221; width=&#8221;100%&#8221; module_alignment=&#8221;center&#8221; custom_margin=&#8221;||20px||false|false&#8221; custom_margin_tablet=&#8221;||0px||false|false&#8221; custom_margin_phone=&#8221;||0px||false|false&#8221; custom_margin_last_edited=&#8221;on|tablet&#8221; custom_padding=&#8221;||||false|false&#8221; custom_padding_tablet=&#8221;|25px||25px|false|false&#8221; custom_padding_phone=&#8221;||0px||false|false&#8221; custom_padding_last_edited=&#8221;on|phone&#8221; hover_enabled=&#8221;0&#8243; global_colors_info=&#8221;{}&#8221; sticky_enabled=&#8221;0&#8243;]<\/p>\n<h1>Krishnamurti Foundation Trust<\/h1>\n<p><a href=\"https:\/\/kfoundation.org\/l\/fi-foundation\">Foundationin<\/a> teht\u00e4v\u00e4n\u00e4 on s\u00e4ilytt\u00e4\u00e4 ja pit\u00e4\u00e4 Krishnamurtin el\u00e4m\u00e4nty\u00f6t\u00e4 saatavilla. Olemme Englannissa toimiva hyv\u00e4ntekev\u00e4isyysj\u00e4rjest\u00f6, joka palvelee maailmanlaajuisesti niit\u00e4, jotka haluavat omakohtaisesti ymm\u00e4rt\u00e4\u00e4 Krishnamurtin opetuksia.<\/p>\n<p>Julkaisemme jatkuvasti <a href=\"https:\/\/kfoundation.org\/l\/fi-krishnamurti-books\">kirjoja<\/a>, artikkeleita ja <a href=\"https:\/\/kfoundation.org\/l\/fi-quotes\">lainauksia<\/a> koska haluamme varmistaa, ett\u00e4 Krishnamurti tunnetaan laajasti nyt ja tulevaisuudessa. Toteutamme t\u00e4t\u00e4 hy\u00f6dynt\u00e4m\u00e4ll\u00e4 arkistoamme, jakamalla <a href=\"https:\/\/kfoundation.org\/l\/fi-video\">videoita ja audioita<\/a> sosiaalisessa mediassa ja <a href=\"https:\/\/podfollow.com\/1480713299\">podcasteina<\/a>.[\/et_pb_text][et_pb_code _builder_version=&#8221;4.17.4&#8243; _module_preset=&#8221;default&#8221; global_colors_info=&#8221;{}&#8221;][\/et_pb_code][\/et_pb_column][\/et_pb_row][et_pb_row disabled_on=&#8221;on|off|off&#8221; _builder_version=&#8221;4.17.6&#8243; _module_preset=&#8221;default&#8221; global_colors_info=&#8221;{}&#8221;][et_pb_column type=&#8221;4_4&#8243; _builder_version=&#8221;4.17.4&#8243; _module_preset=&#8221;default&#8221; global_colors_info=&#8221;{}&#8221;][et_pb_divider divider_position=&#8221;center&#8221; _builder_version=&#8221;4.17.4&#8243; _module_preset=&#8221;default&#8221; custom_margin=&#8221;0px||||false|false&#8221; custom_padding=&#8221;0px||||false|false&#8221; global_colors_info=&#8221;{}&#8221;][\/et_pb_divider][\/et_pb_column][\/et_pb_row][et_pb_row column_structure=&#8221;1_2,1_2&#8243; use_custom_gutter=&#8221;on&#8221; gutter_width=&#8221;3&#8243; _builder_version=&#8221;4.18.0&#8243; _module_preset=&#8221;default&#8221; background_size=&#8221;initial&#8221; background_position=&#8221;top_left&#8221; background_repeat=&#8221;repeat&#8221; width_tablet=&#8221;&#8221; width_phone=&#8221;100%&#8221; width_last_edited=&#8221;on|phone&#8221; custom_margin=&#8221;0px||||false|false&#8221; custom_margin_tablet=&#8221;&#8221; custom_margin_phone=&#8221;||0px||false|false&#8221; custom_margin_last_edited=&#8221;on|phone&#8221; custom_padding=&#8221;0px||0px||false|false&#8221; global_colors_info=&#8221;{}&#8221;][et_pb_column type=&#8221;1_2&#8243; _builder_version=&#8221;4.16&#8243; _module_preset=&#8221;default&#8221; custom_padding=&#8221;|||&#8221; global_colors_info=&#8221;{}&#8221; custom_padding__hover=&#8221;|||&#8221;][et_pb_divider divider_position=&#8221;center&#8221; disabled_on=&#8221;off|on|on&#8221; _builder_version=&#8221;4.17.6&#8243; _module_preset=&#8221;default&#8221; custom_margin=&#8221;0px||20px||false|false&#8221; custom_margin_tablet=&#8221;20px||||false|false&#8221; custom_margin_phone=&#8221;25px||20px||false|false&#8221; custom_margin_last_edited=&#8221;on|phone&#8221; custom_padding=&#8221;0px|25px|0px|25px|false|false&#8221; global_colors_info=&#8221;{}&#8221;][\/et_pb_divider][et_pb_text quote_border_weight=&#8221;1px&#8221; quote_border_color=&#8221;#000000&#8243; module_class=&#8221;last-quote-follow-paragraph&#8221; _builder_version=&#8221;4.18.0&#8243; _module_preset=&#8221;default&#8221; text_text_color=&#8221;#000000&#8243; link_font=&#8221;||||on||||&#8221; quote_font=&#8221;tiemposregital||||||||&#8221; quote_text_color=&#8221;#000000&#8243; quote_font_size=&#8221;18px&#8221; quote_line_height=&#8221;1.3em&#8221; header_font=&#8221;tiemposfinesemibold||||||||&#8221; header_2_font=&#8221;tiemposfinesemibold|||||||#000000|&#8221; header_2_font_size=&#8221;36px&#8221; header_3_font=&#8221;tiemposfinesemibold|||||||#000000|&#8221; header_3_font_size=&#8221;36px&#8221; background_size=&#8221;initial&#8221; background_position=&#8221;top_left&#8221; background_repeat=&#8221;repeat&#8221; custom_margin=&#8221;||20px||false|false&#8221; custom_margin_tablet=&#8221;&#8221; custom_margin_phone=&#8221;||20px||false|false&#8221; custom_margin_last_edited=&#8221;on|phone&#8221; custom_padding_tablet=&#8221;&#8221; custom_padding_phone=&#8221;|25px||25px|false|false&#8221; custom_padding_last_edited=&#8221;on|phone&#8221; global_colors_info=&#8221;{}&#8221;]<\/p>\n<h2>Krishnamurti<\/h2>\n<p>J. Krishnamurtia pidet\u00e4\u00e4n yleisesti yhten\u00e4 kaikkien aikojen merkitt\u00e4vimmist\u00e4 filosofeista ja opettajista. Seitsem\u00e4n vuosikymmenen ajan h\u00e4n puhui eri puolilla maailmaa isoille joukoille ja keskusteli monien kirjailijoiden, filosofien ja kasvattajien kanssa.<\/p>\n<p>Krishnamurtia kiinnosti koko ihmiskunta, h\u00e4nell\u00e4 ei ollut kansallisuutta, uskonvakaumusta eik\u00e4 h\u00e4n kuulunut mihink\u00e4\u00e4n ryhm\u00e4\u00e4n tai kulttuuriin. H\u00e4n perusti kouluja Intiaan, Englantiin ja Amerikkaan. Edelleen niiss\u00e4 kasvatetaan ihmisyyden kokonaisvaltaiseen ymm\u00e4rrykseen ja el\u00e4misen taitoon. Krishnamurti painotti, ett\u00e4 rauhassa el\u00e4minen edellytt\u00e4\u00e4 syv\u00e4llist\u00e4 ymm\u00e4rryst\u00e4. &#8220;Ihmisyydess\u00e4 on toivomme, ei yhteiskunnissa, j\u00e4rjestelmiss\u00e4, j\u00e4rjest\u00e4ytyneiss\u00e4 uskonnoissa, toivomme on sinussa ja minussa.&#8221;<\/p>\n<p>H\u00e4nen opetustensa keskeiset aiheet olivat vapaus, rakkaus, pelko, meditaatio ja oivalluskyky.<\/p>\n<p>[\/et_pb_text][et_pb_button button_url=&#8221;https:\/\/kfoundation.org\/l\/fi-krishnamurti\/&#8221; button_text=&#8221;LIS\u00c4TIETOA&#8221; button_alignment=&#8221;left&#8221; button_alignment_tablet=&#8221;left&#8221; button_alignment_phone=&#8221;left&#8221; button_alignment_last_edited=&#8221;on|phone&#8221; _builder_version=&#8221;4.18.0&#8243; _module_preset=&#8221;default&#8221; custom_button=&#8221;on&#8221; button_text_size=&#8221;19px&#8221; button_text_color=&#8221;#000000&#8243; button_bg_color=&#8221;RGBA(255,255,255,0)&#8221; button_border_width=&#8221;0px&#8221; button_border_color=&#8221;RGBA(255,255,255,0)&#8221; button_border_radius=&#8221;0px&#8221; button_letter_spacing=&#8221;0px&#8221; button_font=&#8221;helveticaneueconbold|||on|on||||solid&#8221; button_icon=&#8221;&#x24;||divi||400&#8243; custom_margin=&#8221;0px|0px|0px|0px|false|false&#8221; custom_padding=&#8221;0px|0px|0px|0px|false|false&#8221; custom_padding_tablet=&#8221;0px|0px|0px|0px|false|false&#8221; custom_padding_phone=&#8221;|||25px|false|false&#8221; custom_padding_last_edited=&#8221;on|desktop&#8221; hover_enabled=&#8221;0&#8243; global_colors_info=&#8221;{}&#8221; sticky_enabled=&#8221;0&#8243;][\/et_pb_button][\/et_pb_column][et_pb_column type=&#8221;1_2&#8243; _builder_version=&#8221;4.16&#8243; _module_preset=&#8221;default&#8221; custom_padding=&#8221;|||&#8221; global_colors_info=&#8221;{}&#8221; custom_padding__hover=&#8221;|||&#8221;][et_pb_divider divider_position=&#8221;center&#8221; disabled_on=&#8221;off|off|on&#8221; _builder_version=&#8221;4.17.6&#8243; _module_preset=&#8221;default&#8221; custom_margin_tablet=&#8221;&#8221; custom_margin_phone=&#8221;0px||20px||false|false&#8221; custom_margin_last_edited=&#8221;on|phone&#8221; custom_padding=&#8221;|25px|0px|25px|false|false&#8221; custom_padding_tablet=&#8221;|0px||0px|false|false&#8221; custom_padding_phone=&#8221;|25px||25px|false|false&#8221; custom_padding_last_edited=&#8221;on|tablet&#8221; global_colors_info=&#8221;{}&#8221;][\/et_pb_divider][et_pb_text quote_border_weight=&#8221;1px&#8221; quote_border_color=&#8221;#000000&#8243; _builder_version=&#8221;4.18.0&#8243; _module_preset=&#8221;default&#8221; text_text_color=&#8221;#000000&#8243; link_font=&#8221;||||on||||&#8221; quote_font=&#8221;tiemposregital||||||||&#8221; quote_font_size=&#8221;18px&#8221; quote_line_height=&#8221;1.3em&#8221; header_font=&#8221;tiemposfinesemibold||||||||&#8221; header_2_font=&#8221;tiemposfinesemibold|||||||#000000|&#8221; header_2_font_size=&#8221;36px&#8221; header_3_font=&#8221;tiemposfinesemibold|||||||#000000|&#8221; header_3_font_size=&#8221;36px&#8221; background_size=&#8221;initial&#8221; background_position=&#8221;top_left&#8221; background_repeat=&#8221;repeat&#8221; custom_margin=&#8221;||20px||false|false&#8221; custom_margin_tablet=&#8221;&#8221; custom_margin_phone=&#8221;||20px||false|false&#8221; custom_margin_last_edited=&#8221;on|phone&#8221; custom_padding=&#8221;|0px||0px|false|false&#8221; custom_padding_tablet=&#8221;|0px||0px|false|false&#8221; custom_padding_phone=&#8221;|25px||25px|false|false&#8221; custom_padding_last_edited=&#8221;on|phone&#8221; hover_enabled=&#8221;0&#8243; global_colors_info=&#8221;{}&#8221; sticky_enabled=&#8221;0&#8243;]<\/p>\n<h2>Brockwood Park<\/h2>\n<p>Brockwood Park Hamsphiressa Englannissa, oli Krishnamurtin koti Euroopassa. Brockwoodiin kuuluvat Brockwood Parkin koulu, Krishnamurti Centre ja Foundation.<\/p>\n<p><a href=\"https:\/\/kfoundation.org\/l\/fi-brockwood\/#fi-school\">Brockwood Parkin koulu<\/a> on Krishnamurtin perustama kansainv\u00e4linen sis\u00e4oppilaitos, joka tarjoaa holistista kasvatusta noin 70 oppilaalle, jotka ovat 14-19 vuotiaita. Koulussa korostetaan korkeata akateemista tasoa, itsens\u00e4 ymm\u00e4rt\u00e4mist\u00e4, luovuutta ja integriteetti\u00e4.<\/p>\n<p><a href=\"https:\/\/kfoundation.org\/l\/fi-brockwood\/#fi-centre\">Krishnamurti Centre<\/a> on ainutlaatuinen, luonnonkauniilla maaseudulla South Downs National Parkissa sijaitseva keskus, jossa voi hiljenty\u00e4 ja syventy\u00e4 itseens\u00e4 Krishnamurtin opetusten valossa yksin tai ryhmiss\u00e4.[\/et_pb_text][et_pb_button button_url=&#8221;https:\/\/kfoundation.org\/l\/fi-brockwood&#8221; button_text=&#8221;LUE LIS\u00c4\u00c4&#8221; button_alignment=&#8221;left&#8221; button_alignment_tablet=&#8221;left&#8221; button_alignment_phone=&#8221;left&#8221; button_alignment_last_edited=&#8221;on|phone&#8221; _builder_version=&#8221;4.18.0&#8243; _module_preset=&#8221;default&#8221; custom_button=&#8221;on&#8221; button_text_size=&#8221;19px&#8221; button_text_color=&#8221;#000000&#8243; button_bg_color=&#8221;RGBA(255,255,255,0)&#8221; button_border_width=&#8221;0px&#8221; button_border_color=&#8221;RGBA(255,255,255,0)&#8221; button_border_radius=&#8221;0px&#8221; button_letter_spacing=&#8221;0px&#8221; button_font=&#8221;helveticaneueconbold|||on|on||||solid&#8221; button_icon=&#8221;&#x24;||divi||400&#8243; custom_margin=&#8221;0px|0px|0px|0px|false|false&#8221; custom_margin_tablet=&#8221;30px|0px|0px|0px|false|false&#8221; custom_margin_phone=&#8221;0px|0px|0px|0px|false|false&#8221; custom_margin_last_edited=&#8221;on|phone&#8221; custom_padding=&#8221;0px|0px|0px|0px|false|false&#8221; custom_padding_tablet=&#8221;0px|0px|0px|0px|false|false&#8221; custom_padding_phone=&#8221;|||25px|false|false&#8221; custom_padding_last_edited=&#8221;on|desktop&#8221; global_colors_info=&#8221;{}&#8221;][\/et_pb_button][\/et_pb_column][\/et_pb_row][\/et_pb_section]<\/p>\n","protected":false},"excerpt":{"rendered":"<p>Krishnamurti Foundation Trust Foundationin teht\u00e4v\u00e4n\u00e4 on s\u00e4ilytt\u00e4\u00e4 ja pit\u00e4\u00e4 Krishnamurtin el\u00e4m\u00e4nty\u00f6t\u00e4 saatavilla. Olemme Englannissa toimiva hyv\u00e4ntekev\u00e4isyysj\u00e4rjest\u00f6, joka palvelee maailmanlaajuisesti niit\u00e4, jotka haluavat omakohtaisesti ymm\u00e4rt\u00e4\u00e4 Krishnamurtin opetuksia. Julkaisemme jatkuvasti kirjoja, artikkeleita ja lainauksia koska haluamme varmistaa, ett\u00e4 Krishnamurti tunnetaan laajasti nyt ja tulevaisuudessa. Toteutamme t\u00e4t\u00e4 hy\u00f6dynt\u00e4m\u00e4ll\u00e4 arkistoamme, jakamalla videoita ja audioita sosiaalisessa mediassa ja podcasteina.Krishnamurti J. [&hellip;]<\/p>\n","protected":false},"author":1,"featured_media":0,"parent":0,"menu_order":0,"comment_status":"closed","ping_status":"closed","template":"","meta":{"give_campaign_id":0,"_et_pb_use_builder":"on","_et_pb_old_content":"","_et_gb_content_width":"","footnotes":""},"class_list":["post-55845","page","type-page","status-publish","hentry"],"yoast_head":"<!-- This site is optimized with the Yoast SEO plugin v27.3 - https:\/\/yoast.com\/product\/yoast-seo-wordpress\/ -->\n<title>Krishnamurti Foundation Trust - Krishnamurtin opetukset<\/title>\n<meta name=\"description\" content=\"Krishnamurti Foundation on vuonna 1968 perustettu, kasvatukseen painottuva hyv\u00e4ntekev\u00e4isyysj\u00e4rjest\u00f6. Sen teht\u00e4v\u00e4n\u00e4 on s\u00e4ilytt\u00e4\u00e4 ja pit\u00e4\u00e4 saatavilla Krishnamurtin opetuksia.\" \/>\n<meta name=\"robots\" content=\"index, follow, max-snippet:-1, max-image-preview:large, max-video-preview:-1\" \/>\n<link rel=\"canonical\" href=\"https:\/\/kfoundation.org\/l\/fi\/\" \/>\n<meta property=\"og:locale\" content=\"en_GB\" \/>\n<meta property=\"og:type\" content=\"article\" \/>\n<meta property=\"og:title\" content=\"Krishnamurti Foundation Trust - Krishnamurtin opetukset\" \/>\n<meta property=\"og:description\" content=\"Krishnamurti Foundation on vuonna 1968 perustettu, kasvatukseen painottuva hyv\u00e4ntekev\u00e4isyysj\u00e4rjest\u00f6. Sen teht\u00e4v\u00e4n\u00e4 on s\u00e4ilytt\u00e4\u00e4 ja pit\u00e4\u00e4 saatavilla Krishnamurtin opetuksia.\" \/>\n<meta property=\"og:url\" content=\"https:\/\/kfoundation.org\/l\/fi\/\" \/>\n<meta property=\"og:site_name\" content=\"Krishnamurti Foundation Trust\" \/>\n<meta property=\"article:publisher\" content=\"https:\/\/www.facebook.com\/KrishnamurtiFoundationTrust\" \/>\n<meta property=\"article:modified_time\" content=\"2022-10-11T05:40:26+00:00\" \/>\n<meta name=\"twitter:card\" content=\"summary_large_image\" \/>\n<meta name=\"twitter:site\" content=\"@K__Quotes\" \/>\n<script type=\"application\/ld+json\" class=\"yoast-schema-graph\">{\"@context\":\"https:\\\/\\\/schema.org\",\"@graph\":[{\"@type\":\"WebPage\",\"@id\":\"https:\\\/\\\/kfoundation.org\\\/l\\\/fi\\\/\",\"url\":\"https:\\\/\\\/kfoundation.org\\\/l\\\/fi\\\/\",\"name\":\"Krishnamurti Foundation Trust - Krishnamurtin opetukset\",\"isPartOf\":{\"@id\":\"https:\\\/\\\/kfoundation.org\\\/l\\\/#website\"},\"datePublished\":\"2022-10-10T08:34:16+00:00\",\"dateModified\":\"2022-10-11T05:40:26+00:00\",\"description\":\"Krishnamurti Foundation on vuonna 1968 perustettu, kasvatukseen painottuva hyv\u00e4ntekev\u00e4isyysj\u00e4rjest\u00f6. Sen teht\u00e4v\u00e4n\u00e4 on s\u00e4ilytt\u00e4\u00e4 ja pit\u00e4\u00e4 saatavilla Krishnamurtin opetuksia.\",\"breadcrumb\":{\"@id\":\"https:\\\/\\\/kfoundation.org\\\/l\\\/fi\\\/#breadcrumb\"},\"inLanguage\":\"en-GB\",\"potentialAction\":[{\"@type\":\"ReadAction\",\"target\":[\"https:\\\/\\\/kfoundation.org\\\/l\\\/fi\\\/\"]}]},{\"@type\":\"BreadcrumbList\",\"@id\":\"https:\\\/\\\/kfoundation.org\\\/l\\\/fi\\\/#breadcrumb\",\"itemListElement\":[{\"@type\":\"ListItem\",\"position\":1,\"name\":\"Home\",\"item\":\"https:\\\/\\\/kfoundation.org\\\/l\\\/\"},{\"@type\":\"ListItem\",\"position\":2,\"name\":\"Krishnamurti Foundation Trust \u00b7 Suomi\"}]},{\"@type\":\"WebSite\",\"@id\":\"https:\\\/\\\/kfoundation.org\\\/l\\\/#website\",\"url\":\"https:\\\/\\\/kfoundation.org\\\/l\\\/\",\"name\":\"Krishnamurti Foundation Trust\",\"description\":\"Preserving and Making Available Krishnamurti&#039;s Teaching\",\"publisher\":{\"@id\":\"https:\\\/\\\/kfoundation.org\\\/l\\\/#organization\"},\"potentialAction\":[{\"@type\":\"SearchAction\",\"target\":{\"@type\":\"EntryPoint\",\"urlTemplate\":\"https:\\\/\\\/kfoundation.org\\\/l\\\/?s={search_term_string}\"},\"query-input\":{\"@type\":\"PropertyValueSpecification\",\"valueRequired\":true,\"valueName\":\"search_term_string\"}}],\"inLanguage\":\"en-GB\"},{\"@type\":\"Organization\",\"@id\":\"https:\\\/\\\/kfoundation.org\\\/l\\\/#organization\",\"name\":\"Krishnamurti Foundation Trust\",\"url\":\"https:\\\/\\\/kfoundation.org\\\/l\\\/\",\"logo\":{\"@type\":\"ImageObject\",\"inLanguage\":\"en-GB\",\"@id\":\"https:\\\/\\\/kfoundation.org\\\/l\\\/#\\\/schema\\\/logo\\\/image\\\/\",\"url\":\"https:\\\/\\\/kfoundation.org\\\/l\\\/wp-content\\\/uploads\\\/2022\\\/06\\\/KFT_Logo-1.jpg\",\"contentUrl\":\"https:\\\/\\\/kfoundation.org\\\/l\\\/wp-content\\\/uploads\\\/2022\\\/06\\\/KFT_Logo-1.jpg\",\"width\":1127,\"height\":212,\"caption\":\"Krishnamurti Foundation Trust\"},\"image\":{\"@id\":\"https:\\\/\\\/kfoundation.org\\\/l\\\/#\\\/schema\\\/logo\\\/image\\\/\"},\"sameAs\":[\"https:\\\/\\\/www.facebook.com\\\/KrishnamurtiFoundationTrust\",\"https:\\\/\\\/x.com\\\/K__Quotes\",\"https:\\\/\\\/www.instagram.com\\\/krishnamurtifoundationtrust\\\/\",\"https:\\\/\\\/www.linkedin.com\\\/company\\\/krishnamurtifoundationtrust\\\/\",\"https:\\\/\\\/www.youtube.com\\\/krishnamurtifoundationtrust\"]}]}<\/script>\n<!-- \/ Yoast SEO plugin. -->","yoast_head_json":{"title":"Krishnamurti Foundation Trust - Krishnamurtin opetukset","description":"Krishnamurti Foundation on vuonna 1968 perustettu, kasvatukseen painottuva hyv\u00e4ntekev\u00e4isyysj\u00e4rjest\u00f6. Sen teht\u00e4v\u00e4n\u00e4 on s\u00e4ilytt\u00e4\u00e4 ja pit\u00e4\u00e4 saatavilla Krishnamurtin opetuksia.","robots":{"index":"index","follow":"follow","max-snippet":"max-snippet:-1","max-image-preview":"max-image-preview:large","max-video-preview":"max-video-preview:-1"},"canonical":"https:\/\/kfoundation.org\/l\/fi\/","og_locale":"en_GB","og_type":"article","og_title":"Krishnamurti Foundation Trust - Krishnamurtin opetukset","og_description":"Krishnamurti Foundation on vuonna 1968 perustettu, kasvatukseen painottuva hyv\u00e4ntekev\u00e4isyysj\u00e4rjest\u00f6. Sen teht\u00e4v\u00e4n\u00e4 on s\u00e4ilytt\u00e4\u00e4 ja pit\u00e4\u00e4 saatavilla Krishnamurtin opetuksia.","og_url":"https:\/\/kfoundation.org\/l\/fi\/","og_site_name":"Krishnamurti Foundation Trust","article_publisher":"https:\/\/www.facebook.com\/KrishnamurtiFoundationTrust","article_modified_time":"2022-10-11T05:40:26+00:00","twitter_card":"summary_large_image","twitter_site":"@K__Quotes","schema":{"@context":"https:\/\/schema.org","@graph":[{"@type":"WebPage","@id":"https:\/\/kfoundation.org\/l\/fi\/","url":"https:\/\/kfoundation.org\/l\/fi\/","name":"Krishnamurti Foundation Trust - Krishnamurtin opetukset","isPartOf":{"@id":"https:\/\/kfoundation.org\/l\/#website"},"datePublished":"2022-10-10T08:34:16+00:00","dateModified":"2022-10-11T05:40:26+00:00","description":"Krishnamurti Foundation on vuonna 1968 perustettu, kasvatukseen painottuva hyv\u00e4ntekev\u00e4isyysj\u00e4rjest\u00f6. Sen teht\u00e4v\u00e4n\u00e4 on s\u00e4ilytt\u00e4\u00e4 ja pit\u00e4\u00e4 saatavilla Krishnamurtin opetuksia.","breadcrumb":{"@id":"https:\/\/kfoundation.org\/l\/fi\/#breadcrumb"},"inLanguage":"en-GB","potentialAction":[{"@type":"ReadAction","target":["https:\/\/kfoundation.org\/l\/fi\/"]}]},{"@type":"BreadcrumbList","@id":"https:\/\/kfoundation.org\/l\/fi\/#breadcrumb","itemListElement":[{"@type":"ListItem","position":1,"name":"Home","item":"https:\/\/kfoundation.org\/l\/"},{"@type":"ListItem","position":2,"name":"Krishnamurti Foundation Trust \u00b7 Suomi"}]},{"@type":"WebSite","@id":"https:\/\/kfoundation.org\/l\/#website","url":"https:\/\/kfoundation.org\/l\/","name":"Krishnamurti Foundation Trust","description":"Preserving and Making Available Krishnamurti&#039;s Teaching","publisher":{"@id":"https:\/\/kfoundation.org\/l\/#organization"},"potentialAction":[{"@type":"SearchAction","target":{"@type":"EntryPoint","urlTemplate":"https:\/\/kfoundation.org\/l\/?s={search_term_string}"},"query-input":{"@type":"PropertyValueSpecification","valueRequired":true,"valueName":"search_term_string"}}],"inLanguage":"en-GB"},{"@type":"Organization","@id":"https:\/\/kfoundation.org\/l\/#organization","name":"Krishnamurti Foundation Trust","url":"https:\/\/kfoundation.org\/l\/","logo":{"@type":"ImageObject","inLanguage":"en-GB","@id":"https:\/\/kfoundation.org\/l\/#\/schema\/logo\/image\/","url":"https:\/\/kfoundation.org\/l\/wp-content\/uploads\/2022\/06\/KFT_Logo-1.jpg","contentUrl":"https:\/\/kfoundation.org\/l\/wp-content\/uploads\/2022\/06\/KFT_Logo-1.jpg","width":1127,"height":212,"caption":"Krishnamurti Foundation Trust"},"image":{"@id":"https:\/\/kfoundation.org\/l\/#\/schema\/logo\/image\/"},"sameAs":["https:\/\/www.facebook.com\/KrishnamurtiFoundationTrust","https:\/\/x.com\/K__Quotes","https:\/\/www.instagram.com\/krishnamurtifoundationtrust\/","https:\/\/www.linkedin.com\/company\/krishnamurtifoundationtrust\/","https:\/\/www.youtube.com\/krishnamurtifoundationtrust"]}]}},"campaignId":"","_links":{"self":[{"href":"https:\/\/kfoundation.org\/l\/wp-json\/wp\/v2\/pages\/55845","targetHints":{"allow":["GET"]}}],"collection":[{"href":"https:\/\/kfoundation.org\/l\/wp-json\/wp\/v2\/pages"}],"about":[{"href":"https:\/\/kfoundation.org\/l\/wp-json\/wp\/v2\/types\/page"}],"author":[{"embeddable":true,"href":"https:\/\/kfoundation.org\/l\/wp-json\/wp\/v2\/users\/1"}],"replies":[{"embeddable":true,"href":"https:\/\/kfoundation.org\/l\/wp-json\/wp\/v2\/comments?post=55845"}],"version-history":[{"count":8,"href":"https:\/\/kfoundation.org\/l\/wp-json\/wp\/v2\/pages\/55845\/revisions"}],"predecessor-version":[{"id":56257,"href":"https:\/\/kfoundation.org\/l\/wp-json\/wp\/v2\/pages\/55845\/revisions\/56257"}],"wp:attachment":[{"href":"https:\/\/kfoundation.org\/l\/wp-json\/wp\/v2\/media?parent=55845"}],"curies":[{"name":"wp","href":"https:\/\/api.w.org\/{rel}","templated":true}]}}