{"id":56459,"date":"2022-10-11T16:03:08","date_gmt":"2022-10-11T15:03:08","guid":{"rendered":"https:\/\/kfoundation.org\/l\/?page_id=56459"},"modified":"2023-02-11T16:04:46","modified_gmt":"2023-02-11T16:04:46","slug":"fr-krishnamurti","status":"publish","type":"page","link":"https:\/\/kfoundation.org\/l\/fr-krishnamurti\/","title":{"rendered":"Les enseignements intemporels de Krishnamurti \u2022 La fondation Krishnamurti"},"content":{"rendered":"\n[et_pb_section fb_built=&#8221;1&#8243; _builder_version=&#8221;4.17.6&#8243; _module_preset=&#8221;default&#8221; custom_margin=&#8221;0px||40px||false|false&#8221; custom_padding=&#8221;0px||0px||false|false&#8221; global_colors_info=&#8221;{}&#8221;][et_pb_row column_structure=&#8221;1_2,1_2&#8243; _builder_version=&#8221;4.17.6&#8243; _module_preset=&#8221;default&#8221; background_size=&#8221;initial&#8221; background_position=&#8221;top_left&#8221; background_repeat=&#8221;repeat&#8221; width_tablet=&#8221;&#8221; width_phone=&#8221;100%&#8221; width_last_edited=&#8221;on|phone&#8221; custom_margin=&#8221;25px||||false|false&#8221; custom_margin_tablet=&#8221;&#8221; custom_margin_phone=&#8221;0px||0px||false|false&#8221; custom_margin_last_edited=&#8221;on|phone&#8221; custom_padding=&#8221;0px||0px||false|false&#8221; global_colors_info=&#8221;{}&#8221;][et_pb_column type=&#8221;1_2&#8243; _builder_version=&#8221;4.16&#8243; _module_preset=&#8221;default&#8221; custom_padding=&#8221;|||&#8221; global_colors_info=&#8221;{}&#8221; custom_padding__hover=&#8221;|||&#8221;][et_pb_image src=&#8221;https:\/\/kfoundation.org\/l\/wp-content\/uploads\/2022\/07\/black-and-white-photograph-of-j-krishnamurti.jpg&#8221; title_text=&#8221;black-and-white-photograph-of-j-krishnamurti&#8221; url=&#8221;https:\/\/kfoundation.org\/l\/fr-introduction-to-krishnamurti&#8221; _builder_version=&#8221;4.19.4&#8243; _module_preset=&#8221;default&#8221; hover_enabled=&#8221;0&#8243; global_colors_info=&#8221;{}&#8221; sticky_enabled=&#8221;0&#8243;][\/et_pb_image][et_pb_text quote_border_weight=&#8221;1px&#8221; quote_border_color=&#8221;#000000&#8243; _builder_version=&#8221;4.17.6&#8243; _module_preset=&#8221;default&#8221; text_text_color=&#8221;#000000&#8243; link_font=&#8221;||||on||||&#8221; quote_font=&#8221;tiemposregital||||||||&#8221; quote_text_color=&#8221;#000000&#8243; quote_font_size=&#8221;18px&#8221; quote_line_height=&#8221;1.3em&#8221; header_font=&#8221;tiemposfinesemibold||||||||&#8221; header_2_font=&#8221;tiemposfinesemibold|||||||#000000|&#8221; header_2_font_size=&#8221;36px&#8221; header_3_font=&#8221;tiemposfinesemibold|||||||#000000|&#8221; header_3_font_size=&#8221;36px&#8221; background_size=&#8221;initial&#8221; background_position=&#8221;top_left&#8221; background_repeat=&#8221;repeat&#8221; custom_margin=&#8221;||20px||false|false&#8221; custom_margin_tablet=&#8221;&#8221; custom_margin_phone=&#8221;||20px||false|false&#8221; custom_margin_last_edited=&#8221;on|phone&#8221; custom_padding_tablet=&#8221;&#8221; custom_padding_phone=&#8221;|25px||25px|false|false&#8221; custom_padding_last_edited=&#8221;on|phone&#8221; global_colors_info=&#8221;{}&#8221;]<h2>Introduction<\/h2>\n<p>\u00a0J. Krishnamurti est consid\u00e9r\u00e9 comme l&#8217;un des plus grands philosophes et \u00e9ducateur de tous les temps, son \u0153uvre ayant influenc\u00e9 des personnalit\u00e9s telles que George Bernard Shaw, David Bohm, Alan Watts, Henry Miller, Bruce Lee, Jackson Pollock et Aldous Huxley. Pourtant, Krishnamurti reste une \u00e9nigme ; avec une humilit\u00e9 extraordinaire \u00e0 notre \u00e9poque, il insistait sur le fait qu&#8217;il \u00e9tait totalement insignifiant en tant que personne. Nous pr\u00e9sentons ici un article destin\u00e9 \u00e0 ceux qui souhaitent en savoir plus sur Krishnamurti et ses enseignements, ainsi qu&#8217;une <a href=\"https:\/\/kfoundation.org\/l\/fr-krishnamurtis-biography\">biographie<\/a>.<\/p>[\/et_pb_text][et_pb_button button_url=&#8221;https:\/\/kfoundation.org\/l\/fr-introduction-to-krishnamurti&#8221; button_text=&#8221;Introduction&#8221; button_alignment=&#8221;left&#8221; button_alignment_tablet=&#8221;left&#8221; button_alignment_phone=&#8221;left&#8221; button_alignment_last_edited=&#8221;on|phone&#8221; _builder_version=&#8221;4.19.4&#8243; _module_preset=&#8221;default&#8221; custom_button=&#8221;on&#8221; button_text_size=&#8221;19px&#8221; button_text_color=&#8221;#000000&#8243; button_bg_color=&#8221;RGBA(255,255,255,0)&#8221; button_border_width=&#8221;0px&#8221; button_border_color=&#8221;RGBA(255,255,255,0)&#8221; button_border_radius=&#8221;0px&#8221; button_letter_spacing=&#8221;0px&#8221; button_font=&#8221;helveticaneueconbold|||on|on||||solid&#8221; button_icon=&#8221;&#x24;||divi||400&#8243; custom_margin=&#8221;0px|0px|0px|0px|false|false&#8221; custom_padding=&#8221;0px|0px|0px|0px|false|false&#8221; custom_padding_tablet=&#8221;0px|0px|0px|0px|false|false&#8221; custom_padding_phone=&#8221;|||25px|false|false&#8221; custom_padding_last_edited=&#8221;on|desktop&#8221; hover_enabled=&#8221;0&#8243; global_colors_info=&#8221;{}&#8221; sticky_enabled=&#8221;0&#8243;][\/et_pb_button][\/et_pb_column][et_pb_column type=&#8221;1_2&#8243; _builder_version=&#8221;4.16&#8243; _module_preset=&#8221;default&#8221; custom_padding=&#8221;|||&#8221; global_colors_info=&#8221;{}&#8221; custom_padding__hover=&#8221;|||&#8221;][et_pb_image src=&#8221;https:\/\/kfoundation.org\/l\/wp-content\/uploads\/2022\/07\/black-and-white-photo-of-j-krishnamurti-looking-up-towards-the-camera-with-white-background.jpg&#8221; title_text=&#8221;black-and-white-photo-of-j-krishnamurti-looking-up-towards-the-camera-with-white-background&#8221; _builder_version=&#8221;4.19.4&#8243; _module_preset=&#8221;default&#8221; hover_enabled=&#8221;0&#8243; global_colors_info=&#8221;{}&#8221; sticky_enabled=&#8221;0&#8243;][\/et_pb_image][et_pb_text quote_border_weight=&#8221;1px&#8221; quote_border_color=&#8221;#000000&#8243; _builder_version=&#8221;4.17.6&#8243; _module_preset=&#8221;default&#8221; text_text_color=&#8221;#000000&#8243; link_font=&#8221;||||on|||#000000|&#8221; quote_font=&#8221;tiemposregital||||||||&#8221; quote_font_size=&#8221;18px&#8221; quote_line_height=&#8221;1.3em&#8221; header_font=&#8221;tiemposfinesemibold||||||||&#8221; header_2_font=&#8221;tiemposfinesemibold|||||||#000000|&#8221; header_2_font_size=&#8221;36px&#8221; header_3_font=&#8221;tiemposfinesemibold|||||||#000000|&#8221; header_3_font_size=&#8221;36px&#8221; background_size=&#8221;initial&#8221; background_position=&#8221;top_left&#8221; background_repeat=&#8221;repeat&#8221; custom_margin=&#8221;||20px||false|false&#8221; custom_margin_tablet=&#8221;&#8221; custom_margin_phone=&#8221;||20px||false|false&#8221; custom_margin_last_edited=&#8221;on|phone&#8221; custom_padding=&#8221;|0px||0px|false|false&#8221; custom_padding_tablet=&#8221;|0px||0px|false|false&#8221; custom_padding_phone=&#8221;|25px||25px|false|false&#8221; custom_padding_last_edited=&#8221;on|phone&#8221; inline_fonts=&#8221;neuehaasunicapro-it&#8221; global_colors_info=&#8221;{}&#8221;]<h2>Les enseignements de Krishnamurti<\/h2>\n<p>\u00a0L&#8217;\u0153uvre de Krishnamurti est vaste : en plus de ses \u00e9crits, il a donn\u00e9 des conf\u00e9rences publiques pendant pr\u00e8s de soixante-dix ans, et a eu des discussions individuelles et en groupe avec des scientifiques, des \u00e9ducateurs, des universitaires, des m\u00e9decins et des \u00e9tudiants ; toutes ces conf\u00e9rences et discussions ont \u00e9t\u00e9 sauvegard\u00e9 sous forme de textes et d&#8217;enregistrements audios et vid\u00e9os. Nous \u00e9ditons tout ce mat\u00e9riel pour rendre les enseignements de Krishnamurti accessibles sous diff\u00e9rentes formes : articles, <a href=\"https:\/\/kfoundation.org\/l\/nl-krishnamurti-bookshttps:\/\/kfoundation.org\/l\/fr-krishnamurti-books\/\" style=\"box-sizing: border-box; text-decoration: underline; margin: 0px; padding: 0px; border: 0px; outline: 0px; font-size: 19px; vertical-align: baseline; background-color: transparent; color: #020000; font-family: helveticaneueconbold, Georgia, 'Times New Roman', serif; text-transform: uppercase; text-decoration-color: #000000; font-style: normal; font-variant-caps: normal; font-weight: 500; letter-spacing: normal; orphans: auto; text-align: left; text-indent: 0px; white-space: normal; widows: auto; word-spacing: 0px; -webkit-text-size-adjust: auto; -webkit-text-stroke-width: 0px;\">livres<\/a>, textes sur des sujets cl\u00e9s, index complet, <a href=\"https:\/\/kfoundation.org\/l\/fr-quotes\" style=\"box-sizing: border-box; text-decoration: underline; margin: 0px; padding: 0px; border: 0px; outline: 0px; font-size: 19px; vertical-align: baseline; background-color: transparent; color: #020000; font-family: helveticaneueconbold, Georgia, 'Times New Roman', serif; text-transform: uppercase; text-decoration-color: #000000; font-style: normal; font-variant-caps: normal; font-weight: 500; letter-spacing: normal; orphans: auto; text-align: left; text-indent: 0px; white-space: normal; widows: auto; word-spacing: 0px; -webkit-text-size-adjust: auto; -webkit-text-stroke-width: 0px;\">citations<\/a>, enregistrements <a href=\"https:\/\/kfoundation.org\/l\/fr-video\" style=\"box-sizing: border-box; text-decoration: underline; margin: 0px; padding: 0px; border: 0px; outline: 0px; font-size: 19px; vertical-align: baseline; background-color: transparent; color: #020000; font-family: helveticaneueconbold, Georgia, 'Times New Roman', serif; text-transform: uppercase; text-decoration-color: #000000; font-style: normal; font-variant-caps: normal; font-weight: 500; letter-spacing: normal; orphans: auto; text-align: left; text-indent: 0px; white-space: normal; widows: auto; word-spacing: 0px; -webkit-text-size-adjust: auto; -webkit-text-stroke-width: 0px;\">vid\u00e9os et audios<\/a> (complets ou sous forme d&#8217;extraits), et nos podcasts &#8220;Urgency of Change&#8221;.<\/p>[\/et_pb_text][\/et_pb_column][\/et_pb_row][\/et_pb_section]\n","protected":false},"excerpt":{"rendered":"<p>Introduction \u00a0J. Krishnamurti est consid\u00e9r\u00e9 comme l&#8217;un des plus grands philosophes et \u00e9ducateur de tous les temps, son \u0153uvre ayant influenc\u00e9 des personnalit\u00e9s telles que George Bernard Shaw, David Bohm, Alan Watts, Henry Miller, Bruce Lee, Jackson Pollock et Aldous Huxley. Pourtant, Krishnamurti reste une \u00e9nigme ; avec une humilit\u00e9 extraordinaire \u00e0 notre \u00e9poque, il [&hellip;]<\/p>\n","protected":false},"author":1,"featured_media":0,"parent":0,"menu_order":0,"comment_status":"closed","ping_status":"closed","template":"","meta":{"give_campaign_id":0,"_et_pb_use_builder":"on","_et_pb_old_content":"","_et_gb_content_width":"","footnotes":""},"class_list":["post-56459","page","type-page","status-publish","hentry"],"yoast_head":"<!-- This site is optimized with the Yoast SEO plugin v27.4 - https:\/\/yoast.com\/product\/yoast-seo-wordpress\/ -->\n<title>Les enseignements intemporels de Krishnamurti \u2022 La fondation Krishnamurti<\/title>\n<meta name=\"description\" content=\"D\u00e9couvrez l&#039;\u0153uvre de l&#039;un des plus grands penseurs et enseignants spirituel de tous les temps. Livres, vid\u00e9o, audio, photos, articles et plus encore.\" \/>\n<meta name=\"robots\" content=\"index, follow, max-snippet:-1, max-image-preview:large, max-video-preview:-1\" \/>\n<link rel=\"canonical\" href=\"https:\/\/kfoundation.org\/l\/fr-krishnamurti\/\" \/>\n<meta property=\"og:locale\" content=\"en_GB\" \/>\n<meta property=\"og:type\" content=\"article\" \/>\n<meta property=\"og:title\" content=\"Les enseignements intemporels de Krishnamurti \u2022 La fondation Krishnamurti\" \/>\n<meta property=\"og:description\" content=\"D\u00e9couvrez l&#039;\u0153uvre de l&#039;un des plus grands penseurs et enseignants spirituel de tous les temps. Livres, vid\u00e9o, audio, photos, articles et plus encore.\" \/>\n<meta property=\"og:url\" content=\"https:\/\/kfoundation.org\/l\/fr-krishnamurti\/\" \/>\n<meta property=\"og:site_name\" content=\"Krishnamurti Foundation Trust\" \/>\n<meta property=\"article:publisher\" content=\"https:\/\/www.facebook.com\/KrishnamurtiFoundationTrust\" \/>\n<meta property=\"article:modified_time\" content=\"2023-02-11T16:04:46+00:00\" \/>\n<meta name=\"twitter:card\" content=\"summary_large_image\" \/>\n<meta name=\"twitter:site\" content=\"@K__Quotes\" \/>\n<meta name=\"twitter:label1\" content=\"Estimated reading time\" \/>\n\t<meta name=\"twitter:data1\" content=\"2 minutes\" \/>\n<script type=\"application\/ld+json\" class=\"yoast-schema-graph\">{\"@context\":\"https:\\\/\\\/schema.org\",\"@graph\":[{\"@type\":\"WebPage\",\"@id\":\"https:\\\/\\\/kfoundation.org\\\/l\\\/fr-krishnamurti\\\/\",\"url\":\"https:\\\/\\\/kfoundation.org\\\/l\\\/fr-krishnamurti\\\/\",\"name\":\"Les enseignements intemporels de Krishnamurti \u2022 La fondation Krishnamurti\",\"isPartOf\":{\"@id\":\"https:\\\/\\\/kfoundation.org\\\/l\\\/#website\"},\"datePublished\":\"2022-10-11T15:03:08+00:00\",\"dateModified\":\"2023-02-11T16:04:46+00:00\",\"description\":\"D\u00e9couvrez l'\u0153uvre de l'un des plus grands penseurs et enseignants spirituel de tous les temps. Livres, vid\u00e9o, audio, photos, articles et plus encore.\",\"breadcrumb\":{\"@id\":\"https:\\\/\\\/kfoundation.org\\\/l\\\/fr-krishnamurti\\\/#breadcrumb\"},\"inLanguage\":\"en-GB\",\"potentialAction\":[{\"@type\":\"ReadAction\",\"target\":[\"https:\\\/\\\/kfoundation.org\\\/l\\\/fr-krishnamurti\\\/\"]}]},{\"@type\":\"BreadcrumbList\",\"@id\":\"https:\\\/\\\/kfoundation.org\\\/l\\\/fr-krishnamurti\\\/#breadcrumb\",\"itemListElement\":[{\"@type\":\"ListItem\",\"position\":1,\"name\":\"Home\",\"item\":\"https:\\\/\\\/kfoundation.org\\\/l\\\/\"},{\"@type\":\"ListItem\",\"position\":2,\"name\":\"Les enseignements intemporels de Krishnamurti \u2022 La fondation Krishnamurti\"}]},{\"@type\":\"WebSite\",\"@id\":\"https:\\\/\\\/kfoundation.org\\\/l\\\/#website\",\"url\":\"https:\\\/\\\/kfoundation.org\\\/l\\\/\",\"name\":\"Krishnamurti Foundation Trust\",\"description\":\"Preserving and Making Available Krishnamurti&#039;s Teaching\",\"publisher\":{\"@id\":\"https:\\\/\\\/kfoundation.org\\\/l\\\/#organization\"},\"potentialAction\":[{\"@type\":\"SearchAction\",\"target\":{\"@type\":\"EntryPoint\",\"urlTemplate\":\"https:\\\/\\\/kfoundation.org\\\/l\\\/?s={search_term_string}\"},\"query-input\":{\"@type\":\"PropertyValueSpecification\",\"valueRequired\":true,\"valueName\":\"search_term_string\"}}],\"inLanguage\":\"en-GB\"},{\"@type\":\"Organization\",\"@id\":\"https:\\\/\\\/kfoundation.org\\\/l\\\/#organization\",\"name\":\"Krishnamurti Foundation Trust\",\"url\":\"https:\\\/\\\/kfoundation.org\\\/l\\\/\",\"logo\":{\"@type\":\"ImageObject\",\"inLanguage\":\"en-GB\",\"@id\":\"https:\\\/\\\/kfoundation.org\\\/l\\\/#\\\/schema\\\/logo\\\/image\\\/\",\"url\":\"https:\\\/\\\/kfoundation.org\\\/l\\\/wp-content\\\/uploads\\\/2022\\\/06\\\/KFT_Logo-1.jpg\",\"contentUrl\":\"https:\\\/\\\/kfoundation.org\\\/l\\\/wp-content\\\/uploads\\\/2022\\\/06\\\/KFT_Logo-1.jpg\",\"width\":1127,\"height\":212,\"caption\":\"Krishnamurti Foundation Trust\"},\"image\":{\"@id\":\"https:\\\/\\\/kfoundation.org\\\/l\\\/#\\\/schema\\\/logo\\\/image\\\/\"},\"sameAs\":[\"https:\\\/\\\/www.facebook.com\\\/KrishnamurtiFoundationTrust\",\"https:\\\/\\\/x.com\\\/K__Quotes\",\"https:\\\/\\\/www.instagram.com\\\/krishnamurtifoundationtrust\\\/\",\"https:\\\/\\\/www.linkedin.com\\\/company\\\/krishnamurtifoundationtrust\\\/\",\"https:\\\/\\\/www.youtube.com\\\/krishnamurtifoundationtrust\"]}]}<\/script>\n<!-- \/ Yoast SEO plugin. -->","yoast_head_json":{"title":"Les enseignements intemporels de Krishnamurti \u2022 La fondation Krishnamurti","description":"D\u00e9couvrez l'\u0153uvre de l'un des plus grands penseurs et enseignants spirituel de tous les temps. Livres, vid\u00e9o, audio, photos, articles et plus encore.","robots":{"index":"index","follow":"follow","max-snippet":"max-snippet:-1","max-image-preview":"max-image-preview:large","max-video-preview":"max-video-preview:-1"},"canonical":"https:\/\/kfoundation.org\/l\/fr-krishnamurti\/","og_locale":"en_GB","og_type":"article","og_title":"Les enseignements intemporels de Krishnamurti \u2022 La fondation Krishnamurti","og_description":"D\u00e9couvrez l'\u0153uvre de l'un des plus grands penseurs et enseignants spirituel de tous les temps. Livres, vid\u00e9o, audio, photos, articles et plus encore.","og_url":"https:\/\/kfoundation.org\/l\/fr-krishnamurti\/","og_site_name":"Krishnamurti Foundation Trust","article_publisher":"https:\/\/www.facebook.com\/KrishnamurtiFoundationTrust","article_modified_time":"2023-02-11T16:04:46+00:00","twitter_card":"summary_large_image","twitter_site":"@K__Quotes","twitter_misc":{"Estimated reading time":"2 minutes"},"schema":{"@context":"https:\/\/schema.org","@graph":[{"@type":"WebPage","@id":"https:\/\/kfoundation.org\/l\/fr-krishnamurti\/","url":"https:\/\/kfoundation.org\/l\/fr-krishnamurti\/","name":"Les enseignements intemporels de Krishnamurti \u2022 La fondation Krishnamurti","isPartOf":{"@id":"https:\/\/kfoundation.org\/l\/#website"},"datePublished":"2022-10-11T15:03:08+00:00","dateModified":"2023-02-11T16:04:46+00:00","description":"D\u00e9couvrez l'\u0153uvre de l'un des plus grands penseurs et enseignants spirituel de tous les temps. Livres, vid\u00e9o, audio, photos, articles et plus encore.","breadcrumb":{"@id":"https:\/\/kfoundation.org\/l\/fr-krishnamurti\/#breadcrumb"},"inLanguage":"en-GB","potentialAction":[{"@type":"ReadAction","target":["https:\/\/kfoundation.org\/l\/fr-krishnamurti\/"]}]},{"@type":"BreadcrumbList","@id":"https:\/\/kfoundation.org\/l\/fr-krishnamurti\/#breadcrumb","itemListElement":[{"@type":"ListItem","position":1,"name":"Home","item":"https:\/\/kfoundation.org\/l\/"},{"@type":"ListItem","position":2,"name":"Les enseignements intemporels de Krishnamurti \u2022 La fondation Krishnamurti"}]},{"@type":"WebSite","@id":"https:\/\/kfoundation.org\/l\/#website","url":"https:\/\/kfoundation.org\/l\/","name":"Krishnamurti Foundation Trust","description":"Preserving and Making Available Krishnamurti&#039;s Teaching","publisher":{"@id":"https:\/\/kfoundation.org\/l\/#organization"},"potentialAction":[{"@type":"SearchAction","target":{"@type":"EntryPoint","urlTemplate":"https:\/\/kfoundation.org\/l\/?s={search_term_string}"},"query-input":{"@type":"PropertyValueSpecification","valueRequired":true,"valueName":"search_term_string"}}],"inLanguage":"en-GB"},{"@type":"Organization","@id":"https:\/\/kfoundation.org\/l\/#organization","name":"Krishnamurti Foundation Trust","url":"https:\/\/kfoundation.org\/l\/","logo":{"@type":"ImageObject","inLanguage":"en-GB","@id":"https:\/\/kfoundation.org\/l\/#\/schema\/logo\/image\/","url":"https:\/\/kfoundation.org\/l\/wp-content\/uploads\/2022\/06\/KFT_Logo-1.jpg","contentUrl":"https:\/\/kfoundation.org\/l\/wp-content\/uploads\/2022\/06\/KFT_Logo-1.jpg","width":1127,"height":212,"caption":"Krishnamurti Foundation Trust"},"image":{"@id":"https:\/\/kfoundation.org\/l\/#\/schema\/logo\/image\/"},"sameAs":["https:\/\/www.facebook.com\/KrishnamurtiFoundationTrust","https:\/\/x.com\/K__Quotes","https:\/\/www.instagram.com\/krishnamurtifoundationtrust\/","https:\/\/www.linkedin.com\/company\/krishnamurtifoundationtrust\/","https:\/\/www.youtube.com\/krishnamurtifoundationtrust"]}]}},"campaignId":"","_links":{"self":[{"href":"https:\/\/kfoundation.org\/l\/wp-json\/wp\/v2\/pages\/56459","targetHints":{"allow":["GET"]}}],"collection":[{"href":"https:\/\/kfoundation.org\/l\/wp-json\/wp\/v2\/pages"}],"about":[{"href":"https:\/\/kfoundation.org\/l\/wp-json\/wp\/v2\/types\/page"}],"author":[{"embeddable":true,"href":"https:\/\/kfoundation.org\/l\/wp-json\/wp\/v2\/users\/1"}],"replies":[{"embeddable":true,"href":"https:\/\/kfoundation.org\/l\/wp-json\/wp\/v2\/comments?post=56459"}],"version-history":[{"count":11,"href":"https:\/\/kfoundation.org\/l\/wp-json\/wp\/v2\/pages\/56459\/revisions"}],"predecessor-version":[{"id":59864,"href":"https:\/\/kfoundation.org\/l\/wp-json\/wp\/v2\/pages\/56459\/revisions\/59864"}],"wp:attachment":[{"href":"https:\/\/kfoundation.org\/l\/wp-json\/wp\/v2\/media?parent=56459"}],"curies":[{"name":"wp","href":"https:\/\/api.w.org\/{rel}","templated":true}]}}