{"id":56614,"date":"2022-10-14T15:44:14","date_gmt":"2022-10-14T14:44:14","guid":{"rendered":"https:\/\/kfoundation.org\/l\/?page_id=56614"},"modified":"2023-07-11T08:24:31","modified_gmt":"2023-07-11T07:24:31","slug":"it","status":"publish","type":"page","link":"https:\/\/kfoundation.org\/l\/it\/","title":{"rendered":"Fondazione Krishnamurti \u2022 Gli Insegnamenti di Krishnamurti"},"content":{"rendered":"<p>[et_pb_section fb_built=&#8221;1&#8243; _builder_version=&#8221;4.17.6&#8243; _module_preset=&#8221;default&#8221; custom_margin=&#8221;0px||0px||false|false&#8221; custom_padding=&#8221;0px||||false|false&#8221; global_colors_info=&#8221;{}&#8221;][et_pb_row column_structure=&#8221;1_2,1_2&#8243; use_custom_gutter=&#8221;on&#8221; gutter_width=&#8221;3&#8243; make_equal=&#8221;on&#8221; custom_padding_last_edited=&#8221;on|phone&#8221; _builder_version=&#8221;4.18.0&#8243; _module_preset=&#8221;default&#8221; background_size=&#8221;initial&#8221; background_position=&#8221;top_left&#8221; background_repeat=&#8221;repeat&#8221; width=&#8221;auto&#8221; width_tablet=&#8221;85%&#8221; width_phone=&#8221;100%&#8221; width_last_edited=&#8221;on|tablet&#8221; custom_margin=&#8221;25px||0px||false|false&#8221; custom_margin_tablet=&#8221;55px||||false|false&#8221; custom_margin_phone=&#8221;0px||0px||false|false&#8221; custom_margin_last_edited=&#8221;on|phone&#8221; custom_padding=&#8221;0px||0px||false|false&#8221; custom_padding_tablet=&#8221;0px||||false|false&#8221; custom_padding_phone=&#8221;||0px||false|false&#8221; custom_css_main_element=&#8221;align-items: center;&#8221; global_colors_info=&#8221;{}&#8221;][et_pb_column type=&#8221;1_2&#8243; _builder_version=&#8221;4.16&#8243; _module_preset=&#8221;default&#8221; custom_padding=&#8221;|||&#8221; global_colors_info=&#8221;{}&#8221; custom_padding__hover=&#8221;|||&#8221;][et_pb_image src=&#8221;https:\/\/kfoundation.org\/l\/wp-content\/uploads\/2022\/08\/Jiddu_Krishnamurti.jpg&#8221; alt=&#8221;Portrait of philosopher and teacher J. Krishnamurti&#8221; title_text=&#8221;J. Krishnamurti&#8221; align=&#8221;center&#8221; _builder_version=&#8221;4.18.0&#8243; _module_preset=&#8221;default&#8221; width_tablet=&#8221;65%&#8221; width_phone=&#8221;100%&#8221; width_last_edited=&#8221;on|tablet&#8221; max_width_tablet=&#8221;&#8221; max_width_phone=&#8221;&#8221; max_width_last_edited=&#8221;on|phone&#8221; module_alignment=&#8221;center&#8221; border_color_all=&#8221;RGBA(255,255,255,0)&#8221; global_colors_info=&#8221;{}&#8221;][\/et_pb_image][\/et_pb_column][et_pb_column type=&#8221;1_2&#8243; _builder_version=&#8221;4.16&#8243; _module_preset=&#8221;default&#8221; custom_padding=&#8221;|||&#8221; global_colors_info=&#8221;{}&#8221; custom_padding__hover=&#8221;|||&#8221;][et_pb_text _builder_version=&#8221;4.21.0&#8243; _module_preset=&#8221;default&#8221; text_font=&#8221;||||||||&#8221; text_text_color=&#8221;#000000&#8243; link_font=&#8221;||||on||||&#8221; header_font=&#8221;tiemposfinesemibold|||||||#000000|solid&#8221; header_2_font=&#8221;||||||||&#8221; header_2_font_size=&#8221;35px&#8221; background_size=&#8221;initial&#8221; background_position=&#8221;top_left&#8221; background_repeat=&#8221;repeat&#8221; width=&#8221;100%&#8221; module_alignment=&#8221;center&#8221; custom_margin=&#8221;||20px||false|false&#8221; custom_margin_tablet=&#8221;||0px||false|false&#8221; custom_margin_phone=&#8221;||0px||false|false&#8221; custom_margin_last_edited=&#8221;on|tablet&#8221; custom_padding=&#8221;||||false|false&#8221; custom_padding_tablet=&#8221;|25px||25px|false|false&#8221; custom_padding_phone=&#8221;||0px||false|false&#8221; custom_padding_last_edited=&#8221;on|phone&#8221; global_colors_info=&#8221;{}&#8221;]<\/p>\n<h1>Fondazione Krishnamurti<\/h1>\n<p>La <a href=\"https:\/\/kfoundation.org\/l\/it-foundation\">Fondazione<\/a> esiste per conservare e rendere disponibili le opere di Krishnamurti. Siamo un&#8217;organizzazione senza scopo di lucro con sede in Inghilterra, al servizio di coloro che si propongono di comprendere gli insegnamenti di Krishnamurti nella vita.<\/p>\n<p>Ci occupiamo di pubblicare <a href=\"https:\/\/kfoundation.org\/l\/it-krishnamurti-books\">libri<\/a> originali, articoli e <a href=\"https:\/\/kfoundation.org\/l\/it-quotes\">citazioni<\/a> scelti, e di assicurare che Krishnamurti sia conosciuto ora e in futuro, grazie ai nostri archivi, al materiale <a href=\"https:\/\/kfoundation.org\/l\/it-video\">video e audio<\/a> messo a disposizione gratuitamente, ai <a href=\"https:\/\/www.instagram.com\/krishnamurtifoundationtrust\/\">social media<\/a> e al nostro <a href=\"https:\/\/podfollow.com\/1480713299\">podcast<\/a>.<\/p>\n<p>[\/et_pb_text][et_pb_code _builder_version=&#8221;4.17.4&#8243; _module_preset=&#8221;default&#8221; global_colors_info=&#8221;{}&#8221;][\/et_pb_code][\/et_pb_column][\/et_pb_row][et_pb_row disabled_on=&#8221;on|off|off&#8221; _builder_version=&#8221;4.17.6&#8243; _module_preset=&#8221;default&#8221; global_colors_info=&#8221;{}&#8221;][et_pb_column type=&#8221;4_4&#8243; _builder_version=&#8221;4.17.4&#8243; _module_preset=&#8221;default&#8221; global_colors_info=&#8221;{}&#8221;][et_pb_divider divider_position=&#8221;center&#8221; _builder_version=&#8221;4.17.4&#8243; _module_preset=&#8221;default&#8221; custom_margin=&#8221;0px||||false|false&#8221; custom_padding=&#8221;0px||||false|false&#8221; global_colors_info=&#8221;{}&#8221;][\/et_pb_divider][\/et_pb_column][\/et_pb_row][et_pb_row column_structure=&#8221;1_2,1_2&#8243; use_custom_gutter=&#8221;on&#8221; gutter_width=&#8221;3&#8243; _builder_version=&#8221;4.18.0&#8243; _module_preset=&#8221;default&#8221; background_size=&#8221;initial&#8221; background_position=&#8221;top_left&#8221; background_repeat=&#8221;repeat&#8221; width_tablet=&#8221;&#8221; width_phone=&#8221;100%&#8221; width_last_edited=&#8221;on|phone&#8221; custom_margin=&#8221;0px||||false|false&#8221; custom_margin_tablet=&#8221;&#8221; custom_margin_phone=&#8221;||0px||false|false&#8221; custom_margin_last_edited=&#8221;on|phone&#8221; custom_padding=&#8221;0px||0px||false|false&#8221; global_colors_info=&#8221;{}&#8221;][et_pb_column type=&#8221;1_2&#8243; _builder_version=&#8221;4.16&#8243; _module_preset=&#8221;default&#8221; custom_padding=&#8221;|||&#8221; global_colors_info=&#8221;{}&#8221; custom_padding__hover=&#8221;|||&#8221;][et_pb_divider divider_position=&#8221;center&#8221; disabled_on=&#8221;off|on|on&#8221; _builder_version=&#8221;4.17.6&#8243; _module_preset=&#8221;default&#8221; custom_margin=&#8221;0px||20px||false|false&#8221; custom_margin_tablet=&#8221;20px||||false|false&#8221; custom_margin_phone=&#8221;25px||20px||false|false&#8221; custom_margin_last_edited=&#8221;on|phone&#8221; custom_padding=&#8221;0px|25px|0px|25px|false|false&#8221; global_colors_info=&#8221;{}&#8221;][\/et_pb_divider][et_pb_text quote_border_weight=&#8221;1px&#8221; quote_border_color=&#8221;#000000&#8243; module_class=&#8221;last-quote-follow-paragraph&#8221; _builder_version=&#8221;4.18.0&#8243; _module_preset=&#8221;default&#8221; text_text_color=&#8221;#000000&#8243; link_font=&#8221;||||on||||&#8221; quote_font=&#8221;tiemposregital||||||||&#8221; quote_text_color=&#8221;#000000&#8243; quote_font_size=&#8221;18px&#8221; quote_line_height=&#8221;1.3em&#8221; header_font=&#8221;tiemposfinesemibold||||||||&#8221; header_2_font=&#8221;tiemposfinesemibold|||||||#000000|&#8221; header_2_font_size=&#8221;36px&#8221; header_3_font=&#8221;tiemposfinesemibold|||||||#000000|&#8221; header_3_font_size=&#8221;36px&#8221; background_size=&#8221;initial&#8221; background_position=&#8221;top_left&#8221; background_repeat=&#8221;repeat&#8221; custom_margin=&#8221;||20px||false|false&#8221; custom_margin_tablet=&#8221;&#8221; custom_margin_phone=&#8221;||20px||false|false&#8221; custom_margin_last_edited=&#8221;on|phone&#8221; custom_padding_tablet=&#8221;&#8221; custom_padding_phone=&#8221;|25px||25px|false|false&#8221; custom_padding_last_edited=&#8221;on|phone&#8221; global_colors_info=&#8221;{}&#8221;]<\/p>\n<h2>Krishnamurti<\/h2>\n<p>J. Krishnamurti \u00e8 considerato uno dei pi\u00f9 grandi filosofi e maestri di tutti i tempi. Per settant&#8217;anni ha parlato in molte parti del mondo, di fronte grandi platee e individualmente con moltissime persone, inclusi scrittori, scienziati, filosofi ed educatori.<\/p>\n<p>Krishnamurti era interessato a tutta l&#8217;umanit\u00e0, non sosteneva alcuna nazionalit\u00e0 o credo, e non apparteneva ad alcun gruppo o cultura. Fond\u00f2 diverse scuole in India, in Inghilterra e Stati Uniti, che continuano a occuparsi di educazione per una comprensione totale dell&#8217;umanit\u00e0 e dell&#8217;arte di vivere. Krishnamurti sottolineava che soltanto con questa profonda comprensione possiamo vivere in pace. &#8216;C&#8217;\u00e8 speranza nell&#8217;umanit\u00e0, non nei sistemi, nelle religioni organizzate, ma in te e me.&#8217;<\/p>\n<p>Gli argomenti centrali dei suoi insegnamenti includono: libert\u00e0, amore, paura, meditazione e intelligenza.<\/p>\n<p>[\/et_pb_text][et_pb_button button_url=&#8221;https:\/\/kfoundation.org\/l\/it-krishnamurti\/&#8221; button_text=&#8221;SEGUE&#8221; button_alignment=&#8221;left&#8221; button_alignment_tablet=&#8221;left&#8221; button_alignment_phone=&#8221;left&#8221; button_alignment_last_edited=&#8221;on|phone&#8221; _builder_version=&#8221;4.19.5&#8243; _module_preset=&#8221;default&#8221; custom_button=&#8221;on&#8221; button_text_size=&#8221;19px&#8221; button_text_color=&#8221;#000000&#8243; button_bg_color=&#8221;RGBA(255,255,255,0)&#8221; button_border_width=&#8221;0px&#8221; button_border_color=&#8221;RGBA(255,255,255,0)&#8221; button_border_radius=&#8221;0px&#8221; button_letter_spacing=&#8221;0px&#8221; button_font=&#8221;helveticaneueconbold|||on|on||||solid&#8221; button_icon=&#8221;&#x24;||divi||400&#8243; custom_margin=&#8221;0px|0px|0px|0px|false|false&#8221; custom_padding=&#8221;0px|0px|0px|0px|false|false&#8221; custom_padding_tablet=&#8221;0px|0px|0px|0px|false|false&#8221; custom_padding_phone=&#8221;|||25px|false|false&#8221; custom_padding_last_edited=&#8221;on|desktop&#8221; global_colors_info=&#8221;{}&#8221;][\/et_pb_button][\/et_pb_column][et_pb_column type=&#8221;1_2&#8243; _builder_version=&#8221;4.16&#8243; _module_preset=&#8221;default&#8221; custom_padding=&#8221;|||&#8221; global_colors_info=&#8221;{}&#8221; custom_padding__hover=&#8221;|||&#8221;][et_pb_divider divider_position=&#8221;center&#8221; disabled_on=&#8221;off|off|on&#8221; _builder_version=&#8221;4.17.6&#8243; _module_preset=&#8221;default&#8221; custom_margin_tablet=&#8221;&#8221; custom_margin_phone=&#8221;0px||20px||false|false&#8221; custom_margin_last_edited=&#8221;on|phone&#8221; custom_padding=&#8221;|25px|0px|25px|false|false&#8221; custom_padding_tablet=&#8221;|0px||0px|false|false&#8221; custom_padding_phone=&#8221;|25px||25px|false|false&#8221; custom_padding_last_edited=&#8221;on|tablet&#8221; global_colors_info=&#8221;{}&#8221;][\/et_pb_divider][et_pb_text quote_border_weight=&#8221;1px&#8221; quote_border_color=&#8221;#000000&#8243; _builder_version=&#8221;4.21.0&#8243; _module_preset=&#8221;default&#8221; text_text_color=&#8221;#000000&#8243; link_font=&#8221;||||on||||&#8221; quote_font=&#8221;tiemposregital||||||||&#8221; quote_font_size=&#8221;18px&#8221; quote_line_height=&#8221;1.3em&#8221; header_font=&#8221;tiemposfinesemibold||||||||&#8221; header_2_font=&#8221;tiemposfinesemibold|||||||#000000|&#8221; header_2_font_size=&#8221;36px&#8221; header_3_font=&#8221;tiemposfinesemibold|||||||#000000|&#8221; header_3_font_size=&#8221;36px&#8221; background_size=&#8221;initial&#8221; background_position=&#8221;top_left&#8221; background_repeat=&#8221;repeat&#8221; custom_margin=&#8221;||20px||false|false&#8221; custom_margin_tablet=&#8221;&#8221; custom_margin_phone=&#8221;||20px||false|false&#8221; custom_margin_last_edited=&#8221;on|phone&#8221; custom_padding=&#8221;|0px||0px|false|false&#8221; custom_padding_tablet=&#8221;|0px||0px|false|false&#8221; custom_padding_phone=&#8221;|25px||25px|false|false&#8221; custom_padding_last_edited=&#8221;on|phone&#8221; hover_enabled=&#8221;0&#8243; global_colors_info=&#8221;{}&#8221; sticky_enabled=&#8221;0&#8243;]<\/p>\n<h2>Brockwood Park<\/h2>\n<p>Brockwood Park si trova nell&#8217;Hampshire in Inghilterra ed era la residenza di Krishnamurti in Europa. A Brockwood si trovano la Brockwood Park School, il Centro Krishnamurti e la Fondazione.<\/p>\n<p><a href=\"https:\/\/kfoundation.org\/l\/it-brockwood\/#school\">Brockwood Park School<\/a>, fondata da Krishnamurti, \u00e8 una scuola internazionale residenziale che prevede un&#8217;educazione olistica personalizzata a circa 70 studenti di et\u00e0 compresa fra i 14 e i 19 anni. La scuola incoraggia non solo il raggiungimento dell&#8217;eccellenza accademica, ma anche la comprensione di se stessi, la creativit\u00e0 e l&#8217;integrit\u00e0.<\/p>\n<p><a href=\"https:\/\/kfoundation.org\/l\/it-brockwood\/#centre\">Il Centro Krishnamurti<\/a> \u00e8 un luogo unico, speciale, di studi e ritiri, situato nella bellissima campagna del South Downs National Park. Offre ritiri individuali e di gruppo per coloro che desiderano indagare dentro se stessi, alla luce degli insegnamenti di Krishnamurti.<\/p>\n<p>[\/et_pb_text][et_pb_button button_url=&#8221;https:\/\/kfoundation.org\/l\/it-brockwood&#8221; button_text=&#8221;SEGUE&#8221; button_alignment=&#8221;left&#8221; button_alignment_tablet=&#8221;left&#8221; button_alignment_phone=&#8221;left&#8221; button_alignment_last_edited=&#8221;on|phone&#8221; _builder_version=&#8221;4.19.5&#8243; _module_preset=&#8221;default&#8221; custom_button=&#8221;on&#8221; button_text_size=&#8221;19px&#8221; button_text_color=&#8221;#000000&#8243; button_bg_color=&#8221;RGBA(255,255,255,0)&#8221; button_border_width=&#8221;0px&#8221; button_border_color=&#8221;RGBA(255,255,255,0)&#8221; button_border_radius=&#8221;0px&#8221; button_letter_spacing=&#8221;0px&#8221; button_font=&#8221;helveticaneueconbold|||on|on||||solid&#8221; button_icon=&#8221;&#x24;||divi||400&#8243; custom_margin=&#8221;0px|0px|0px|0px|false|false&#8221; custom_margin_tablet=&#8221;30px|0px|0px|0px|false|false&#8221; custom_margin_phone=&#8221;0px|0px|0px|0px|false|false&#8221; custom_margin_last_edited=&#8221;on|phone&#8221; custom_padding=&#8221;0px|0px|0px|0px|false|false&#8221; custom_padding_tablet=&#8221;0px|0px|0px|0px|false|false&#8221; custom_padding_phone=&#8221;|||25px|false|false&#8221; custom_padding_last_edited=&#8221;on|desktop&#8221; global_colors_info=&#8221;{}&#8221;][\/et_pb_button][\/et_pb_column][\/et_pb_row][\/et_pb_section]<\/p>\n","protected":false},"excerpt":{"rendered":"<p>Fondazione Krishnamurti La Fondazione esiste per conservare e rendere disponibili le opere di Krishnamurti. Siamo un&#8217;organizzazione senza scopo di lucro con sede in Inghilterra, al servizio di coloro che si propongono di comprendere gli insegnamenti di Krishnamurti nella vita. Ci occupiamo di pubblicare libri originali, articoli e citazioni scelti, e di assicurare che Krishnamurti sia [&hellip;]<\/p>\n","protected":false},"author":1,"featured_media":0,"parent":0,"menu_order":0,"comment_status":"closed","ping_status":"closed","template":"","meta":{"give_campaign_id":0,"_et_pb_use_builder":"on","_et_pb_old_content":"","_et_gb_content_width":"","footnotes":""},"class_list":["post-56614","page","type-page","status-publish","hentry"],"yoast_head":"<!-- This site is optimized with the Yoast SEO plugin v27.4 - https:\/\/yoast.com\/product\/yoast-seo-wordpress\/ -->\n<title>Fondazione Krishnamurti \u2022 Gli Insegnamenti di Krishnamurti<\/title>\n<meta name=\"description\" content=\"Fondata nel 1968 come &#039;educational charitable trust&#039;, la Fondazione preserva e rende disponibili gli insegnamenti di Krishnamurti.\" \/>\n<meta name=\"robots\" content=\"index, follow, max-snippet:-1, max-image-preview:large, max-video-preview:-1\" \/>\n<link rel=\"canonical\" href=\"https:\/\/kfoundation.org\/l\/it\/\" \/>\n<meta property=\"og:locale\" content=\"en_GB\" \/>\n<meta property=\"og:type\" content=\"article\" \/>\n<meta property=\"og:title\" content=\"Fondazione Krishnamurti \u2022 Gli Insegnamenti di Krishnamurti\" \/>\n<meta property=\"og:description\" content=\"Fondata nel 1968 come &#039;educational charitable trust&#039;, la Fondazione preserva e rende disponibili gli insegnamenti di Krishnamurti.\" \/>\n<meta property=\"og:url\" content=\"https:\/\/kfoundation.org\/l\/it\/\" \/>\n<meta property=\"og:site_name\" content=\"Krishnamurti Foundation Trust\" \/>\n<meta property=\"article:publisher\" content=\"https:\/\/www.facebook.com\/KrishnamurtiFoundationTrust\" \/>\n<meta property=\"article:modified_time\" content=\"2023-07-11T07:24:31+00:00\" \/>\n<meta name=\"twitter:card\" content=\"summary_large_image\" \/>\n<meta name=\"twitter:site\" content=\"@K__Quotes\" \/>\n<meta name=\"twitter:label1\" content=\"Estimated reading time\" \/>\n\t<meta name=\"twitter:data1\" content=\"3 minutes\" \/>\n<script type=\"application\/ld+json\" class=\"yoast-schema-graph\">{\"@context\":\"https:\\\/\\\/schema.org\",\"@graph\":[{\"@type\":\"WebPage\",\"@id\":\"https:\\\/\\\/kfoundation.org\\\/l\\\/it\\\/\",\"url\":\"https:\\\/\\\/kfoundation.org\\\/l\\\/it\\\/\",\"name\":\"Fondazione Krishnamurti \u2022 Gli Insegnamenti di Krishnamurti\",\"isPartOf\":{\"@id\":\"https:\\\/\\\/kfoundation.org\\\/l\\\/#website\"},\"datePublished\":\"2022-10-14T14:44:14+00:00\",\"dateModified\":\"2023-07-11T07:24:31+00:00\",\"description\":\"Fondata nel 1968 come 'educational charitable trust', la Fondazione preserva e rende disponibili gli insegnamenti di Krishnamurti.\",\"breadcrumb\":{\"@id\":\"https:\\\/\\\/kfoundation.org\\\/l\\\/it\\\/#breadcrumb\"},\"inLanguage\":\"en-GB\",\"potentialAction\":[{\"@type\":\"ReadAction\",\"target\":[\"https:\\\/\\\/kfoundation.org\\\/l\\\/it\\\/\"]}]},{\"@type\":\"BreadcrumbList\",\"@id\":\"https:\\\/\\\/kfoundation.org\\\/l\\\/it\\\/#breadcrumb\",\"itemListElement\":[{\"@type\":\"ListItem\",\"position\":1,\"name\":\"Home\",\"item\":\"https:\\\/\\\/kfoundation.org\\\/l\\\/\"},{\"@type\":\"ListItem\",\"position\":2,\"name\":\"Fondazione Krishnamurti \u2022 Gli Insegnamenti di Krishnamurti\"}]},{\"@type\":\"WebSite\",\"@id\":\"https:\\\/\\\/kfoundation.org\\\/l\\\/#website\",\"url\":\"https:\\\/\\\/kfoundation.org\\\/l\\\/\",\"name\":\"Krishnamurti Foundation Trust\",\"description\":\"Preserving and Making Available Krishnamurti&#039;s Teaching\",\"publisher\":{\"@id\":\"https:\\\/\\\/kfoundation.org\\\/l\\\/#organization\"},\"potentialAction\":[{\"@type\":\"SearchAction\",\"target\":{\"@type\":\"EntryPoint\",\"urlTemplate\":\"https:\\\/\\\/kfoundation.org\\\/l\\\/?s={search_term_string}\"},\"query-input\":{\"@type\":\"PropertyValueSpecification\",\"valueRequired\":true,\"valueName\":\"search_term_string\"}}],\"inLanguage\":\"en-GB\"},{\"@type\":\"Organization\",\"@id\":\"https:\\\/\\\/kfoundation.org\\\/l\\\/#organization\",\"name\":\"Krishnamurti Foundation Trust\",\"url\":\"https:\\\/\\\/kfoundation.org\\\/l\\\/\",\"logo\":{\"@type\":\"ImageObject\",\"inLanguage\":\"en-GB\",\"@id\":\"https:\\\/\\\/kfoundation.org\\\/l\\\/#\\\/schema\\\/logo\\\/image\\\/\",\"url\":\"https:\\\/\\\/kfoundation.org\\\/l\\\/wp-content\\\/uploads\\\/2022\\\/06\\\/KFT_Logo-1.jpg\",\"contentUrl\":\"https:\\\/\\\/kfoundation.org\\\/l\\\/wp-content\\\/uploads\\\/2022\\\/06\\\/KFT_Logo-1.jpg\",\"width\":1127,\"height\":212,\"caption\":\"Krishnamurti Foundation Trust\"},\"image\":{\"@id\":\"https:\\\/\\\/kfoundation.org\\\/l\\\/#\\\/schema\\\/logo\\\/image\\\/\"},\"sameAs\":[\"https:\\\/\\\/www.facebook.com\\\/KrishnamurtiFoundationTrust\",\"https:\\\/\\\/x.com\\\/K__Quotes\",\"https:\\\/\\\/www.instagram.com\\\/krishnamurtifoundationtrust\\\/\",\"https:\\\/\\\/www.linkedin.com\\\/company\\\/krishnamurtifoundationtrust\\\/\",\"https:\\\/\\\/www.youtube.com\\\/krishnamurtifoundationtrust\"]}]}<\/script>\n<!-- \/ Yoast SEO plugin. -->","yoast_head_json":{"title":"Fondazione Krishnamurti \u2022 Gli Insegnamenti di Krishnamurti","description":"Fondata nel 1968 come 'educational charitable trust', la Fondazione preserva e rende disponibili gli insegnamenti di Krishnamurti.","robots":{"index":"index","follow":"follow","max-snippet":"max-snippet:-1","max-image-preview":"max-image-preview:large","max-video-preview":"max-video-preview:-1"},"canonical":"https:\/\/kfoundation.org\/l\/it\/","og_locale":"en_GB","og_type":"article","og_title":"Fondazione Krishnamurti \u2022 Gli Insegnamenti di Krishnamurti","og_description":"Fondata nel 1968 come 'educational charitable trust', la Fondazione preserva e rende disponibili gli insegnamenti di Krishnamurti.","og_url":"https:\/\/kfoundation.org\/l\/it\/","og_site_name":"Krishnamurti Foundation Trust","article_publisher":"https:\/\/www.facebook.com\/KrishnamurtiFoundationTrust","article_modified_time":"2023-07-11T07:24:31+00:00","twitter_card":"summary_large_image","twitter_site":"@K__Quotes","twitter_misc":{"Estimated reading time":"3 minutes"},"schema":{"@context":"https:\/\/schema.org","@graph":[{"@type":"WebPage","@id":"https:\/\/kfoundation.org\/l\/it\/","url":"https:\/\/kfoundation.org\/l\/it\/","name":"Fondazione Krishnamurti \u2022 Gli Insegnamenti di Krishnamurti","isPartOf":{"@id":"https:\/\/kfoundation.org\/l\/#website"},"datePublished":"2022-10-14T14:44:14+00:00","dateModified":"2023-07-11T07:24:31+00:00","description":"Fondata nel 1968 come 'educational charitable trust', la Fondazione preserva e rende disponibili gli insegnamenti di Krishnamurti.","breadcrumb":{"@id":"https:\/\/kfoundation.org\/l\/it\/#breadcrumb"},"inLanguage":"en-GB","potentialAction":[{"@type":"ReadAction","target":["https:\/\/kfoundation.org\/l\/it\/"]}]},{"@type":"BreadcrumbList","@id":"https:\/\/kfoundation.org\/l\/it\/#breadcrumb","itemListElement":[{"@type":"ListItem","position":1,"name":"Home","item":"https:\/\/kfoundation.org\/l\/"},{"@type":"ListItem","position":2,"name":"Fondazione Krishnamurti \u2022 Gli Insegnamenti di Krishnamurti"}]},{"@type":"WebSite","@id":"https:\/\/kfoundation.org\/l\/#website","url":"https:\/\/kfoundation.org\/l\/","name":"Krishnamurti Foundation Trust","description":"Preserving and Making Available Krishnamurti&#039;s Teaching","publisher":{"@id":"https:\/\/kfoundation.org\/l\/#organization"},"potentialAction":[{"@type":"SearchAction","target":{"@type":"EntryPoint","urlTemplate":"https:\/\/kfoundation.org\/l\/?s={search_term_string}"},"query-input":{"@type":"PropertyValueSpecification","valueRequired":true,"valueName":"search_term_string"}}],"inLanguage":"en-GB"},{"@type":"Organization","@id":"https:\/\/kfoundation.org\/l\/#organization","name":"Krishnamurti Foundation Trust","url":"https:\/\/kfoundation.org\/l\/","logo":{"@type":"ImageObject","inLanguage":"en-GB","@id":"https:\/\/kfoundation.org\/l\/#\/schema\/logo\/image\/","url":"https:\/\/kfoundation.org\/l\/wp-content\/uploads\/2022\/06\/KFT_Logo-1.jpg","contentUrl":"https:\/\/kfoundation.org\/l\/wp-content\/uploads\/2022\/06\/KFT_Logo-1.jpg","width":1127,"height":212,"caption":"Krishnamurti Foundation Trust"},"image":{"@id":"https:\/\/kfoundation.org\/l\/#\/schema\/logo\/image\/"},"sameAs":["https:\/\/www.facebook.com\/KrishnamurtiFoundationTrust","https:\/\/x.com\/K__Quotes","https:\/\/www.instagram.com\/krishnamurtifoundationtrust\/","https:\/\/www.linkedin.com\/company\/krishnamurtifoundationtrust\/","https:\/\/www.youtube.com\/krishnamurtifoundationtrust"]}]}},"campaignId":"","_links":{"self":[{"href":"https:\/\/kfoundation.org\/l\/wp-json\/wp\/v2\/pages\/56614","targetHints":{"allow":["GET"]}}],"collection":[{"href":"https:\/\/kfoundation.org\/l\/wp-json\/wp\/v2\/pages"}],"about":[{"href":"https:\/\/kfoundation.org\/l\/wp-json\/wp\/v2\/types\/page"}],"author":[{"embeddable":true,"href":"https:\/\/kfoundation.org\/l\/wp-json\/wp\/v2\/users\/1"}],"replies":[{"embeddable":true,"href":"https:\/\/kfoundation.org\/l\/wp-json\/wp\/v2\/comments?post=56614"}],"version-history":[{"count":18,"href":"https:\/\/kfoundation.org\/l\/wp-json\/wp\/v2\/pages\/56614\/revisions"}],"predecessor-version":[{"id":60502,"href":"https:\/\/kfoundation.org\/l\/wp-json\/wp\/v2\/pages\/56614\/revisions\/60502"}],"wp:attachment":[{"href":"https:\/\/kfoundation.org\/l\/wp-json\/wp\/v2\/media?parent=56614"}],"curies":[{"name":"wp","href":"https:\/\/api.w.org\/{rel}","templated":true}]}}