{"id":56659,"date":"2022-10-14T16:04:25","date_gmt":"2022-10-14T15:04:25","guid":{"rendered":"https:\/\/kfoundation.org\/l\/?page_id=56659"},"modified":"2023-06-26T10:57:16","modified_gmt":"2023-06-26T09:57:16","slug":"pt","status":"publish","type":"page","link":"https:\/\/kfoundation.org\/l\/pt\/","title":{"rendered":"Curadoria da Funda\u00e7\u00e3o Krishnamurti \u2022\u00a0Os ensinamentos de Krishnamurti"},"content":{"rendered":"<p>[et_pb_section fb_built=&#8221;1&#8243; _builder_version=&#8221;4.17.6&#8243; _module_preset=&#8221;default&#8221; custom_margin=&#8221;0px||0px||false|false&#8221; custom_padding=&#8221;0px||||false|false&#8221; global_colors_info=&#8221;{}&#8221;][et_pb_row column_structure=&#8221;1_2,1_2&#8243; use_custom_gutter=&#8221;on&#8221; gutter_width=&#8221;3&#8243; make_equal=&#8221;on&#8221; custom_padding_last_edited=&#8221;on|phone&#8221; _builder_version=&#8221;4.18.0&#8243; _module_preset=&#8221;default&#8221; background_size=&#8221;initial&#8221; background_position=&#8221;top_left&#8221; background_repeat=&#8221;repeat&#8221; width=&#8221;auto&#8221; width_tablet=&#8221;85%&#8221; width_phone=&#8221;100%&#8221; width_last_edited=&#8221;on|tablet&#8221; custom_margin=&#8221;25px||0px||false|false&#8221; custom_margin_tablet=&#8221;55px||||false|false&#8221; custom_margin_phone=&#8221;0px||0px||false|false&#8221; custom_margin_last_edited=&#8221;on|phone&#8221; custom_padding=&#8221;0px||0px||false|false&#8221; custom_padding_tablet=&#8221;0px||||false|false&#8221; custom_padding_phone=&#8221;||0px||false|false&#8221; custom_css_main_element=&#8221;align-items: center;&#8221; global_colors_info=&#8221;{}&#8221;][et_pb_column type=&#8221;1_2&#8243; _builder_version=&#8221;4.16&#8243; _module_preset=&#8221;default&#8221; custom_padding=&#8221;|||&#8221; global_colors_info=&#8221;{}&#8221; custom_padding__hover=&#8221;|||&#8221;][et_pb_image src=&#8221;https:\/\/kfoundation.org\/l\/wp-content\/uploads\/2022\/08\/Jiddu_Krishnamurti.jpg&#8221; alt=&#8221;Portrait of philosopher and teacher J. Krishnamurti&#8221; title_text=&#8221;J. Krishnamurti&#8221; align=&#8221;center&#8221; _builder_version=&#8221;4.18.0&#8243; _module_preset=&#8221;default&#8221; width_tablet=&#8221;65%&#8221; width_phone=&#8221;100%&#8221; width_last_edited=&#8221;on|tablet&#8221; max_width_tablet=&#8221;&#8221; max_width_phone=&#8221;&#8221; max_width_last_edited=&#8221;on|phone&#8221; module_alignment=&#8221;center&#8221; border_color_all=&#8221;RGBA(255,255,255,0)&#8221; global_colors_info=&#8221;{}&#8221;][\/et_pb_image][\/et_pb_column][et_pb_column type=&#8221;1_2&#8243; _builder_version=&#8221;4.16&#8243; _module_preset=&#8221;default&#8221; custom_padding=&#8221;|||&#8221; global_colors_info=&#8221;{}&#8221; custom_padding__hover=&#8221;|||&#8221;][et_pb_text _builder_version=&#8221;4.18.0&#8243; _module_preset=&#8221;default&#8221; text_font=&#8221;||||||||&#8221; text_text_color=&#8221;#000000&#8243; link_font=&#8221;||||on||||&#8221; header_font=&#8221;tiemposfinesemibold|||||||#000000|solid&#8221; header_2_font=&#8221;||||||||&#8221; header_2_font_size=&#8221;35px&#8221; background_size=&#8221;initial&#8221; background_position=&#8221;top_left&#8221; background_repeat=&#8221;repeat&#8221; width=&#8221;100%&#8221; module_alignment=&#8221;center&#8221; custom_margin=&#8221;||20px||false|false&#8221; custom_margin_tablet=&#8221;||0px||false|false&#8221; custom_margin_phone=&#8221;||0px||false|false&#8221; custom_margin_last_edited=&#8221;on|tablet&#8221; custom_padding=&#8221;||||false|false&#8221; custom_padding_tablet=&#8221;|25px||25px|false|false&#8221; custom_padding_phone=&#8221;||0px||false|false&#8221; custom_padding_last_edited=&#8221;on|phone&#8221; global_colors_info=&#8221;{}&#8221;]<\/p>\n<h1>Funda\u00e7\u00e3o Krishnamurti<\/h1>\n<p>A <a href=\"https:\/\/kfoundation.org\/l\/pt-foundation\/\">Funda\u00e7\u00e3o<\/a> existe para preservar e tornar acess\u00edvel o trabalho de Krishnamurti. Somos uma sociedade beneficente baseada no Reino Unido, disponibilizando em todo o mundo um servi\u00e7o para aqueles que buscam uma compreens\u00e3o dos ensinamentos de Krishnamurti para suas pr\u00f3prias vidas.<\/p>\n<p>Publicamos ativamente <a href=\"https:\/\/kfoundation.org\/l\/pt-krishnamurti-books\">livros aut\u00eanticos,<\/a> artigos e <a href=\"https:\/\/kfoundation.org\/l\/pt-quotes\/\">cita\u00e7\u00f5es selecionadas<\/a>, juntamente com trabalho cont\u00ednuo para assegurar que Krishnamurti seja amplamente conhecido agora e no futuro, gra\u00e7as ao nosso arquivo, <a href=\"https:\/\/kfoundation.org\/l\/pt-video\">v\u00eddeos e \u00e1udios gratuitos<\/a>, m\u00eddia social e <a href=\"https:\/\/podfollow.com\/1480713299\">projetos de podcast<\/a>.<\/p>\n<p>[\/et_pb_text][et_pb_code _builder_version=&#8221;4.17.4&#8243; _module_preset=&#8221;default&#8221; global_colors_info=&#8221;{}&#8221;][\/et_pb_code][\/et_pb_column][\/et_pb_row][et_pb_row disabled_on=&#8221;on|off|off&#8221; _builder_version=&#8221;4.17.6&#8243; _module_preset=&#8221;default&#8221; global_colors_info=&#8221;{}&#8221;][et_pb_column type=&#8221;4_4&#8243; _builder_version=&#8221;4.17.4&#8243; _module_preset=&#8221;default&#8221; global_colors_info=&#8221;{}&#8221;][et_pb_divider divider_position=&#8221;center&#8221; _builder_version=&#8221;4.17.4&#8243; _module_preset=&#8221;default&#8221; custom_margin=&#8221;0px||||false|false&#8221; custom_padding=&#8221;0px||||false|false&#8221; global_colors_info=&#8221;{}&#8221;][\/et_pb_divider][\/et_pb_column][\/et_pb_row][et_pb_row column_structure=&#8221;1_2,1_2&#8243; use_custom_gutter=&#8221;on&#8221; gutter_width=&#8221;3&#8243; _builder_version=&#8221;4.18.0&#8243; _module_preset=&#8221;default&#8221; background_size=&#8221;initial&#8221; background_position=&#8221;top_left&#8221; background_repeat=&#8221;repeat&#8221; width_tablet=&#8221;&#8221; width_phone=&#8221;100%&#8221; width_last_edited=&#8221;on|phone&#8221; custom_margin=&#8221;0px||||false|false&#8221; custom_margin_tablet=&#8221;&#8221; custom_margin_phone=&#8221;||0px||false|false&#8221; custom_margin_last_edited=&#8221;on|phone&#8221; custom_padding=&#8221;0px||0px||false|false&#8221; global_colors_info=&#8221;{}&#8221;][et_pb_column type=&#8221;1_2&#8243; _builder_version=&#8221;4.16&#8243; _module_preset=&#8221;default&#8221; custom_padding=&#8221;|||&#8221; global_colors_info=&#8221;{}&#8221; custom_padding__hover=&#8221;|||&#8221;][et_pb_divider divider_position=&#8221;center&#8221; disabled_on=&#8221;off|on|on&#8221; _builder_version=&#8221;4.17.6&#8243; _module_preset=&#8221;default&#8221; custom_margin=&#8221;0px||20px||false|false&#8221; custom_margin_tablet=&#8221;20px||||false|false&#8221; custom_margin_phone=&#8221;25px||20px||false|false&#8221; custom_margin_last_edited=&#8221;on|phone&#8221; custom_padding=&#8221;0px|25px|0px|25px|false|false&#8221; global_colors_info=&#8221;{}&#8221;][\/et_pb_divider][et_pb_text quote_border_weight=&#8221;1px&#8221; quote_border_color=&#8221;#000000&#8243; module_class=&#8221;last-quote-follow-paragraph&#8221; _builder_version=&#8221;4.18.0&#8243; _module_preset=&#8221;default&#8221; text_text_color=&#8221;#000000&#8243; link_font=&#8221;||||on||||&#8221; quote_font=&#8221;tiemposregital||||||||&#8221; quote_text_color=&#8221;#000000&#8243; quote_font_size=&#8221;18px&#8221; quote_line_height=&#8221;1.3em&#8221; header_font=&#8221;tiemposfinesemibold||||||||&#8221; header_2_font=&#8221;tiemposfinesemibold|||||||#000000|&#8221; header_2_font_size=&#8221;36px&#8221; header_3_font=&#8221;tiemposfinesemibold|||||||#000000|&#8221; header_3_font_size=&#8221;36px&#8221; background_size=&#8221;initial&#8221; background_position=&#8221;top_left&#8221; background_repeat=&#8221;repeat&#8221; custom_margin=&#8221;||20px||false|false&#8221; custom_margin_tablet=&#8221;&#8221; custom_margin_phone=&#8221;||20px||false|false&#8221; custom_margin_last_edited=&#8221;on|phone&#8221; custom_padding_tablet=&#8221;&#8221; custom_padding_phone=&#8221;|25px||25px|false|false&#8221; custom_padding_last_edited=&#8221;on|phone&#8221; global_colors_info=&#8221;{}&#8221;]<\/p>\n<h2>Krishnamurti<\/h2>\n<p>J. Krishnamurti \u00e9 amplamente considerado como um dos maiores fil\u00f3sofos e mestres de todos os tempos. Durante sete d\u00e9cadas, ele falou no mundo todo a grandes plateias e com numerosos indiv\u00edduos, inclusive escritores, cientistas, fil\u00f3sofos e educadores.<\/p>\n<p>Krishnamurti estava interessado em toda a humanidade, n\u00e3o tinha nacionalidade ou cren\u00e7a, e n\u00e3o pertencia a nenhum grupo ou cultura. Ele fundou escolas na \u00cdndia, no Reino Unido e nos Estados Unidos da Am\u00e9rica que continuam a educar para a total compreens\u00e3o da humanidade e da arte de viver. Krishnamurti enfatizava que apenas com esta profunda compreens\u00e3o podemos viver em paz: \u2018H\u00e1 esperan\u00e7a na humanidade, n\u00e3o na sociedade, n\u00e3o em sistemas, n\u00e3o em sistemas religiosos organizados, mas em voc\u00ea e em mim.\u2019<\/p>\n<p>Quest\u00f5es centrais em seus ensinamentos incluem liberdade, amor, medo e intelig\u00eancia.<\/p>\n<p>[\/et_pb_text][et_pb_button button_url=&#8221;https:\/\/kfoundation.org\/l\/pt-krishnamurti\/&#8221; button_text=&#8221;SAIBA MAIS&#8221; button_alignment=&#8221;left&#8221; button_alignment_tablet=&#8221;left&#8221; button_alignment_phone=&#8221;left&#8221; button_alignment_last_edited=&#8221;on|phone&#8221; _builder_version=&#8221;4.19.4&#8243; _module_preset=&#8221;default&#8221; custom_button=&#8221;on&#8221; button_text_size=&#8221;19px&#8221; button_text_color=&#8221;#000000&#8243; button_bg_color=&#8221;RGBA(255,255,255,0)&#8221; button_border_width=&#8221;0px&#8221; button_border_color=&#8221;RGBA(255,255,255,0)&#8221; button_border_radius=&#8221;0px&#8221; button_letter_spacing=&#8221;0px&#8221; button_font=&#8221;helveticaneueconbold|||on|on||||solid&#8221; button_icon=&#8221;&#x24;||divi||400&#8243; custom_margin=&#8221;0px|0px|0px|0px|false|false&#8221; custom_padding=&#8221;0px|0px|0px|0px|false|false&#8221; custom_padding_tablet=&#8221;0px|0px|0px|0px|false|false&#8221; custom_padding_phone=&#8221;|||25px|false|false&#8221; custom_padding_last_edited=&#8221;on|desktop&#8221; global_colors_info=&#8221;{}&#8221;][\/et_pb_button][\/et_pb_column][et_pb_column type=&#8221;1_2&#8243; _builder_version=&#8221;4.16&#8243; _module_preset=&#8221;default&#8221; custom_padding=&#8221;|||&#8221; global_colors_info=&#8221;{}&#8221; custom_padding__hover=&#8221;|||&#8221;][et_pb_divider divider_position=&#8221;center&#8221; disabled_on=&#8221;off|off|on&#8221; _builder_version=&#8221;4.17.6&#8243; _module_preset=&#8221;default&#8221; custom_margin_tablet=&#8221;&#8221; custom_margin_phone=&#8221;0px||20px||false|false&#8221; custom_margin_last_edited=&#8221;on|phone&#8221; custom_padding=&#8221;|25px|0px|25px|false|false&#8221; custom_padding_tablet=&#8221;|0px||0px|false|false&#8221; custom_padding_phone=&#8221;|25px||25px|false|false&#8221; custom_padding_last_edited=&#8221;on|tablet&#8221; global_colors_info=&#8221;{}&#8221;][\/et_pb_divider][et_pb_text quote_border_weight=&#8221;1px&#8221; quote_border_color=&#8221;#000000&#8243; _builder_version=&#8221;4.17.6&#8243; _module_preset=&#8221;default&#8221; text_text_color=&#8221;#000000&#8243; link_font=&#8221;||||on||||&#8221; quote_font=&#8221;tiemposregital||||||||&#8221; quote_font_size=&#8221;18px&#8221; quote_line_height=&#8221;1.3em&#8221; header_font=&#8221;tiemposfinesemibold||||||||&#8221; header_2_font=&#8221;tiemposfinesemibold|||||||#000000|&#8221; header_2_font_size=&#8221;36px&#8221; header_3_font=&#8221;tiemposfinesemibold|||||||#000000|&#8221; header_3_font_size=&#8221;36px&#8221; background_size=&#8221;initial&#8221; background_position=&#8221;top_left&#8221; background_repeat=&#8221;repeat&#8221; custom_margin=&#8221;||20px||false|false&#8221; custom_margin_tablet=&#8221;&#8221; custom_margin_phone=&#8221;||20px||false|false&#8221; custom_margin_last_edited=&#8221;on|phone&#8221; custom_padding=&#8221;|0px||0px|false|false&#8221; custom_padding_tablet=&#8221;|0px||0px|false|false&#8221; custom_padding_phone=&#8221;|25px||25px|false|false&#8221; custom_padding_last_edited=&#8221;on|phone&#8221; global_colors_info=&#8221;{}&#8221;]<\/p>\n<h2>Brockwood Park<\/h2>\n<p>Parque Brockwood, em Hampshire, Reino Unido, era a casa de Krishnamurti na Europa. Brockwood consiste na Escola Parque Brockwood, no Centro Krishnamurti e na Funda\u00e7\u00e3o.<\/p>\n<p>A <a href=\"https:\/\/kfoundation.org\/l\/pt-brockwood\/#school\">Escola Parque Brockwood<\/a>, fundada por Krishnamurti, \u00e9 um internato internacional que oferece educa\u00e7\u00e3o hol\u00edstica personalizada para cerca de 70 alunos, entre 14-19 anos. Ela promove excel\u00eancia acad\u00eamica, autocompreens\u00e3o, criatividade e integridade.<\/p>\n<p><a href=\"https:\/\/kfoundation.org\/l\/pt-brockwood\/#centre\">O Centro Krishnamurti<\/a> \u00e9 um retiro e centro de estudos sem igual situado na bela zona rural do Parque Nacional do Sul. Oferece retiros individuais e em grupos para aqueles que desejam investigar em si mesmos, sob a luz dos ensinamentos de Krishnamurti.<\/p>\n<p>[\/et_pb_text][et_pb_button button_url=&#8221;https:\/\/kfoundation.org\/l\/pt-brockwood&#8221; button_text=&#8221;SAIBA MAS&#8221; button_alignment=&#8221;left&#8221; button_alignment_tablet=&#8221;left&#8221; button_alignment_phone=&#8221;left&#8221; button_alignment_last_edited=&#8221;on|phone&#8221; _builder_version=&#8221;4.19.4&#8243; _module_preset=&#8221;default&#8221; custom_button=&#8221;on&#8221; button_text_size=&#8221;19px&#8221; button_text_color=&#8221;#000000&#8243; button_bg_color=&#8221;RGBA(255,255,255,0)&#8221; button_border_width=&#8221;0px&#8221; button_border_color=&#8221;RGBA(255,255,255,0)&#8221; button_border_radius=&#8221;0px&#8221; button_letter_spacing=&#8221;0px&#8221; button_font=&#8221;helveticaneueconbold|||on|on||||solid&#8221; button_icon=&#8221;&#x24;||divi||400&#8243; custom_margin=&#8221;0px|0px|0px|0px|false|false&#8221; custom_margin_tablet=&#8221;30px|0px|0px|0px|false|false&#8221; custom_margin_phone=&#8221;0px|0px|0px|0px|false|false&#8221; custom_margin_last_edited=&#8221;on|phone&#8221; custom_padding=&#8221;0px|0px|0px|0px|false|false&#8221; custom_padding_tablet=&#8221;0px|0px|0px|0px|false|false&#8221; custom_padding_phone=&#8221;|||25px|false|false&#8221; custom_padding_last_edited=&#8221;on|desktop&#8221; global_colors_info=&#8221;{}&#8221;][\/et_pb_button][\/et_pb_column][\/et_pb_row][\/et_pb_section]<\/p>\n","protected":false},"excerpt":{"rendered":"<p>Funda\u00e7\u00e3o Krishnamurti A Funda\u00e7\u00e3o existe para preservar e tornar acess\u00edvel o trabalho de Krishnamurti. Somos uma sociedade beneficente baseada no Reino Unido, disponibilizando em todo o mundo um servi\u00e7o para aqueles que buscam uma compreens\u00e3o dos ensinamentos de Krishnamurti para suas pr\u00f3prias vidas. Publicamos ativamente livros aut\u00eanticos, artigos e cita\u00e7\u00f5es selecionadas, juntamente com trabalho cont\u00ednuo [&hellip;]<\/p>\n","protected":false},"author":1,"featured_media":0,"parent":0,"menu_order":0,"comment_status":"closed","ping_status":"closed","template":"","meta":{"give_campaign_id":0,"_et_pb_use_builder":"on","_et_pb_old_content":"","_et_gb_content_width":"","footnotes":""},"class_list":["post-56659","page","type-page","status-publish","hentry"],"yoast_head":"<!-- This site is optimized with the Yoast SEO plugin v27.3 - https:\/\/yoast.com\/product\/yoast-seo-wordpress\/ -->\n<title>Curadoria da Funda\u00e7\u00e3o Krishnamurti \u2022\u00a0Os ensinamentos de Krishnamurti<\/title>\n<meta name=\"description\" content=\"Estabelecida em 1968 como uma curadoria educacional beneficente, a Funda\u00e7\u00e3o existe para preservar e tornar acess\u00edveis os ensinamentos de Krishnamurti.\" \/>\n<meta name=\"robots\" content=\"index, follow, max-snippet:-1, max-image-preview:large, max-video-preview:-1\" \/>\n<link rel=\"canonical\" href=\"https:\/\/kfoundation.org\/l\/pt\/\" \/>\n<meta property=\"og:locale\" content=\"en_GB\" \/>\n<meta property=\"og:type\" content=\"article\" \/>\n<meta property=\"og:title\" content=\"Curadoria da Funda\u00e7\u00e3o Krishnamurti \u2022\u00a0Os ensinamentos de Krishnamurti\" \/>\n<meta property=\"og:description\" content=\"Estabelecida em 1968 como uma curadoria educacional beneficente, a Funda\u00e7\u00e3o existe para preservar e tornar acess\u00edveis os ensinamentos de Krishnamurti.\" \/>\n<meta property=\"og:url\" content=\"https:\/\/kfoundation.org\/l\/pt\/\" \/>\n<meta property=\"og:site_name\" content=\"Krishnamurti Foundation Trust\" \/>\n<meta property=\"article:publisher\" content=\"https:\/\/www.facebook.com\/KrishnamurtiFoundationTrust\" \/>\n<meta property=\"article:modified_time\" content=\"2023-06-26T09:57:16+00:00\" \/>\n<meta name=\"twitter:card\" content=\"summary_large_image\" \/>\n<meta name=\"twitter:site\" content=\"@K__Quotes\" \/>\n<meta name=\"twitter:label1\" content=\"Estimated reading time\" \/>\n\t<meta name=\"twitter:data1\" content=\"3 minutes\" \/>\n<script type=\"application\/ld+json\" class=\"yoast-schema-graph\">{\"@context\":\"https:\\\/\\\/schema.org\",\"@graph\":[{\"@type\":\"WebPage\",\"@id\":\"https:\\\/\\\/kfoundation.org\\\/l\\\/pt\\\/\",\"url\":\"https:\\\/\\\/kfoundation.org\\\/l\\\/pt\\\/\",\"name\":\"Curadoria da Funda\u00e7\u00e3o Krishnamurti \u2022\u00a0Os ensinamentos de Krishnamurti\",\"isPartOf\":{\"@id\":\"https:\\\/\\\/kfoundation.org\\\/l\\\/#website\"},\"datePublished\":\"2022-10-14T15:04:25+00:00\",\"dateModified\":\"2023-06-26T09:57:16+00:00\",\"description\":\"Estabelecida em 1968 como uma curadoria educacional beneficente, a Funda\u00e7\u00e3o existe para preservar e tornar acess\u00edveis os ensinamentos de Krishnamurti.\",\"breadcrumb\":{\"@id\":\"https:\\\/\\\/kfoundation.org\\\/l\\\/pt\\\/#breadcrumb\"},\"inLanguage\":\"en-GB\",\"potentialAction\":[{\"@type\":\"ReadAction\",\"target\":[\"https:\\\/\\\/kfoundation.org\\\/l\\\/pt\\\/\"]}]},{\"@type\":\"BreadcrumbList\",\"@id\":\"https:\\\/\\\/kfoundation.org\\\/l\\\/pt\\\/#breadcrumb\",\"itemListElement\":[{\"@type\":\"ListItem\",\"position\":1,\"name\":\"Home\",\"item\":\"https:\\\/\\\/kfoundation.org\\\/l\\\/\"},{\"@type\":\"ListItem\",\"position\":2,\"name\":\"Curadoria da Funda\u00e7\u00e3o Krishnamurti \u2022\u00a0Os ensinamentos de Krishnamurti\"}]},{\"@type\":\"WebSite\",\"@id\":\"https:\\\/\\\/kfoundation.org\\\/l\\\/#website\",\"url\":\"https:\\\/\\\/kfoundation.org\\\/l\\\/\",\"name\":\"Krishnamurti Foundation Trust\",\"description\":\"Preserving and Making Available Krishnamurti&#039;s Teaching\",\"publisher\":{\"@id\":\"https:\\\/\\\/kfoundation.org\\\/l\\\/#organization\"},\"potentialAction\":[{\"@type\":\"SearchAction\",\"target\":{\"@type\":\"EntryPoint\",\"urlTemplate\":\"https:\\\/\\\/kfoundation.org\\\/l\\\/?s={search_term_string}\"},\"query-input\":{\"@type\":\"PropertyValueSpecification\",\"valueRequired\":true,\"valueName\":\"search_term_string\"}}],\"inLanguage\":\"en-GB\"},{\"@type\":\"Organization\",\"@id\":\"https:\\\/\\\/kfoundation.org\\\/l\\\/#organization\",\"name\":\"Krishnamurti Foundation Trust\",\"url\":\"https:\\\/\\\/kfoundation.org\\\/l\\\/\",\"logo\":{\"@type\":\"ImageObject\",\"inLanguage\":\"en-GB\",\"@id\":\"https:\\\/\\\/kfoundation.org\\\/l\\\/#\\\/schema\\\/logo\\\/image\\\/\",\"url\":\"https:\\\/\\\/kfoundation.org\\\/l\\\/wp-content\\\/uploads\\\/2022\\\/06\\\/KFT_Logo-1.jpg\",\"contentUrl\":\"https:\\\/\\\/kfoundation.org\\\/l\\\/wp-content\\\/uploads\\\/2022\\\/06\\\/KFT_Logo-1.jpg\",\"width\":1127,\"height\":212,\"caption\":\"Krishnamurti Foundation Trust\"},\"image\":{\"@id\":\"https:\\\/\\\/kfoundation.org\\\/l\\\/#\\\/schema\\\/logo\\\/image\\\/\"},\"sameAs\":[\"https:\\\/\\\/www.facebook.com\\\/KrishnamurtiFoundationTrust\",\"https:\\\/\\\/x.com\\\/K__Quotes\",\"https:\\\/\\\/www.instagram.com\\\/krishnamurtifoundationtrust\\\/\",\"https:\\\/\\\/www.linkedin.com\\\/company\\\/krishnamurtifoundationtrust\\\/\",\"https:\\\/\\\/www.youtube.com\\\/krishnamurtifoundationtrust\"]}]}<\/script>\n<!-- \/ Yoast SEO plugin. -->","yoast_head_json":{"title":"Curadoria da Funda\u00e7\u00e3o Krishnamurti \u2022\u00a0Os ensinamentos de Krishnamurti","description":"Estabelecida em 1968 como uma curadoria educacional beneficente, a Funda\u00e7\u00e3o existe para preservar e tornar acess\u00edveis os ensinamentos de Krishnamurti.","robots":{"index":"index","follow":"follow","max-snippet":"max-snippet:-1","max-image-preview":"max-image-preview:large","max-video-preview":"max-video-preview:-1"},"canonical":"https:\/\/kfoundation.org\/l\/pt\/","og_locale":"en_GB","og_type":"article","og_title":"Curadoria da Funda\u00e7\u00e3o Krishnamurti \u2022\u00a0Os ensinamentos de Krishnamurti","og_description":"Estabelecida em 1968 como uma curadoria educacional beneficente, a Funda\u00e7\u00e3o existe para preservar e tornar acess\u00edveis os ensinamentos de Krishnamurti.","og_url":"https:\/\/kfoundation.org\/l\/pt\/","og_site_name":"Krishnamurti Foundation Trust","article_publisher":"https:\/\/www.facebook.com\/KrishnamurtiFoundationTrust","article_modified_time":"2023-06-26T09:57:16+00:00","twitter_card":"summary_large_image","twitter_site":"@K__Quotes","twitter_misc":{"Estimated reading time":"3 minutes"},"schema":{"@context":"https:\/\/schema.org","@graph":[{"@type":"WebPage","@id":"https:\/\/kfoundation.org\/l\/pt\/","url":"https:\/\/kfoundation.org\/l\/pt\/","name":"Curadoria da Funda\u00e7\u00e3o Krishnamurti \u2022\u00a0Os ensinamentos de Krishnamurti","isPartOf":{"@id":"https:\/\/kfoundation.org\/l\/#website"},"datePublished":"2022-10-14T15:04:25+00:00","dateModified":"2023-06-26T09:57:16+00:00","description":"Estabelecida em 1968 como uma curadoria educacional beneficente, a Funda\u00e7\u00e3o existe para preservar e tornar acess\u00edveis os ensinamentos de Krishnamurti.","breadcrumb":{"@id":"https:\/\/kfoundation.org\/l\/pt\/#breadcrumb"},"inLanguage":"en-GB","potentialAction":[{"@type":"ReadAction","target":["https:\/\/kfoundation.org\/l\/pt\/"]}]},{"@type":"BreadcrumbList","@id":"https:\/\/kfoundation.org\/l\/pt\/#breadcrumb","itemListElement":[{"@type":"ListItem","position":1,"name":"Home","item":"https:\/\/kfoundation.org\/l\/"},{"@type":"ListItem","position":2,"name":"Curadoria da Funda\u00e7\u00e3o Krishnamurti \u2022\u00a0Os ensinamentos de Krishnamurti"}]},{"@type":"WebSite","@id":"https:\/\/kfoundation.org\/l\/#website","url":"https:\/\/kfoundation.org\/l\/","name":"Krishnamurti Foundation Trust","description":"Preserving and Making Available Krishnamurti&#039;s Teaching","publisher":{"@id":"https:\/\/kfoundation.org\/l\/#organization"},"potentialAction":[{"@type":"SearchAction","target":{"@type":"EntryPoint","urlTemplate":"https:\/\/kfoundation.org\/l\/?s={search_term_string}"},"query-input":{"@type":"PropertyValueSpecification","valueRequired":true,"valueName":"search_term_string"}}],"inLanguage":"en-GB"},{"@type":"Organization","@id":"https:\/\/kfoundation.org\/l\/#organization","name":"Krishnamurti Foundation Trust","url":"https:\/\/kfoundation.org\/l\/","logo":{"@type":"ImageObject","inLanguage":"en-GB","@id":"https:\/\/kfoundation.org\/l\/#\/schema\/logo\/image\/","url":"https:\/\/kfoundation.org\/l\/wp-content\/uploads\/2022\/06\/KFT_Logo-1.jpg","contentUrl":"https:\/\/kfoundation.org\/l\/wp-content\/uploads\/2022\/06\/KFT_Logo-1.jpg","width":1127,"height":212,"caption":"Krishnamurti Foundation Trust"},"image":{"@id":"https:\/\/kfoundation.org\/l\/#\/schema\/logo\/image\/"},"sameAs":["https:\/\/www.facebook.com\/KrishnamurtiFoundationTrust","https:\/\/x.com\/K__Quotes","https:\/\/www.instagram.com\/krishnamurtifoundationtrust\/","https:\/\/www.linkedin.com\/company\/krishnamurtifoundationtrust\/","https:\/\/www.youtube.com\/krishnamurtifoundationtrust"]}]}},"campaignId":"","_links":{"self":[{"href":"https:\/\/kfoundation.org\/l\/wp-json\/wp\/v2\/pages\/56659","targetHints":{"allow":["GET"]}}],"collection":[{"href":"https:\/\/kfoundation.org\/l\/wp-json\/wp\/v2\/pages"}],"about":[{"href":"https:\/\/kfoundation.org\/l\/wp-json\/wp\/v2\/types\/page"}],"author":[{"embeddable":true,"href":"https:\/\/kfoundation.org\/l\/wp-json\/wp\/v2\/users\/1"}],"replies":[{"embeddable":true,"href":"https:\/\/kfoundation.org\/l\/wp-json\/wp\/v2\/comments?post=56659"}],"version-history":[{"count":11,"href":"https:\/\/kfoundation.org\/l\/wp-json\/wp\/v2\/pages\/56659\/revisions"}],"predecessor-version":[{"id":60372,"href":"https:\/\/kfoundation.org\/l\/wp-json\/wp\/v2\/pages\/56659\/revisions\/60372"}],"wp:attachment":[{"href":"https:\/\/kfoundation.org\/l\/wp-json\/wp\/v2\/media?parent=56659"}],"curies":[{"name":"wp","href":"https:\/\/api.w.org\/{rel}","templated":true}]}}