{"id":56660,"date":"2022-10-14T16:05:04","date_gmt":"2022-10-14T15:05:04","guid":{"rendered":"https:\/\/kfoundation.org\/l\/?page_id=56660"},"modified":"2023-02-11T16:01:14","modified_gmt":"2023-02-11T16:01:14","slug":"pt-krishnamurti","status":"publish","type":"page","link":"https:\/\/kfoundation.org\/l\/pt-krishnamurti\/","title":{"rendered":"Curadoria da Funda\u00e7\u00e3o Krishnamurti \u2022 Os ensinamentos de Krishnamurti"},"content":{"rendered":"\n[et_pb_section fb_built=&#8221;1&#8243; _builder_version=&#8221;4.17.6&#8243; _module_preset=&#8221;default&#8221; custom_margin=&#8221;0px||40px||false|false&#8221; custom_padding=&#8221;0px||0px||false|false&#8221; global_colors_info=&#8221;{}&#8221;][et_pb_row column_structure=&#8221;1_2,1_2&#8243; _builder_version=&#8221;4.17.6&#8243; _module_preset=&#8221;default&#8221; background_size=&#8221;initial&#8221; background_position=&#8221;top_left&#8221; background_repeat=&#8221;repeat&#8221; width_tablet=&#8221;&#8221; width_phone=&#8221;100%&#8221; width_last_edited=&#8221;on|phone&#8221; custom_margin=&#8221;25px||||false|false&#8221; custom_margin_tablet=&#8221;&#8221; custom_margin_phone=&#8221;0px||0px||false|false&#8221; custom_margin_last_edited=&#8221;on|phone&#8221; custom_padding=&#8221;0px||0px||false|false&#8221; global_colors_info=&#8221;{}&#8221;][et_pb_column type=&#8221;1_2&#8243; _builder_version=&#8221;4.16&#8243; _module_preset=&#8221;default&#8221; custom_padding=&#8221;|||&#8221; global_colors_info=&#8221;{}&#8221; custom_padding__hover=&#8221;|||&#8221;][et_pb_image src=&#8221;https:\/\/kfoundation.org\/l\/wp-content\/uploads\/2022\/07\/black-and-white-photograph-of-j-krishnamurti.jpg&#8221; title_text=&#8221;black-and-white-photograph-of-j-krishnamurti&#8221; url=&#8221;https:\/\/kfoundation.org\/l\/pt-introduction-to-krishnamurti&#8221; _builder_version=&#8221;4.19.4&#8243; _module_preset=&#8221;default&#8221; hover_enabled=&#8221;0&#8243; global_colors_info=&#8221;{}&#8221; sticky_enabled=&#8221;0&#8243;][\/et_pb_image][et_pb_text quote_border_weight=&#8221;1px&#8221; quote_border_color=&#8221;#000000&#8243; _builder_version=&#8221;4.17.6&#8243; _module_preset=&#8221;default&#8221; text_text_color=&#8221;#000000&#8243; link_font=&#8221;||||on||||&#8221; quote_font=&#8221;tiemposregital||||||||&#8221; quote_text_color=&#8221;#000000&#8243; quote_font_size=&#8221;18px&#8221; quote_line_height=&#8221;1.3em&#8221; header_font=&#8221;tiemposfinesemibold||||||||&#8221; header_2_font=&#8221;tiemposfinesemibold|||||||#000000|&#8221; header_2_font_size=&#8221;36px&#8221; header_3_font=&#8221;tiemposfinesemibold|||||||#000000|&#8221; header_3_font_size=&#8221;36px&#8221; background_size=&#8221;initial&#8221; background_position=&#8221;top_left&#8221; background_repeat=&#8221;repeat&#8221; custom_margin=&#8221;||20px||false|false&#8221; custom_margin_tablet=&#8221;&#8221; custom_margin_phone=&#8221;||20px||false|false&#8221; custom_margin_last_edited=&#8221;on|phone&#8221; custom_padding_tablet=&#8221;&#8221; custom_padding_phone=&#8221;|25px||25px|false|false&#8221; custom_padding_last_edited=&#8221;on|phone&#8221; global_colors_info=&#8221;{}&#8221;]<h2>Introdu\u00e7\u00e3o a Krishnamurti<\/h2>\n<p>J. Krishnamurti \u00e9 considerado um dos maiores fil\u00f3sofos e mestres de todos os tempos, seu trabalho influenciou grandes figuras como George Bernard Shaw, David Bohm, Alan Watts, Henry Miller, Bruce Lee, Jackson Pollock e Aldous Huxley. Mas Krishnamurti permanece um enigma, com uma humildade in\u00e9dita em nossa \u00e9poca, ele insistia que era totalmente desimportante como pessoa. Aqui apresentamos um artigo para aqueles que desejam descobrir mais sobre Krishnamurti e seus ensinamentos juntamente com <a href=\"https:\/\/kfoundation.org\/l\/pt-krishnamurti-biography\">uma biografia<\/a>.<\/p>[\/et_pb_text][et_pb_button button_url=&#8221;https:\/\/kfoundation.org\/l\/pt-introduction-to-krishnamurti&#8221; button_text=&#8221;A INTRODU\u00c7\u00c3O&#8221; button_alignment=&#8221;left&#8221; button_alignment_tablet=&#8221;left&#8221; button_alignment_phone=&#8221;left&#8221; button_alignment_last_edited=&#8221;on|phone&#8221; _builder_version=&#8221;4.19.4&#8243; _module_preset=&#8221;default&#8221; custom_button=&#8221;on&#8221; button_text_size=&#8221;19px&#8221; button_text_color=&#8221;#000000&#8243; button_bg_color=&#8221;RGBA(255,255,255,0)&#8221; button_border_width=&#8221;0px&#8221; button_border_color=&#8221;RGBA(255,255,255,0)&#8221; button_border_radius=&#8221;0px&#8221; button_letter_spacing=&#8221;0px&#8221; button_font=&#8221;helveticaneueconbold|||on|on||||solid&#8221; button_icon=&#8221;&#x24;||divi||400&#8243; custom_margin=&#8221;0px|0px|0px|0px|false|false&#8221; custom_padding=&#8221;0px|0px|0px|0px|false|false&#8221; custom_padding_tablet=&#8221;0px|0px|0px|0px|false|false&#8221; custom_padding_phone=&#8221;|||25px|false|false&#8221; custom_padding_last_edited=&#8221;on|desktop&#8221; hover_enabled=&#8221;0&#8243; global_colors_info=&#8221;{}&#8221; sticky_enabled=&#8221;0&#8243;][\/et_pb_button][\/et_pb_column][et_pb_column type=&#8221;1_2&#8243; _builder_version=&#8221;4.16&#8243; _module_preset=&#8221;default&#8221; custom_padding=&#8221;|||&#8221; global_colors_info=&#8221;{}&#8221; custom_padding__hover=&#8221;|||&#8221;][et_pb_image src=&#8221;https:\/\/kfoundation.org\/l\/wp-content\/uploads\/2022\/07\/black-and-white-photo-of-j-krishnamurti-looking-up-towards-the-camera-with-white-background.jpg&#8221; title_text=&#8221;black-and-white-photo-of-j-krishnamurti-looking-up-towards-the-camera-with-white-background&#8221; _builder_version=&#8221;4.19.4&#8243; _module_preset=&#8221;default&#8221; hover_enabled=&#8221;0&#8243; global_colors_info=&#8221;{}&#8221; sticky_enabled=&#8221;0&#8243;][\/et_pb_image][et_pb_text quote_border_weight=&#8221;1px&#8221; quote_border_color=&#8221;#000000&#8243; _builder_version=&#8221;4.17.6&#8243; _module_preset=&#8221;default&#8221; text_text_color=&#8221;#000000&#8243; link_font=&#8221;||||on|||#000000|&#8221; quote_font=&#8221;tiemposregital||||||||&#8221; quote_font_size=&#8221;18px&#8221; quote_line_height=&#8221;1.3em&#8221; header_font=&#8221;tiemposfinesemibold||||||||&#8221; header_2_font=&#8221;tiemposfinesemibold|||||||#000000|&#8221; header_2_font_size=&#8221;36px&#8221; header_3_font=&#8221;tiemposfinesemibold|||||||#000000|&#8221; header_3_font_size=&#8221;36px&#8221; background_size=&#8221;initial&#8221; background_position=&#8221;top_left&#8221; background_repeat=&#8221;repeat&#8221; custom_margin=&#8221;||20px||false|false&#8221; custom_margin_tablet=&#8221;&#8221; custom_margin_phone=&#8221;||20px||false|false&#8221; custom_margin_last_edited=&#8221;on|phone&#8221; custom_padding=&#8221;|0px||0px|false|false&#8221; custom_padding_tablet=&#8221;|0px||0px|false|false&#8221; custom_padding_phone=&#8221;|25px||25px|false|false&#8221; custom_padding_last_edited=&#8221;on|phone&#8221; inline_fonts=&#8221;neuehaasunicapro-it&#8221; global_colors_info=&#8221;{}&#8221;]<h2>Ensinamentos de Krishnamurti<\/h2>\n<p>Os trabalhos de Krishnamurti s\u00e3o amplos: al\u00e9m de seus textos, ele proferiu palestras p\u00fablicas durante sete d\u00e9cadas, junto com discuss\u00f5es individuais e em grupos com cientistas, educadores, professores, terapeutas e estudantes, a maioria delas registradas em textos, sob a forma de \u00e1udio ou v\u00eddeo. Fazemos curadoria de material para tornar os ensinamentos de Krishnamurti acess\u00edveis sob a forma de artigos, <a href=\"https:\/\/kfoundation.org\/l\/nl-krishnamurti-bookshttps:\/\/kfoundation.org\/l\/pt-krishnamurti-books\" style=\"box-sizing: border-box; text-decoration: underline; margin: 0px; padding: 0px; border: 0px; outline: 0px; font-size: 19px; vertical-align: baseline; background-color: transparent; color: #020000; font-family: helveticaneueconbold, Georgia, 'Times New Roman', serif; text-transform: uppercase; text-decoration-color: #000000; font-style: normal; font-variant-caps: normal; font-weight: 500; letter-spacing: normal; orphans: auto; text-align: left; text-indent: 0px; white-space: normal; widows: auto; word-spacing: 0px; -webkit-text-size-adjust: auto; -webkit-text-stroke-width: 0px;\">livros<\/a> selecionados, t\u00f3picos chave, \u00edndice inclusivo, <a href=\"https:\/\/kfoundation.org\/l\/nl-krishnamurti-bookshttps:\/\/kfoundation.org\/l\/pt-quotes\" style=\"box-sizing: border-box; text-decoration: underline; margin: 0px; padding: 0px; border: 0px; outline: 0px; font-size: 19px; vertical-align: baseline; background-color: transparent; color: #020000; font-family: helveticaneueconbold, Georgia, 'Times New Roman', serif; text-transform: uppercase; text-decoration-color: #000000; font-style: normal; font-variant-caps: normal; font-weight: 500; letter-spacing: normal; orphans: auto; text-align: left; text-indent: 0px; white-space: normal; widows: auto; word-spacing: 0px; -webkit-text-size-adjust: auto; -webkit-text-stroke-width: 0px;\">cita\u00e7\u00f5es<\/a>, juntamente com centenas de grava\u00e7\u00f5es de <a href=\"https:\/\/kfoundation.org\/l\/nl-krishnamurti-bookshttps:\/\/kfoundation.org\/l\/pt-video\" style=\"box-sizing: border-box; text-decoration: underline; margin: 0px; padding: 0px; border: 0px; outline: 0px; font-size: 19px; vertical-align: baseline; background-color: transparent; color: #020000; font-family: helveticaneueconbold, Georgia, 'Times New Roman', serif; text-transform: uppercase; text-decoration-color: #000000; font-style: normal; font-variant-caps: normal; font-weight: 500; letter-spacing: normal; orphans: auto; text-align: left; text-indent: 0px; white-space: normal; widows: auto; word-spacing: 0px; -webkit-text-size-adjust: auto; -webkit-text-stroke-width: 0px;\">\u00e1udio e v\u00eddeo<\/a>, completas ou resumidas, e nosso podcast Urg\u00eancia de Transforma\u00e7\u00e3o.<\/p>[\/et_pb_text][\/et_pb_column][\/et_pb_row][\/et_pb_section]\n","protected":false},"excerpt":{"rendered":"<p>Introdu\u00e7\u00e3o a Krishnamurti J. Krishnamurti \u00e9 considerado um dos maiores fil\u00f3sofos e mestres de todos os tempos, seu trabalho influenciou grandes figuras como George Bernard Shaw, David Bohm, Alan Watts, Henry Miller, Bruce Lee, Jackson Pollock e Aldous Huxley. Mas Krishnamurti permanece um enigma, com uma humildade in\u00e9dita em nossa \u00e9poca, ele insistia que era [&hellip;]<\/p>\n","protected":false},"author":1,"featured_media":0,"parent":0,"menu_order":0,"comment_status":"closed","ping_status":"closed","template":"","meta":{"give_campaign_id":0,"_et_pb_use_builder":"on","_et_pb_old_content":"","_et_gb_content_width":"","footnotes":""},"class_list":["post-56660","page","type-page","status-publish","hentry"],"yoast_head":"<!-- This site is optimized with the Yoast SEO plugin v27.4 - https:\/\/yoast.com\/product\/yoast-seo-wordpress\/ -->\n<title>Curadoria da Funda\u00e7\u00e3o Krishnamurti \u2022\u00a0Os ensinamentos de Krishnamurti<\/title>\n<meta name=\"description\" content=\"Estabelecida em 1968 como uma curadoria educacional beneficente, a Funda\u00e7\u00e3o existe para preservar e tornar acess\u00edveis os ensinamentos de Krishnamurti.\" \/>\n<meta name=\"robots\" content=\"index, follow, max-snippet:-1, max-image-preview:large, max-video-preview:-1\" \/>\n<link rel=\"canonical\" href=\"https:\/\/kfoundation.org\/l\/pt-krishnamurti\/\" \/>\n<meta property=\"og:locale\" content=\"en_GB\" \/>\n<meta property=\"og:type\" content=\"article\" \/>\n<meta property=\"og:title\" content=\"Curadoria da Funda\u00e7\u00e3o Krishnamurti \u2022\u00a0Os ensinamentos de Krishnamurti\" \/>\n<meta property=\"og:description\" content=\"Estabelecida em 1968 como uma curadoria educacional beneficente, a Funda\u00e7\u00e3o existe para preservar e tornar acess\u00edveis os ensinamentos de Krishnamurti.\" \/>\n<meta property=\"og:url\" content=\"https:\/\/kfoundation.org\/l\/pt-krishnamurti\/\" \/>\n<meta property=\"og:site_name\" content=\"Krishnamurti Foundation Trust\" \/>\n<meta property=\"article:publisher\" content=\"https:\/\/www.facebook.com\/KrishnamurtiFoundationTrust\" \/>\n<meta property=\"article:modified_time\" content=\"2023-02-11T16:01:14+00:00\" \/>\n<meta name=\"twitter:card\" content=\"summary_large_image\" \/>\n<meta name=\"twitter:site\" content=\"@K__Quotes\" \/>\n<meta name=\"twitter:label1\" content=\"Estimated reading time\" \/>\n\t<meta name=\"twitter:data1\" content=\"2 minutes\" \/>\n<script type=\"application\/ld+json\" class=\"yoast-schema-graph\">{\"@context\":\"https:\\\/\\\/schema.org\",\"@graph\":[{\"@type\":\"WebPage\",\"@id\":\"https:\\\/\\\/kfoundation.org\\\/l\\\/pt-krishnamurti\\\/\",\"url\":\"https:\\\/\\\/kfoundation.org\\\/l\\\/pt-krishnamurti\\\/\",\"name\":\"Curadoria da Funda\u00e7\u00e3o Krishnamurti \u2022\u00a0Os ensinamentos de Krishnamurti\",\"isPartOf\":{\"@id\":\"https:\\\/\\\/kfoundation.org\\\/l\\\/#website\"},\"datePublished\":\"2022-10-14T15:05:04+00:00\",\"dateModified\":\"2023-02-11T16:01:14+00:00\",\"description\":\"Estabelecida em 1968 como uma curadoria educacional beneficente, a Funda\u00e7\u00e3o existe para preservar e tornar acess\u00edveis os ensinamentos de Krishnamurti.\",\"breadcrumb\":{\"@id\":\"https:\\\/\\\/kfoundation.org\\\/l\\\/pt-krishnamurti\\\/#breadcrumb\"},\"inLanguage\":\"en-GB\",\"potentialAction\":[{\"@type\":\"ReadAction\",\"target\":[\"https:\\\/\\\/kfoundation.org\\\/l\\\/pt-krishnamurti\\\/\"]}]},{\"@type\":\"BreadcrumbList\",\"@id\":\"https:\\\/\\\/kfoundation.org\\\/l\\\/pt-krishnamurti\\\/#breadcrumb\",\"itemListElement\":[{\"@type\":\"ListItem\",\"position\":1,\"name\":\"Home\",\"item\":\"https:\\\/\\\/kfoundation.org\\\/l\\\/\"},{\"@type\":\"ListItem\",\"position\":2,\"name\":\"Curadoria da Funda\u00e7\u00e3o Krishnamurti \u2022 Os ensinamentos de Krishnamurti\"}]},{\"@type\":\"WebSite\",\"@id\":\"https:\\\/\\\/kfoundation.org\\\/l\\\/#website\",\"url\":\"https:\\\/\\\/kfoundation.org\\\/l\\\/\",\"name\":\"Krishnamurti Foundation Trust\",\"description\":\"Preserving and Making Available Krishnamurti&#039;s Teaching\",\"publisher\":{\"@id\":\"https:\\\/\\\/kfoundation.org\\\/l\\\/#organization\"},\"potentialAction\":[{\"@type\":\"SearchAction\",\"target\":{\"@type\":\"EntryPoint\",\"urlTemplate\":\"https:\\\/\\\/kfoundation.org\\\/l\\\/?s={search_term_string}\"},\"query-input\":{\"@type\":\"PropertyValueSpecification\",\"valueRequired\":true,\"valueName\":\"search_term_string\"}}],\"inLanguage\":\"en-GB\"},{\"@type\":\"Organization\",\"@id\":\"https:\\\/\\\/kfoundation.org\\\/l\\\/#organization\",\"name\":\"Krishnamurti Foundation Trust\",\"url\":\"https:\\\/\\\/kfoundation.org\\\/l\\\/\",\"logo\":{\"@type\":\"ImageObject\",\"inLanguage\":\"en-GB\",\"@id\":\"https:\\\/\\\/kfoundation.org\\\/l\\\/#\\\/schema\\\/logo\\\/image\\\/\",\"url\":\"https:\\\/\\\/kfoundation.org\\\/l\\\/wp-content\\\/uploads\\\/2022\\\/06\\\/KFT_Logo-1.jpg\",\"contentUrl\":\"https:\\\/\\\/kfoundation.org\\\/l\\\/wp-content\\\/uploads\\\/2022\\\/06\\\/KFT_Logo-1.jpg\",\"width\":1127,\"height\":212,\"caption\":\"Krishnamurti Foundation Trust\"},\"image\":{\"@id\":\"https:\\\/\\\/kfoundation.org\\\/l\\\/#\\\/schema\\\/logo\\\/image\\\/\"},\"sameAs\":[\"https:\\\/\\\/www.facebook.com\\\/KrishnamurtiFoundationTrust\",\"https:\\\/\\\/x.com\\\/K__Quotes\",\"https:\\\/\\\/www.instagram.com\\\/krishnamurtifoundationtrust\\\/\",\"https:\\\/\\\/www.linkedin.com\\\/company\\\/krishnamurtifoundationtrust\\\/\",\"https:\\\/\\\/www.youtube.com\\\/krishnamurtifoundationtrust\"]}]}<\/script>\n<!-- \/ Yoast SEO plugin. -->","yoast_head_json":{"title":"Curadoria da Funda\u00e7\u00e3o Krishnamurti \u2022\u00a0Os ensinamentos de Krishnamurti","description":"Estabelecida em 1968 como uma curadoria educacional beneficente, a Funda\u00e7\u00e3o existe para preservar e tornar acess\u00edveis os ensinamentos de Krishnamurti.","robots":{"index":"index","follow":"follow","max-snippet":"max-snippet:-1","max-image-preview":"max-image-preview:large","max-video-preview":"max-video-preview:-1"},"canonical":"https:\/\/kfoundation.org\/l\/pt-krishnamurti\/","og_locale":"en_GB","og_type":"article","og_title":"Curadoria da Funda\u00e7\u00e3o Krishnamurti \u2022\u00a0Os ensinamentos de Krishnamurti","og_description":"Estabelecida em 1968 como uma curadoria educacional beneficente, a Funda\u00e7\u00e3o existe para preservar e tornar acess\u00edveis os ensinamentos de Krishnamurti.","og_url":"https:\/\/kfoundation.org\/l\/pt-krishnamurti\/","og_site_name":"Krishnamurti Foundation Trust","article_publisher":"https:\/\/www.facebook.com\/KrishnamurtiFoundationTrust","article_modified_time":"2023-02-11T16:01:14+00:00","twitter_card":"summary_large_image","twitter_site":"@K__Quotes","twitter_misc":{"Estimated reading time":"2 minutes"},"schema":{"@context":"https:\/\/schema.org","@graph":[{"@type":"WebPage","@id":"https:\/\/kfoundation.org\/l\/pt-krishnamurti\/","url":"https:\/\/kfoundation.org\/l\/pt-krishnamurti\/","name":"Curadoria da Funda\u00e7\u00e3o Krishnamurti \u2022\u00a0Os ensinamentos de Krishnamurti","isPartOf":{"@id":"https:\/\/kfoundation.org\/l\/#website"},"datePublished":"2022-10-14T15:05:04+00:00","dateModified":"2023-02-11T16:01:14+00:00","description":"Estabelecida em 1968 como uma curadoria educacional beneficente, a Funda\u00e7\u00e3o existe para preservar e tornar acess\u00edveis os ensinamentos de Krishnamurti.","breadcrumb":{"@id":"https:\/\/kfoundation.org\/l\/pt-krishnamurti\/#breadcrumb"},"inLanguage":"en-GB","potentialAction":[{"@type":"ReadAction","target":["https:\/\/kfoundation.org\/l\/pt-krishnamurti\/"]}]},{"@type":"BreadcrumbList","@id":"https:\/\/kfoundation.org\/l\/pt-krishnamurti\/#breadcrumb","itemListElement":[{"@type":"ListItem","position":1,"name":"Home","item":"https:\/\/kfoundation.org\/l\/"},{"@type":"ListItem","position":2,"name":"Curadoria da Funda\u00e7\u00e3o Krishnamurti \u2022 Os ensinamentos de Krishnamurti"}]},{"@type":"WebSite","@id":"https:\/\/kfoundation.org\/l\/#website","url":"https:\/\/kfoundation.org\/l\/","name":"Krishnamurti Foundation Trust","description":"Preserving and Making Available Krishnamurti&#039;s Teaching","publisher":{"@id":"https:\/\/kfoundation.org\/l\/#organization"},"potentialAction":[{"@type":"SearchAction","target":{"@type":"EntryPoint","urlTemplate":"https:\/\/kfoundation.org\/l\/?s={search_term_string}"},"query-input":{"@type":"PropertyValueSpecification","valueRequired":true,"valueName":"search_term_string"}}],"inLanguage":"en-GB"},{"@type":"Organization","@id":"https:\/\/kfoundation.org\/l\/#organization","name":"Krishnamurti Foundation Trust","url":"https:\/\/kfoundation.org\/l\/","logo":{"@type":"ImageObject","inLanguage":"en-GB","@id":"https:\/\/kfoundation.org\/l\/#\/schema\/logo\/image\/","url":"https:\/\/kfoundation.org\/l\/wp-content\/uploads\/2022\/06\/KFT_Logo-1.jpg","contentUrl":"https:\/\/kfoundation.org\/l\/wp-content\/uploads\/2022\/06\/KFT_Logo-1.jpg","width":1127,"height":212,"caption":"Krishnamurti Foundation Trust"},"image":{"@id":"https:\/\/kfoundation.org\/l\/#\/schema\/logo\/image\/"},"sameAs":["https:\/\/www.facebook.com\/KrishnamurtiFoundationTrust","https:\/\/x.com\/K__Quotes","https:\/\/www.instagram.com\/krishnamurtifoundationtrust\/","https:\/\/www.linkedin.com\/company\/krishnamurtifoundationtrust\/","https:\/\/www.youtube.com\/krishnamurtifoundationtrust"]}]}},"campaignId":"","_links":{"self":[{"href":"https:\/\/kfoundation.org\/l\/wp-json\/wp\/v2\/pages\/56660","targetHints":{"allow":["GET"]}}],"collection":[{"href":"https:\/\/kfoundation.org\/l\/wp-json\/wp\/v2\/pages"}],"about":[{"href":"https:\/\/kfoundation.org\/l\/wp-json\/wp\/v2\/types\/page"}],"author":[{"embeddable":true,"href":"https:\/\/kfoundation.org\/l\/wp-json\/wp\/v2\/users\/1"}],"replies":[{"embeddable":true,"href":"https:\/\/kfoundation.org\/l\/wp-json\/wp\/v2\/comments?post=56660"}],"version-history":[{"count":11,"href":"https:\/\/kfoundation.org\/l\/wp-json\/wp\/v2\/pages\/56660\/revisions"}],"predecessor-version":[{"id":59838,"href":"https:\/\/kfoundation.org\/l\/wp-json\/wp\/v2\/pages\/56660\/revisions\/59838"}],"wp:attachment":[{"href":"https:\/\/kfoundation.org\/l\/wp-json\/wp\/v2\/media?parent=56660"}],"curies":[{"name":"wp","href":"https:\/\/api.w.org\/{rel}","templated":true}]}}